{"id":2899,"date":"2015-08-17T15:11:02","date_gmt":"2015-08-17T13:11:02","guid":{"rendered":"http:\/\/tsvschott.de\/fussball\/?page_id=2899"},"modified":"2022-10-13T12:46:46","modified_gmt":"2022-10-13T10:46:46","slug":"start-statisch","status":"publish","type":"page","link":"https:\/\/tsvschott.de\/taekwondo\/","title":{"rendered":"Herzlich Willkommen in der Tae-Kwon-Do-Abteilung!"},"content":{"rendered":"<div class=\"wpb-content-wrapper\"><p>[vc_row][vc_column width=&#8220;2\/3&#8243;][vc_column_text]Liebe Sportlerin und lieber Sportler,<\/p>\n<p>der Grundgedanke des Tae-Kwon-Do ist die waffenlose Selbstverteidigung durch Einsatz des eigenen K\u00f6rpers. Das Mutterland dieser besonderen Kampfsportart ist Korea. Der Faszination dieser dynamischen Sportart kann sich kaum jemand entziehen, der einmal mit dem Training begonnen hat. Gleich welcher Altersgruppe: von der 1. Schulklasse bis \u00fcber das hohe Alter hinaus &#8211; jeder ist in der Lage, Tae-Kwon-Do zu betreiben.<\/p>\n<p>Gerade zum Abbau von Stress ist Tae-Kwon-Do eine geeignete Sportart.<\/p>\n<p>Die Anforderung an Ausdauer, Kraft, Schnelligkeit und Flexibilit\u00e4t von Geist und K\u00f6rper wird gleicherma\u00dfen gef\u00f6rdert. Neben der k\u00f6rperlichen Erfahrung der eigenen Physis spielen gerade beim Tae-Kwon-Do die mentalen Aspekte eine wesentliche Rolle. Der Selbsterfahrungswert und seine \u00dcbertragung in den Lebensalltag ist sehr hoch. Dabei ist es nebens\u00e4chlich, ob Tae-Kwon-Do zur Fitness, zum Wettkampf oder Selbstverteidigung betrieben wird.<\/p>\n<p>Kampfkunst ist eine Methode zur Kr\u00e4ftigung des gesamten Organismus.<\/p>\n<p>Ihre Besonderheit liegt darin, dass Geist, K\u00f6rper und Atmung des Menschen aktiv miteinander verbunden werden. Auf diese Weise werden Energiefluss, Nervensystem, Organe, Muskeln und Sehnen trainiert. Man beugt dadurch Krankheiten vor, st\u00e4rkt die Abwehrkr\u00e4fte und verbessert die Vitalit\u00e4t.<\/p>\n<p><strong>M\u00f6chtest du mehr \u00fcber Tae-Kwon-Do erfahren?<\/strong><br \/>\nDann folge dem Link <a href=\"\/taekwondo\/taekwondo\/\">Was ist Tae-Kwon-Do<\/a>.<\/p>\n<p><strong>Haben wir dein Interesse geweckt?<\/strong><br \/>\nDann komm gerne ohne Anmeldung bei uns vorbei und mach ein oder zwei <a href=\"\/taekwondo\/trainingszeiten\">Probetrainings<\/a> mit.[\/vc_column_text][\/vc_column][vc_column width=&#8220;1\/3&#8243;][vc_column_text]<\/p>\n<h3>Abteilungsleitung<\/h3>\n<hr \/>\n<p><strong>1. Vorsitzender:<\/strong> Horst Sperling<br \/>\nTel: 0178\/5978743<br \/>\nE-Mail: <a href=\"mailto:horst.sperling@online.de\">horst.sperling@online.de<\/a>[\/vc_column_text][vc_empty_space height=&#8220;24px&#8220;][vc_column_text]<\/p>\n<h3>Galerie<\/h3>\n<hr \/>\n<p>[\/vc_column_text][vc_media_grid grid_id=&#8220;vc_gid:1665657989945-aa14d871-e501-1&#8243; include=&#8220;3022,3021,3020,3019,3018,3017&#8243;][vc_column_text][\/vc_column_text][\/vc_column][\/vc_row]<\/p>\n<\/div>","protected":false},"excerpt":{"rendered":"<p>[vc_row][vc_column width=&#8220;2\/3&#8243;][vc_column_text]Liebe Sportlerin und lieber Sportler, der Grundgedanke des Tae-Kwon-Do ist die waffenlose Selbstverteidigung durch Einsatz des eigenen K\u00f6rpers. Das Mutterland dieser besonderen Kampfsportart ist Korea. Der Faszination dieser dynamischen Sportart kann sich kaum jemand entziehen, der einmal mit dem Training begonnen hat. Gleich welcher Altersgruppe: von der 1. Schulklasse bis \u00fcber das hohe Alter [&hellip;]<\/p>\n","protected":false},"author":23,"featured_media":0,"parent":0,"menu_order":0,"comment_status":"closed","ping_status":"closed","template":"","meta":{"footnotes":""},"class_list":["post-2899","page","type-page","status-publish","hentry"],"_links":{"self":[{"href":"https:\/\/tsvschott.de\/taekwondo\/wp-json\/wp\/v2\/pages\/2899","targetHints":{"allow":["GET"]}}],"collection":[{"href":"https:\/\/tsvschott.de\/taekwondo\/wp-json\/wp\/v2\/pages"}],"about":[{"href":"https:\/\/tsvschott.de\/taekwondo\/wp-json\/wp\/v2\/types\/page"}],"author":[{"embeddable":true,"href":"https:\/\/tsvschott.de\/taekwondo\/wp-json\/wp\/v2\/users\/23"}],"replies":[{"embeddable":true,"href":"https:\/\/tsvschott.de\/taekwondo\/wp-json\/wp\/v2\/comments?post=2899"}],"version-history":[{"count":16,"href":"https:\/\/tsvschott.de\/taekwondo\/wp-json\/wp\/v2\/pages\/2899\/revisions"}],"predecessor-version":[{"id":3097,"href":"https:\/\/tsvschott.de\/taekwondo\/wp-json\/wp\/v2\/pages\/2899\/revisions\/3097"}],"wp:attachment":[{"href":"https:\/\/tsvschott.de\/taekwondo\/wp-json\/wp\/v2\/media?parent=2899"}],"curies":[{"name":"wp","href":"https:\/\/api.w.org\/{rel}","templated":true}]}}