{"id":31,"date":"2015-06-23T15:09:39","date_gmt":"2015-06-23T13:09:39","guid":{"rendered":"http:\/\/tsvschott.de\/fussball\/?page_id=9"},"modified":"2019-12-04T13:19:30","modified_gmt":"2019-12-04T12:19:30","slug":"trainingszeiten","status":"publish","type":"page","link":"https:\/\/tsvschott.de\/taekwondo\/trainingszeiten\/","title":{"rendered":"Trainingszeiten"},"content":{"rendered":"<div class=\"wpb-content-wrapper\"><p>[vc_row][vc_column][vc_wp_text]<\/p>\n<h4><strong>\u00a0Wir trainieren zweimal pro Woche: <\/strong>mittwochs und freitags<\/h4>\n<p><strong><em>Kinder generell nur ab 1. Schulklasse<\/em><\/strong><\/p>\n<table style=\"border-collapse: none;padding: 10px\" cellspacing=\"10\" cellpadding=\"10\">\n<tbody>\n<tr>\n<td>\n<h3>Gruppe<\/h3>\n<\/td>\n<td>\n<h3>Tag<\/h3>\n<\/td>\n<td>\n<h3>Uhrzeit<\/h3>\n<\/td>\n<td>\n<h3>Ort<\/h3>\n<\/td>\n<td>\n<h3>Training<\/h3>\n<\/td>\n<\/tr>\n<tr>\n<td><b>F\u00fcr alle<\/b><\/td>\n<td><strong>Mi<\/strong><\/td>\n<td>18:00 &#8211; 19:00 Uhr<\/td>\n<td>Frauenlob Gymnasium Mainz<\/td>\n<td>Grundtechniken<\/td>\n<\/tr>\n<tr>\n<td><b>F\u00fcr alle<\/b><\/td>\n<td><strong>Mi<\/strong><\/td>\n<td>19:00 &#8211; 20:00 Uhr<\/td>\n<td>Frauenlob Gymnasium Mainz<\/td>\n<td>Selbstverteidigung und Wettkampf<\/td>\n<\/tr>\n<tr>\n<td><b>F\u00fcr alle<\/b><\/td>\n<td><strong>Fr<\/strong><\/td>\n<td>17:00 &#8211; 18:00 Uhr<\/td>\n<td>Frauenlob Gymnasium Mainz<\/td>\n<td>Grundtechniken<\/td>\n<\/tr>\n<tr>\n<td><b>F\u00fcr alle<\/b><\/td>\n<td><strong>Fr<\/strong><\/td>\n<td>18:00 &#8211; 19:30 Uhr<\/td>\n<td>Frauenlob Gymnasium Mainz<\/td>\n<td>Selbstverteidigung und Wettkampf<\/td>\n<\/tr>\n<tr>\n<td><b>F\u00fcr alle<\/b><\/td>\n<td><strong>Fr<\/strong><\/td>\n<td>19:30 &#8211; 20:00 Uhr<\/td>\n<td>Frauenlob Gymnasium Mainz<\/td>\n<td>Vorbereitung f\u00fcr G\u00fcrtelpr\u00fcfung<\/td>\n<\/tr>\n<\/tbody>\n<\/table>\n<p>Das Training findet in der Sporthalle des Frauenlob-Gymnasium (FLG) in der<br \/>\nAdam-Karrillonstr. 35-47,<br \/>\nin 55118 Mainz statt.[\/vc_wp_text][\/vc_column][\/vc_row][vc_row][vc_column][\/vc_column][\/vc_row]<\/p>\n<\/div>","protected":false},"excerpt":{"rendered":"<p>[vc_row][vc_column][vc_wp_text] \u00a0Wir trainieren zweimal pro Woche: mittwochs und freitags Kinder generell nur ab 1. Schulklasse Gruppe Tag Uhrzeit Ort Training F\u00fcr alle Mi 18:00 &#8211; 19:00 Uhr Frauenlob Gymnasium Mainz Grundtechniken F\u00fcr alle Mi 19:00 &#8211; 20:00 Uhr Frauenlob Gymnasium Mainz Selbstverteidigung und Wettkampf F\u00fcr alle Fr 17:00 &#8211; 18:00 Uhr Frauenlob Gymnasium Mainz Grundtechniken [&hellip;]<\/p>\n","protected":false},"author":23,"featured_media":0,"parent":0,"menu_order":0,"comment_status":"closed","ping_status":"closed","template":"single\/single-extra.php","meta":{"footnotes":""},"class_list":["post-31","page","type-page","status-publish","hentry"],"_links":{"self":[{"href":"https:\/\/tsvschott.de\/taekwondo\/wp-json\/wp\/v2\/pages\/31","targetHints":{"allow":["GET"]}}],"collection":[{"href":"https:\/\/tsvschott.de\/taekwondo\/wp-json\/wp\/v2\/pages"}],"about":[{"href":"https:\/\/tsvschott.de\/taekwondo\/wp-json\/wp\/v2\/types\/page"}],"author":[{"embeddable":true,"href":"https:\/\/tsvschott.de\/taekwondo\/wp-json\/wp\/v2\/users\/23"}],"replies":[{"embeddable":true,"href":"https:\/\/tsvschott.de\/taekwondo\/wp-json\/wp\/v2\/comments?post=31"}],"version-history":[{"count":18,"href":"https:\/\/tsvschott.de\/taekwondo\/wp-json\/wp\/v2\/pages\/31\/revisions"}],"predecessor-version":[{"id":3080,"href":"https:\/\/tsvschott.de\/taekwondo\/wp-json\/wp\/v2\/pages\/31\/revisions\/3080"}],"wp:attachment":[{"href":"https:\/\/tsvschott.de\/taekwondo\/wp-json\/wp\/v2\/media?parent=31"}],"curies":[{"name":"wp","href":"https:\/\/api.w.org\/{rel}","templated":true}]}}