{"id":3048,"date":"2016-02-11T12:49:32","date_gmt":"2016-02-11T11:49:32","guid":{"rendered":"http:\/\/tsvschott.de\/tanzen\/?page_id=3048"},"modified":"2025-04-07T10:52:08","modified_gmt":"2025-04-07T08:52:08","slug":"kindertanzgruppe-tanzmaeuse","status":"publish","type":"page","link":"https:\/\/tsvschott.de\/tanzen\/kindertanzgruppe-tanzmaeuse\/","title":{"rendered":"Tanzm\u00e4use"},"content":{"rendered":"<div class=\"wpb-content-wrapper\"><p>[vc_row][\/vc_row][vc_row][vc_column width=&#8220;2\/3&#8243;][vc_separator][vc_column_text css=&#8220;&#8220;]<\/p>\n<h2><strong>Tanzm\u00e4use (Fortgeschritten)<\/strong><\/h2>\n<p>Wir sind die \u201e<strong>Tanzm\u00e4use<\/strong>\u201c.<\/p>\n<p>Wir sind eine fortgeschrittene Gruppe aus etwa 20 T\u00e4nzerinnen im Alter zwischen 6 und 8 Jahren. Spielend erlernen wir verschiedene Tanzstile und werden auf die h\u00f6heren Gruppen vorbereitet. Im Jahr haben wir etwa 2-3 Auftritte, wo wir unsere Choreographie pr\u00e4sentieren.<\/p>\n<p>Du hast bereits Erfahrung im Tanzen oder Rhytmussport? Dann bist du bei uns genau richtig!<br \/>\nBei Interesse an einem Probetraining, f\u00fcllen Sie bitte das Kontaktformular vollst\u00e4ndig aus.<\/p>\n<hr \/>\n<h4>Kontaktformular<\/h4>\n\n<div class=\"wpcf7 no-js\" id=\"wpcf7-f3470-o1\" lang=\"de-DE\" dir=\"ltr\" data-wpcf7-id=\"3470\">\n<div class=\"screen-reader-response\"><p role=\"status\" aria-live=\"polite\" aria-atomic=\"true\"><\/p> <ul><\/ul><\/div>\n<form action=\"\/tanzen\/wp-json\/wp\/v2\/pages\/3048#wpcf7-f3470-o1\" method=\"post\" class=\"wpcf7-form init\" aria-label=\"Kontaktformular\" novalidate=\"novalidate\" data-status=\"init\">\n<fieldset class=\"hidden-fields-container\"><input type=\"hidden\" name=\"_wpcf7\" value=\"3470\" \/><input type=\"hidden\" name=\"_wpcf7_version\" value=\"6.1.5\" \/><input type=\"hidden\" name=\"_wpcf7_locale\" value=\"de_DE\" \/><input type=\"hidden\" name=\"_wpcf7_unit_tag\" value=\"wpcf7-f3470-o1\" \/><input type=\"hidden\" name=\"_wpcf7_container_post\" value=\"0\" \/><input type=\"hidden\" name=\"_wpcf7_posted_data_hash\" value=\"\" \/>\n<\/fieldset>\n<p>Ihre Kontaktdaten\n<\/p>\n<p class=\"left\"><span class=\"wpcf7-form-control-wrap\" data-name=\"Vorname\"><input size=\"40\" maxlength=\"400\" class=\"wpcf7-form-control wpcf7-text wpcf7-validates-as-required\" aria-required=\"true\" aria-invalid=\"false\" placeholder=\"Vorname*\" value=\"\" type=\"text\" name=\"Vorname\" \/><\/span>\n<\/p>\n<p class=\"right\"><span class=\"wpcf7-form-control-wrap\" data-name=\"Nachname\"><input size=\"40\" maxlength=\"400\" class=\"wpcf7-form-control wpcf7-text wpcf7-validates-as-required\" aria-required=\"true\" aria-invalid=\"false\" placeholder=\"Nachname*\" value=\"\" type=\"text\" name=\"Nachname\" \/><\/span>\n<\/p>\n<p class=\"right\"><span class=\"wpcf7-form-control-wrap\" data-name=\"E-Mail\"><input size=\"40\" maxlength=\"400\" class=\"wpcf7-form-control wpcf7-email wpcf7-validates-as-required wpcf7-text wpcf7-validates-as-email\" aria-required=\"true\" aria-invalid=\"false\" placeholder=\"E-Mail*\" value=\"\" type=\"email\" name=\"E-Mail\" \/><\/span>\n<\/p>\n<p>Informationen zum Kind\n<\/p>\n<p class=\"left\"><span class=\"wpcf7-form-control-wrap\" data-name=\"Vorname_Kind\"><input size=\"40\" maxlength=\"400\" class=\"wpcf7-form-control wpcf7-text wpcf7-validates-as-required\" aria-required=\"true\" aria-invalid=\"false\" placeholder=\"Vorname Kind*\" value=\"\" type=\"text\" name=\"Vorname_Kind\" \/><\/span>\n<\/p>\n<p class=\"right\"><span class=\"wpcf7-form-control-wrap\" data-name=\"Nachname_Kind\"><input size=\"40\" maxlength=\"400\" class=\"wpcf7-form-control wpcf7-text wpcf7-validates-as-required\" aria-required=\"true\" aria-invalid=\"false\" placeholder=\"Nachname Kind*\" value=\"\" type=\"text\" name=\"Nachname_Kind\" \/><\/span>\n<\/p>\n<p class=\"right\"><span class=\"wpcf7-form-control-wrap\" data-name=\"Geburtsdatum\"><input size=\"40\" maxlength=\"400\" class=\"wpcf7-form-control wpcf7-text\" aria-invalid=\"false\" placeholder=\"Geburtsdatum Tag\/Monat\/Jahr*\" value=\"\" type=\"text\" name=\"Geburtsdatum\" \/><\/span>\n<\/p>\n<p>Bereits Erfahrung im Tanzen?: <span class=\"wpcf7-form-control-wrap\" data-name=\"Erfahrung\"><span class=\"wpcf7-form-control wpcf7-radio\"><span class=\"wpcf7-list-item first\"><label><input type=\"radio\" name=\"Erfahrung\" value=\"Ja\" checked=\"checked\" \/><span class=\"wpcf7-list-item-label\">Ja<\/span><\/label><\/span><span class=\"wpcf7-list-item last\"><label><input type=\"radio\" name=\"Erfahrung\" value=\"Nein\" \/><span class=\"wpcf7-list-item-label\">Nein<\/span><\/label><\/span><\/span><\/span><br \/>\nFalls Ja: Welche Erfahrung?<br \/>\n<span class=\"wpcf7-form-control-wrap\" data-name=\"Erfahrung_text\"><textarea cols=\"40\" rows=\"2\" maxlength=\"2000\" class=\"wpcf7-form-control wpcf7-textarea wpcf7-validates-as-required\" aria-required=\"true\" aria-invalid=\"false\" placeholder=\"Welche Tanzerfahung hat Ihr Kind\" name=\"Erfahrung_text\"><\/textarea><\/span>\n<\/p>\n<p>Wenn Sie uns noch eine Pers\u00f6nliche Nachricht mit weiteren Informationen oder W\u00fcnschen senden wollen, nutzen Sie bitte das untenstehende Feld.<br \/>\n<span class=\"wpcf7-form-control-wrap\" data-name=\"Nachricht\"><textarea cols=\"40\" rows=\"5\" maxlength=\"2000\" class=\"wpcf7-form-control wpcf7-textarea wpcf7-validates-as-required\" aria-required=\"true\" aria-invalid=\"false\" placeholder=\"Ihre pers\u00f6nlich Nachricht hier\" name=\"Nachricht\"><\/textarea><\/span>\n<\/p>\n<p>Ich stimme der Nutzung meiner E-Mail-Adresse zu: <span class=\"wpcf7-form-control-wrap\" data-name=\"Zustimmung\"><span class=\"wpcf7-form-control wpcf7-radio\"><span class=\"wpcf7-list-item first\"><label><input type=\"radio\" name=\"Zustimmung\" value=\"Ja\" checked=\"checked\" \/><span class=\"wpcf7-list-item-label\">Ja<\/span><\/label><\/span><span class=\"wpcf7-list-item last\"><label><input type=\"radio\" name=\"Zustimmung\" value=\"Nein\" \/><span class=\"wpcf7-list-item-label\">Nein<\/span><\/label><\/span><\/span><\/span>\n<\/p>\n<p><input class=\"wpcf7-form-control wpcf7-submit has-spinner\" type=\"submit\" value=\"Senden\" \/>\n<\/p><div class=\"wpcf7-response-output\" aria-hidden=\"true\"><\/div>\n<\/form>\n<\/div>\n\n<hr \/>\n<p>[\/vc_column_text][vc_message]Ein Wechsel in die n\u00e4chsth\u00f6here Gruppe erfolgt durch die Trainerinnen nach Alter, aber auch nach jeweiligem Entwicklungs- und Leistungsstand der Kinder\/Jugendlichen![\/vc_message][vc_separator][vc_tabs interval=&#8220;0&#8243;][vc_tab title=&#8220;Trainingszeiten&#8220; tab_id=&#8220;1439899125423-6-9&#8243;][vc_column_text css=&#8220;&#8220;]<\/p>\n<h3><strong>Tanzm\u00e4use<\/strong><\/h3>\n<p>Freitag, 16:00 &#8211; 16:45 Uhr, Gymnastikraum 1 &#8211; <span class=\"widget-pane-section-info-text\">TSV Schott<br \/>\n<\/span>[\/vc_column_text][\/vc_tab][\/vc_tabs][vc_single_image image=&#8220;3462&#8243; img_size=&#8220;full&#8220; onclick=&#8220;custom_link&#8220; img_link_target=&#8220;_blank&#8220; link=&#8220;https:\/\/www.openstreetmap.org\/search?query=Karlsbader%20Stra%C3%9Fe%2023%2055122%20Mainz#map=16\/50.0110\/8.2276&#8243;][\/vc_column][vc_column width=&#8220;1\/3&#8243;][vc_wp_text el_class=&#8220;start&#8220;]<\/p>\n<h3>Trainer<\/h3>\n<hr \/>\n<p><strong>Amelie Morgenroth und Annemijn van Dinther<\/strong>[\/vc_wp_text][vc_gallery type=&#8220;nivo&#8220; interval=&#8220;10&#8243; images=&#8220;3519,3520&#8243; img_size=&#8220;medium&#8220; css=&#8220;&#8220; title=&#8220;Bilder&#8220;][\/vc_column][\/vc_row][vc_row][vc_column][vc_empty_space][\/vc_column][\/vc_row][vc_row][vc_column][vc_text_separator title=&#8220;News&#8220;][\/vc_column][\/vc_row][vc_row][vc_column][vc_masonry_grid post_type=&#8220;post&#8220; max_items=&#8220;4&#8243; element_width=&#8220;3&#8243; item=&#8220;2424&#8243; grid_id=&#8220;vc_gid:1744015865473-280d6fb3-41e2-3&#8243; taxonomies=&#8220;40&#8243;][\/vc_column][\/vc_row]<\/p>\n<\/div>","protected":false},"excerpt":{"rendered":"<p>[vc_row][\/vc_row][vc_row][vc_column width=&#8220;2\/3&#8243;][vc_separator][vc_column_text css=&#8220;&#8220;] Tanzm\u00e4use (Fortgeschritten) Wir sind die \u201eTanzm\u00e4use\u201c. Wir sind eine fortgeschrittene Gruppe aus etwa 20 T\u00e4nzerinnen im Alter zwischen 6 und 8 Jahren. Spielend erlernen wir verschiedene Tanzstile und werden auf die h\u00f6heren Gruppen vorbereitet. Im Jahr haben wir etwa 2-3 Auftritte, wo wir unsere Choreographie pr\u00e4sentieren. Du hast bereits Erfahrung im Tanzen [&hellip;]<\/p>\n","protected":false},"author":24,"featured_media":0,"parent":0,"menu_order":9,"comment_status":"closed","ping_status":"closed","template":"","meta":{"footnotes":""},"class_list":["post-3048","page","type-page","status-publish","hentry"],"_links":{"self":[{"href":"https:\/\/tsvschott.de\/tanzen\/wp-json\/wp\/v2\/pages\/3048","targetHints":{"allow":["GET"]}}],"collection":[{"href":"https:\/\/tsvschott.de\/tanzen\/wp-json\/wp\/v2\/pages"}],"about":[{"href":"https:\/\/tsvschott.de\/tanzen\/wp-json\/wp\/v2\/types\/page"}],"author":[{"embeddable":true,"href":"https:\/\/tsvschott.de\/tanzen\/wp-json\/wp\/v2\/users\/24"}],"replies":[{"embeddable":true,"href":"https:\/\/tsvschott.de\/tanzen\/wp-json\/wp\/v2\/comments?post=3048"}],"version-history":[{"count":29,"href":"https:\/\/tsvschott.de\/tanzen\/wp-json\/wp\/v2\/pages\/3048\/revisions"}],"predecessor-version":[{"id":3584,"href":"https:\/\/tsvschott.de\/tanzen\/wp-json\/wp\/v2\/pages\/3048\/revisions\/3584"}],"wp:attachment":[{"href":"https:\/\/tsvschott.de\/tanzen\/wp-json\/wp\/v2\/media?parent=3048"}],"curies":[{"name":"wp","href":"https:\/\/api.w.org\/{rel}","templated":true}]}}