{"id":3349,"date":"2021-05-12T14:32:54","date_gmt":"2021-05-12T12:32:54","guid":{"rendered":"https:\/\/tsvschott.de\/tanzen\/?page_id=3349"},"modified":"2025-09-25T08:59:32","modified_gmt":"2025-09-25T06:59:32","slug":"fusion1","status":"publish","type":"page","link":"https:\/\/tsvschott.de\/tanzen\/fusion1\/","title":{"rendered":"Fusion"},"content":{"rendered":"<div class=\"wpb-content-wrapper\"><p>[vc_row][vc_column width=&#8220;2\/3&#8243;][vc_column_text css=&#8220;&#8220;]<\/p>\n<h2><strong>Jugend Turniergruppe &#8222;Fusion&#8220;<\/strong><\/h2>\n<p>Wir sind die \u201e<strong>Fusion<\/strong>\u201c , eine Jugend-Showtanzgruppe f\u00fcr Tanzbegeisterte zwischen 11-16 Jahren.<\/p>\n<p>Wir sind eine Turniergruppe f\u00fcr T\u00e4nzer*innen mit Interesse an Tanzturnieren. Bei uns liegt daher der Fokus auf Pr\u00e4zision und B\u00fchnenpr\u00e4senz.<\/p>\n<p>Unser Name Fusion steht sinnbildlich f\u00fcr unseren einzigartigen Tanzstil beeinflusst von Jazz, Modern, Ballett und Akrobatik. Au\u00dferdem stehen wir auch f\u00fcr eine fr\u00f6hliche Mischung aus tanzbegeisterten und motivierten T\u00e4nzer*innen und Trainer*innen. Wenn du dich also auch so gerne bewegst und Lust auf Tanz und Akrobatik hast, dann meld dich!<\/p>\n<p>Mehr von uns siehst du auf Instagram:<br \/>\n<a href=\"https:\/\/www.instagram.com\/tsvschotttanzen?igsh=MXlwcXpqejl4ZzBp\" target=\"_blank\" rel=\"noopener\">https:\/\/www.instagram.com\/tsvschotttanzen?igsh=MXlwcXpqejl4ZzBp<\/a><\/p>\n<p>Vorkenntnisse sind nicht erforderlich.[\/vc_column_text][vc_message]Ein Wechsel in die n\u00e4chsth\u00f6here Gruppe erfolgt durch die Trainerinnen nach Alter, aber auch nach jeweiligem Entwicklungs- und Leistungsstand der Kinder\/Jugendlichen![\/vc_message][vc_separator][vc_tabs interval=&#8220;0&#8243;][vc_tab title=&#8220;Trainingszeiten&#8220; tab_id=&#8220;1439899125423-6-9&#8243;][vc_column_text]<\/p>\n<h3><strong>Fusion<\/strong><\/h3>\n<p>Freitag, 16:00 &#8211; 18:00 Uhr, Gymnastikraum &#8211; <span class=\"widget-pane-section-info-text\">Otto-Schott-Gymnasium &#8211; An Schneiders M\u00fchle 1, 55122 Mainz<br \/>\n<\/span>[\/vc_column_text][\/vc_tab][\/vc_tabs][vc_single_image image=&#8220;3457&#8243; img_size=&#8220;full&#8220; onclick=&#8220;custom_link&#8220; img_link_target=&#8220;_blank&#8220; link=&#8220;https:\/\/www.openstreetmap.org\/?mlat=50.0044&amp;mlon=8.2315#map=16\/50.0044\/8.2315&#8243;][\/vc_column][vc_column width=&#8220;1\/3&#8243;][vc_wp_text el_class=&#8220;start&#8220;]<\/p>\n<h3>Trainer<\/h3>\n<hr \/>\n<p><strong>Lara Mrse<\/strong><\/p>\n<p>E-mail: \u200e<a href=\"mailto:fusion.tsvschott@gmail.com\">fusion.tsvschott@gmail.com<\/a>[\/vc_wp_text][\/vc_column][\/vc_row][vc_row][vc_column][vc_empty_space][\/vc_column][\/vc_row][vc_row][vc_column][vc_text_separator title=&#8220;News&#8220;][\/vc_column][\/vc_row][vc_row][vc_column][vc_masonry_grid post_type=&#8220;post&#8220; max_items=&#8220;4&#8243; element_width=&#8220;3&#8243; item=&#8220;2424&#8243; grid_id=&#8220;vc_gid:1758783510076-ef6d4743-fdc2-5&#8243; taxonomies=&#8220;39&#8243;][\/vc_column][\/vc_row]<\/p>\n<\/div>","protected":false},"excerpt":{"rendered":"<p>[vc_row][vc_column width=&#8220;2\/3&#8243;][vc_column_text css=&#8220;&#8220;] Jugend Turniergruppe &#8222;Fusion&#8220; Wir sind die \u201eFusion\u201c , eine Jugend-Showtanzgruppe f\u00fcr Tanzbegeisterte zwischen 11-16 Jahren. Wir sind eine Turniergruppe f\u00fcr T\u00e4nzer*innen mit Interesse an Tanzturnieren. Bei uns liegt daher der Fokus auf Pr\u00e4zision und B\u00fchnenpr\u00e4senz. Unser Name Fusion steht sinnbildlich f\u00fcr unseren einzigartigen Tanzstil beeinflusst von Jazz, Modern, Ballett und Akrobatik. Au\u00dferdem [&hellip;]<\/p>\n","protected":false},"author":24,"featured_media":0,"parent":0,"menu_order":5,"comment_status":"closed","ping_status":"closed","template":"","meta":{"footnotes":""},"class_list":["post-3349","page","type-page","status-publish","hentry"],"_links":{"self":[{"href":"https:\/\/tsvschott.de\/tanzen\/wp-json\/wp\/v2\/pages\/3349","targetHints":{"allow":["GET"]}}],"collection":[{"href":"https:\/\/tsvschott.de\/tanzen\/wp-json\/wp\/v2\/pages"}],"about":[{"href":"https:\/\/tsvschott.de\/tanzen\/wp-json\/wp\/v2\/types\/page"}],"author":[{"embeddable":true,"href":"https:\/\/tsvschott.de\/tanzen\/wp-json\/wp\/v2\/users\/24"}],"replies":[{"embeddable":true,"href":"https:\/\/tsvschott.de\/tanzen\/wp-json\/wp\/v2\/comments?post=3349"}],"version-history":[{"count":10,"href":"https:\/\/tsvschott.de\/tanzen\/wp-json\/wp\/v2\/pages\/3349\/revisions"}],"predecessor-version":[{"id":3636,"href":"https:\/\/tsvschott.de\/tanzen\/wp-json\/wp\/v2\/pages\/3349\/revisions\/3636"}],"wp:attachment":[{"href":"https:\/\/tsvschott.de\/tanzen\/wp-json\/wp\/v2\/media?parent=3349"}],"curies":[{"name":"wp","href":"https:\/\/api.w.org\/{rel}","templated":true}]}}