{"id":3015,"date":"2016-07-12T10:34:21","date_gmt":"2016-07-12T08:34:21","guid":{"rendered":"http:\/\/tsvschott.de\/tennis\/?page_id=3015"},"modified":"2026-01-19T14:03:00","modified_gmt":"2026-01-19T13:03:00","slug":"erwachsenentraining","status":"publish","type":"page","link":"https:\/\/tsvschott.de\/tennis\/erwachsenentraining\/","title":{"rendered":"Erwachsenentraining\/ Workshops"},"content":{"rendered":"<div class=\"wpb-content-wrapper\"><p>[vc_row full_width=&#8220;stretch_row_content_no_spaces&#8220; css=&#8220;.vc_custom_1750246278735{margin-top: -32px !important;background-image: url(https:\/\/tsvschott.de\/tennis\/wp-content\/uploads\/sites\/21\/2025\/06\/Bildschirmfoto-2025-06-18-um-13.30.47.png?id=5926) !important;background-position: center !important;background-repeat: no-repeat !important;background-size: cover !important;}&#8220;][vc_column][vc_empty_space height=&#8220;200px&#8220;][\/vc_column][\/vc_row][vc_row][vc_column][vc_column_text css=&#8220;&#8220;]Seit 2025 bieten wir in der Sommersaison Trainingskurse f\u00fcr Erwachsene mit Vorerfahrung an. Eine Stunde Training f\u00fcr bis zu vier Teilnehmer.<\/p>\n<p>Preis: 25\u20ac, 20\u20ac f\u00fcr Mitglieder der Tennisabteilung des TSV SCHOTT Mainz.<\/p>\n<p>Der Preis beinhaltet neben dem Training die Platzgeb\u00fchr und ggf. Leihschl\u00e4ger. Es sind lediglich Sportkleidung und Tennis-Sandplatzschuhe (Fischgr\u00e4tenprofil) notwendig.<\/p>\n<p>Die Anmeldung l\u00e4uft \u00fcber unser e-Busy Buchungssystem:[\/vc_column_text][vc_btn title=&#8220;Hier geht es zu den Trainingskursen&#8220; style=&#8220;gradient-custom&#8220; gradient_custom_color_1=&#8220;#5C9DE8&#8243; gradient_custom_color_2=&#8220;#005BAA&#8220; align=&#8220;center&#8220; css=&#8220;&#8220; button_block=&#8220;true&#8220; link=&#8220;url:https%3A%2F%2Ftsvschott-tennis.ebusy.de%2Fcourse-module%2F2654&#8243;][\/vc_column][\/vc_row]<\/p>\n<\/div>","protected":false},"excerpt":{"rendered":"<p>[vc_row full_width=&#8220;stretch_row_content_no_spaces&#8220; css=&#8220;.vc_custom_1750246278735{margin-top: -32px !important;background-image: url(https:\/\/tsvschott.de\/tennis\/wp-content\/uploads\/sites\/21\/2025\/06\/Bildschirmfoto-2025-06-18-um-13.30.47.png?id=5926) !important;background-position: center !important;background-repeat: no-repeat !important;background-size: cover !important;}&#8220;][vc_column][vc_empty_space height=&#8220;200px&#8220;][\/vc_column][\/vc_row][vc_row][vc_column][vc_column_text css=&#8220;&#8220;]Seit 2025 bieten wir in der Sommersaison Trainingskurse f\u00fcr Erwachsene mit Vorerfahrung an. Eine Stunde Training f\u00fcr bis zu vier Teilnehmer. Preis: 25\u20ac, 20\u20ac f\u00fcr Mitglieder der Tennisabteilung des TSV SCHOTT Mainz. Der Preis beinhaltet neben dem Training die Platzgeb\u00fchr und [&hellip;]<\/p>\n","protected":false},"author":18,"featured_media":0,"parent":0,"menu_order":8,"comment_status":"closed","ping_status":"closed","template":"","meta":{"footnotes":""},"class_list":["post-3015","page","type-page","status-publish","hentry"],"yoast_head":"<!-- This site is optimized with the Yoast SEO plugin v27.3 - https:\/\/yoast.com\/product\/yoast-seo-wordpress\/ -->\n<title>Erwachsenentraining\/ Workshops - Tennis<\/title>\n<meta name=\"robots\" content=\"index, follow, max-snippet:-1, max-image-preview:large, max-video-preview:-1\" \/>\n<link rel=\"canonical\" href=\"https:\/\/tsvschott.de\/tennis\/erwachsenentraining\/\" \/>\n<meta property=\"og:locale\" content=\"de_DE\" \/>\n<meta property=\"og:type\" content=\"article\" \/>\n<meta property=\"og:title\" content=\"Erwachsenentraining\/ Workshops - Tennis\" \/>\n<meta property=\"og:description\" content=\"[vc_row full_width=&#8220;stretch_row_content_no_spaces&#8220; css=&#8220;.vc_custom_1750246278735{margin-top: -32px !important;background-image: url(https:\/\/tsvschott.de\/tennis\/wp-content\/uploads\/sites\/21\/2025\/06\/Bildschirmfoto-2025-06-18-um-13.30.47.png?id=5926) !important;background-position: center !important;background-repeat: no-repeat !important;background-size: cover !important;}&#8220;][vc_column][vc_empty_space height=&#8220;200px&#8220;][\/vc_column][\/vc_row][vc_row][vc_column][vc_column_text css=&#8220;&#8220;]Seit 2025 bieten wir in der Sommersaison Trainingskurse f\u00fcr Erwachsene mit Vorerfahrung an. Eine Stunde Training f\u00fcr bis zu vier Teilnehmer. Preis: 25\u20ac, 20\u20ac f\u00fcr Mitglieder der Tennisabteilung des TSV SCHOTT Mainz. Der Preis beinhaltet neben dem Training die Platzgeb\u00fchr und [&hellip;]\" \/>\n<meta property=\"og:url\" content=\"https:\/\/tsvschott.de\/tennis\/erwachsenentraining\/\" \/>\n<meta property=\"og:site_name\" content=\"Tennis\" \/>\n<meta property=\"article:modified_time\" content=\"2026-01-19T13:03:00+00:00\" \/>\n<meta name=\"twitter:card\" content=\"summary_large_image\" \/>\n<meta name=\"twitter:label1\" content=\"Gesch\u00e4tzte Lesezeit\" \/>\n\t<meta name=\"twitter:data1\" content=\"1\u00a0Minute\" \/>\n<script type=\"application\/ld+json\" class=\"yoast-schema-graph\">{\"@context\":\"https:\\\/\\\/schema.org\",\"@graph\":[{\"@type\":\"WebPage\",\"@id\":\"https:\\\/\\\/tsvschott.de\\\/tennis\\\/erwachsenentraining\\\/\",\"url\":\"https:\\\/\\\/tsvschott.de\\\/tennis\\\/erwachsenentraining\\\/\",\"name\":\"Erwachsenentraining\\\/ Workshops - Tennis\",\"isPartOf\":{\"@id\":\"https:\\\/\\\/tsvschott.de\\\/tennis\\\/#website\"},\"datePublished\":\"2016-07-12T08:34:21+00:00\",\"dateModified\":\"2026-01-19T13:03:00+00:00\",\"breadcrumb\":{\"@id\":\"https:\\\/\\\/tsvschott.de\\\/tennis\\\/erwachsenentraining\\\/#breadcrumb\"},\"inLanguage\":\"de\",\"potentialAction\":[{\"@type\":\"ReadAction\",\"target\":[\"https:\\\/\\\/tsvschott.de\\\/tennis\\\/erwachsenentraining\\\/\"]}]},{\"@type\":\"BreadcrumbList\",\"@id\":\"https:\\\/\\\/tsvschott.de\\\/tennis\\\/erwachsenentraining\\\/#breadcrumb\",\"itemListElement\":[{\"@type\":\"ListItem\",\"position\":1,\"name\":\"Startseite\",\"item\":\"https:\\\/\\\/tsvschott.de\\\/tennis\\\/\"},{\"@type\":\"ListItem\",\"position\":2,\"name\":\"Erwachsenentraining\\\/ Workshops\"}]},{\"@type\":\"WebSite\",\"@id\":\"https:\\\/\\\/tsvschott.de\\\/tennis\\\/#website\",\"url\":\"https:\\\/\\\/tsvschott.de\\\/tennis\\\/\",\"name\":\"Tennis\",\"description\":\"TSV SCHOTT Mainz\",\"potentialAction\":[{\"@type\":\"SearchAction\",\"target\":{\"@type\":\"EntryPoint\",\"urlTemplate\":\"https:\\\/\\\/tsvschott.de\\\/tennis\\\/?s={search_term_string}\"},\"query-input\":{\"@type\":\"PropertyValueSpecification\",\"valueRequired\":true,\"valueName\":\"search_term_string\"}}],\"inLanguage\":\"de\"}]}<\/script>\n<!-- \/ Yoast SEO plugin. -->","yoast_head_json":{"title":"Erwachsenentraining\/ Workshops - Tennis","robots":{"index":"index","follow":"follow","max-snippet":"max-snippet:-1","max-image-preview":"max-image-preview:large","max-video-preview":"max-video-preview:-1"},"canonical":"https:\/\/tsvschott.de\/tennis\/erwachsenentraining\/","og_locale":"de_DE","og_type":"article","og_title":"Erwachsenentraining\/ Workshops - Tennis","og_description":"[vc_row full_width=&#8220;stretch_row_content_no_spaces&#8220; css=&#8220;.vc_custom_1750246278735{margin-top: -32px !important;background-image: url(https:\/\/tsvschott.de\/tennis\/wp-content\/uploads\/sites\/21\/2025\/06\/Bildschirmfoto-2025-06-18-um-13.30.47.png?id=5926) !important;background-position: center !important;background-repeat: no-repeat !important;background-size: cover !important;}&#8220;][vc_column][vc_empty_space height=&#8220;200px&#8220;][\/vc_column][\/vc_row][vc_row][vc_column][vc_column_text css=&#8220;&#8220;]Seit 2025 bieten wir in der Sommersaison Trainingskurse f\u00fcr Erwachsene mit Vorerfahrung an. Eine Stunde Training f\u00fcr bis zu vier Teilnehmer. Preis: 25\u20ac, 20\u20ac f\u00fcr Mitglieder der Tennisabteilung des TSV SCHOTT Mainz. Der Preis beinhaltet neben dem Training die Platzgeb\u00fchr und [&hellip;]","og_url":"https:\/\/tsvschott.de\/tennis\/erwachsenentraining\/","og_site_name":"Tennis","article_modified_time":"2026-01-19T13:03:00+00:00","twitter_card":"summary_large_image","twitter_misc":{"Gesch\u00e4tzte Lesezeit":"1\u00a0Minute"},"schema":{"@context":"https:\/\/schema.org","@graph":[{"@type":"WebPage","@id":"https:\/\/tsvschott.de\/tennis\/erwachsenentraining\/","url":"https:\/\/tsvschott.de\/tennis\/erwachsenentraining\/","name":"Erwachsenentraining\/ Workshops - Tennis","isPartOf":{"@id":"https:\/\/tsvschott.de\/tennis\/#website"},"datePublished":"2016-07-12T08:34:21+00:00","dateModified":"2026-01-19T13:03:00+00:00","breadcrumb":{"@id":"https:\/\/tsvschott.de\/tennis\/erwachsenentraining\/#breadcrumb"},"inLanguage":"de","potentialAction":[{"@type":"ReadAction","target":["https:\/\/tsvschott.de\/tennis\/erwachsenentraining\/"]}]},{"@type":"BreadcrumbList","@id":"https:\/\/tsvschott.de\/tennis\/erwachsenentraining\/#breadcrumb","itemListElement":[{"@type":"ListItem","position":1,"name":"Startseite","item":"https:\/\/tsvschott.de\/tennis\/"},{"@type":"ListItem","position":2,"name":"Erwachsenentraining\/ Workshops"}]},{"@type":"WebSite","@id":"https:\/\/tsvschott.de\/tennis\/#website","url":"https:\/\/tsvschott.de\/tennis\/","name":"Tennis","description":"TSV SCHOTT Mainz","potentialAction":[{"@type":"SearchAction","target":{"@type":"EntryPoint","urlTemplate":"https:\/\/tsvschott.de\/tennis\/?s={search_term_string}"},"query-input":{"@type":"PropertyValueSpecification","valueRequired":true,"valueName":"search_term_string"}}],"inLanguage":"de"}]}},"_links":{"self":[{"href":"https:\/\/tsvschott.de\/tennis\/wp-json\/wp\/v2\/pages\/3015","targetHints":{"allow":["GET"]}}],"collection":[{"href":"https:\/\/tsvschott.de\/tennis\/wp-json\/wp\/v2\/pages"}],"about":[{"href":"https:\/\/tsvschott.de\/tennis\/wp-json\/wp\/v2\/types\/page"}],"author":[{"embeddable":true,"href":"https:\/\/tsvschott.de\/tennis\/wp-json\/wp\/v2\/users\/18"}],"replies":[{"embeddable":true,"href":"https:\/\/tsvschott.de\/tennis\/wp-json\/wp\/v2\/comments?post=3015"}],"version-history":[{"count":39,"href":"https:\/\/tsvschott.de\/tennis\/wp-json\/wp\/v2\/pages\/3015\/revisions"}],"predecessor-version":[{"id":4023,"href":"https:\/\/tsvschott.de\/tennis\/wp-json\/wp\/v2\/pages\/3015\/revisions\/4023"}],"wp:attachment":[{"href":"https:\/\/tsvschott.de\/tennis\/wp-json\/wp\/v2\/media?parent=3015"}],"curies":[{"name":"wp","href":"https:\/\/api.w.org\/{rel}","templated":true}]}}