{"id":4196,"date":"2022-03-02T13:28:57","date_gmt":"2022-03-02T12:28:57","guid":{"rendered":"https:\/\/tsvschott.de\/tennis\/?page_id=4196"},"modified":"2026-02-27T21:16:53","modified_gmt":"2026-02-27T20:16:53","slug":"mitgliedschaft","status":"publish","type":"page","link":"https:\/\/tsvschott.de\/tennis\/mitgliedschaft\/","title":{"rendered":"Mitgliedschaft"},"content":{"rendered":"<div class=\"wpb-content-wrapper\"><p>[vc_row][vc_column][vc_message message_box_color=&#8220;sky&#8220; icon_fontawesome=&#8220;fa fa-solid fa-exclamation&#8220; css=&#8220;&#8220;]<strong>Neuaufnahmen:<\/strong><\/p>\n<p>Unsere Abteilung lebt von einer aktiven, lebendigen Gemeinschaft und dem Anspruch, allen Mitgliedern angemessene Spiel- und Trainingsm\u00f6glichkeiten zu bieten. Aufgrund der begrenzten Platzkapazit\u00e4ten und zur Wahrung der Interessen unserer bestehenden Mitglieder k\u00f6nnen neue Mitgliedschaften derzeit nur in begr\u00fcndeten Ausnahmef\u00e4llen durch die Abteilungsleitung vergeben werden. Wir bitten daher, von einem regul\u00e4ren Mitgliedsantrag abzusehen.<\/p>\n<p>Interessierte sind herzlich eingeladen, sich unter Angabe ihrer pers\u00f6nlichen Daten, ihrer Spielerfahrung sowie ihrer Motivation f\u00fcr eine Mitgliedschaft per E-Mail (<a class=\"ms-outlook-linkify\" href=\"mailto:tennis@tsvschott.de\">tennis@tsvschott.de<\/a>) an die Abteilungsleitung zu wenden. Die eingegangenen Anfragen werden in regelm\u00e4\u00dfigen Abst\u00e4nden \u2013 in der Regel etwa halbj\u00e4hrlich \u2013 unter Ber\u00fccksichtigung der vorhandenen Kapazit\u00e4ten, der Mitgliederstruktur sowie der sportlichen und gemeinschaftlichen Entwicklung der Abteilung gepr\u00fcft.<\/p>\n<p>Durch eine Anfrage entsteht kein Anspruch auf Aufnahme. Die Entscheidung \u00fcber eine Aufnahme erfolgt gem\u00e4\u00df den geltenden Regelungen und Ordnungen des Vereins. Wir bitten hierf\u00fcr um Verst\u00e4ndnis.<\/p>\n<p><strong>\u00c4nderungen:<\/strong><\/p>\n<p>Um \u00c4nderungen Ihrer Mitgliedschaft z\u00fcgig bearbeiten zu k\u00f6nnen, bitten wir Sie, diese m\u00f6glichst per E-Mail an <a id=\"OWAfdf09197-02f9-c1ec-e297-67773abbfd7e\" class=\"x_OWAAutoLink\" title=\"mailto:tennis@tsvschott.de\" href=\"mailto:tennis@tsvschott.de\" data-outlook-id=\"a1625e9a-d5f8-4554-9330-b6d290d4525b\">tennis@tsvschott.de<\/a> mitzuteilen. Bitte beachten Sie, dass die Bearbeitung von Anfragen etwas Zeit in Anspruch nehmen kann. Wir danken Ihnen f\u00fcr Ihr Verst\u00e4ndnis und Ihre Geduld!<\/p>\n<div>Die Abteilungsleitung<\/div>\n<p>[\/vc_message][vc_text_separator title=&#8220;Beitr\u00e4ge&#8220; title_align=&#8220;separator_align_left&#8220; css=&#8220;&#8220;][vc_column_text css=&#8220;&#8220;]Eine Mitgliedschaft in der Tennisabteilung ist sportartenspezifisch, d.h. die Mitgliedschaft kann je Sportart (Tennis oder Padel) beantragt und erteilt werden. Der ausgewiesene Sonderbeitrag bezieht sich auf die Spielberechtigung f\u00fcr eine Sportart.<\/p>\n<p>Bei der Neuaufnahme f\u00fcr die Sportart Padel wird zus\u00e4tzlich eine einmalige Aufnahmegeb\u00fchr in H\u00f6he von 200\u20ac erhoben.<\/p>\n<p>Eine Mitgliedschaft beinhaltet <strong>keine <\/strong>Trainings-, Workshops- oder Campgeb\u00fchren.[\/vc_column_text][vc_column_text css=&#8220;&#8220;]\n<table id=\"tablepress-2\" class=\"tablepress tablepress-id-2\">\n<thead>\n<tr class=\"row-1\">\n\t<th colspan=\"2\" class=\"column-1\">Monatsbeitr\u00e4ge des Hauptvereins<\/th><th class=\"column-3\">Monatsbeitr\u00e4ge der Tennisabteilung<\/th><th class=\"column-4\">Tennis<\/th><th class=\"column-5\">Padel<\/th>\n<\/tr>\n<\/thead>\n<tbody class=\"row-striping row-hover\">\n<tr class=\"row-2\">\n\t<td class=\"column-1\">Erwachsene:<\/td><td class=\"column-2\">21,00 \u20ac<\/td><td class=\"column-3\">Erwachsene und Rentner:<\/td><td class=\"column-4\">7,00 \u20ac<\/td><td class=\"column-5\">7,00 \u20ac<\/td>\n<\/tr>\n<tr class=\"row-3\">\n\t<td class=\"column-1\">Sch\u00fcler ab 18 J., Azubis, Studenten:<\/td><td class=\"column-2\">16,00\u20ac<\/td><td class=\"column-3\">Sch\u00fcler ab 18 J., Azubis, Studenten:<\/td><td class=\"column-4\">3,00\u20ac<\/td><td class=\"column-5\">3,00\u20ac<\/td>\n<\/tr>\n<tr class=\"row-4\">\n\t<td class=\"column-1\">Jugendliche bis 17 J.:<\/td><td class=\"column-2\">16,00\u20ac<\/td><td class=\"column-3\">Jugendliche bis 17 J.:<\/td><td class=\"column-4\">3,00\u20ac<\/td><td class=\"column-5\">3,00\u20ac<\/td>\n<\/tr>\n<tr class=\"row-5\">\n\t<td class=\"column-1\">Rentner:<\/td><td class=\"column-2\">18,50\u20ac<\/td><td class=\"column-3\">Passive Mitglieder:<\/td><td class=\"column-4\">2,17\u20ac<\/td><td class=\"column-5\">2,17\u20ac<\/td>\n<\/tr>\n<tr class=\"row-6\">\n\t<td class=\"column-1\">Familienbeitrag*:<\/td><td class=\"column-2\">45,00\u20ac<\/td><td class=\"column-3\">Familienbeitrag*:<\/td><td class=\"column-4\">15,00\u20ac<\/td><td class=\"column-5\">15,00\u20ac<\/td>\n<\/tr>\n<tr class=\"row-7\">\n\t<td class=\"column-1\">Alleinerziehende**:<\/td><td class=\"column-2\">34,00\u20ac<\/td><td class=\"column-3\"><\/td><td class=\"column-4\"><\/td><td class=\"column-5\"><\/td>\n<\/tr>\n<tr class=\"row-8\">\n\t<td class=\"column-1\">Aufnahmegeb\u00fchr:<\/td><td class=\"column-2\">ein Monatsbeitrag<\/td><td class=\"column-3\">Aufnahmegeb\u00fchr:<\/td><td class=\"column-4\">0,00\u20ac<\/td><td class=\"column-5\">200,00\u20ac<\/td>\n<\/tr>\n<\/tbody>\n<\/table>\n<!-- #tablepress-2 from cache --><\/p>\n<p>* Ehepaare oder ehe\u00e4hnliche Lebensgemeinschaften inkl. Kinder bis einschlie\u00dflich 26 J.<\/p>\n<p>** Ein Erwachsener und ein Kind\/ Azubi\/ Student bis einschlie\u00dflich 26 J.[\/vc_column_text][vc_btn title=&#8220;Vereinsleitbild &amp; Mitgliedschaft&#8220; align=&#8220;center&#8220; css=&#8220;&#8220; button_block=&#8220;true&#8220; link=&#8220;url:https%3A%2F%2Ftsvschott.de%2Ftennis%2Fwp-content%2Fuploads%2Fsites%2F21%2F2026%2F02%2FMitgliedschaft-Vereinsleitbild.pdf&#8220;][\/vc_column][\/vc_row]<\/p>\n<\/div>","protected":false},"excerpt":{"rendered":"<p>[vc_row][vc_column][vc_message message_box_color=&#8220;sky&#8220; icon_fontawesome=&#8220;fa fa-solid fa-exclamation&#8220; css=&#8220;&#8220;]Neuaufnahmen: Unsere Abteilung lebt von einer aktiven, lebendigen Gemeinschaft und dem Anspruch, allen Mitgliedern angemessene Spiel- und Trainingsm\u00f6glichkeiten zu bieten. Aufgrund der begrenzten Platzkapazit\u00e4ten und zur Wahrung der Interessen unserer bestehenden Mitglieder k\u00f6nnen neue Mitgliedschaften derzeit nur in begr\u00fcndeten Ausnahmef\u00e4llen durch die Abteilungsleitung vergeben werden. Wir bitten daher, von einem [&hellip;]<\/p>\n","protected":false},"author":18,"featured_media":0,"parent":0,"menu_order":6,"comment_status":"closed","ping_status":"closed","template":"","meta":{"footnotes":""},"class_list":["post-4196","page","type-page","status-publish","hentry"],"yoast_head":"<!-- This site is optimized with the Yoast SEO plugin v27.3 - https:\/\/yoast.com\/product\/yoast-seo-wordpress\/ -->\n<title>Mitgliedschaft - Tennis<\/title>\n<meta name=\"robots\" content=\"index, follow, max-snippet:-1, max-image-preview:large, max-video-preview:-1\" \/>\n<link rel=\"canonical\" href=\"https:\/\/tsvschott.de\/tennis\/mitgliedschaft\/\" \/>\n<meta property=\"og:locale\" content=\"de_DE\" \/>\n<meta property=\"og:type\" content=\"article\" \/>\n<meta property=\"og:title\" content=\"Mitgliedschaft - Tennis\" \/>\n<meta property=\"og:description\" content=\"[vc_row][vc_column][vc_message message_box_color=&#8220;sky&#8220; icon_fontawesome=&#8220;fa fa-solid fa-exclamation&#8220; css=&#8220;&#8220;]Neuaufnahmen: Unsere Abteilung lebt von einer aktiven, lebendigen Gemeinschaft und dem Anspruch, allen Mitgliedern angemessene Spiel- und Trainingsm\u00f6glichkeiten zu bieten. Aufgrund der begrenzten Platzkapazit\u00e4ten und zur Wahrung der Interessen unserer bestehenden Mitglieder k\u00f6nnen neue Mitgliedschaften derzeit nur in begr\u00fcndeten Ausnahmef\u00e4llen durch die Abteilungsleitung vergeben werden. Wir bitten daher, von einem [&hellip;]\" \/>\n<meta property=\"og:url\" content=\"https:\/\/tsvschott.de\/tennis\/mitgliedschaft\/\" \/>\n<meta property=\"og:site_name\" content=\"Tennis\" \/>\n<meta property=\"article:modified_time\" content=\"2026-02-27T20:16:53+00:00\" \/>\n<meta name=\"twitter:card\" content=\"summary_large_image\" \/>\n<meta name=\"twitter:label1\" content=\"Gesch\u00e4tzte Lesezeit\" \/>\n\t<meta name=\"twitter:data1\" content=\"2\u00a0Minuten\" \/>\n<script type=\"application\/ld+json\" class=\"yoast-schema-graph\">{\"@context\":\"https:\\\/\\\/schema.org\",\"@graph\":[{\"@type\":\"WebPage\",\"@id\":\"https:\\\/\\\/tsvschott.de\\\/tennis\\\/mitgliedschaft\\\/\",\"url\":\"https:\\\/\\\/tsvschott.de\\\/tennis\\\/mitgliedschaft\\\/\",\"name\":\"Mitgliedschaft - Tennis\",\"isPartOf\":{\"@id\":\"https:\\\/\\\/tsvschott.de\\\/tennis\\\/#website\"},\"datePublished\":\"2022-03-02T12:28:57+00:00\",\"dateModified\":\"2026-02-27T20:16:53+00:00\",\"breadcrumb\":{\"@id\":\"https:\\\/\\\/tsvschott.de\\\/tennis\\\/mitgliedschaft\\\/#breadcrumb\"},\"inLanguage\":\"de\",\"potentialAction\":[{\"@type\":\"ReadAction\",\"target\":[\"https:\\\/\\\/tsvschott.de\\\/tennis\\\/mitgliedschaft\\\/\"]}]},{\"@type\":\"BreadcrumbList\",\"@id\":\"https:\\\/\\\/tsvschott.de\\\/tennis\\\/mitgliedschaft\\\/#breadcrumb\",\"itemListElement\":[{\"@type\":\"ListItem\",\"position\":1,\"name\":\"Startseite\",\"item\":\"https:\\\/\\\/tsvschott.de\\\/tennis\\\/\"},{\"@type\":\"ListItem\",\"position\":2,\"name\":\"Mitgliedschaft\"}]},{\"@type\":\"WebSite\",\"@id\":\"https:\\\/\\\/tsvschott.de\\\/tennis\\\/#website\",\"url\":\"https:\\\/\\\/tsvschott.de\\\/tennis\\\/\",\"name\":\"Tennis\",\"description\":\"TSV SCHOTT Mainz\",\"potentialAction\":[{\"@type\":\"SearchAction\",\"target\":{\"@type\":\"EntryPoint\",\"urlTemplate\":\"https:\\\/\\\/tsvschott.de\\\/tennis\\\/?s={search_term_string}\"},\"query-input\":{\"@type\":\"PropertyValueSpecification\",\"valueRequired\":true,\"valueName\":\"search_term_string\"}}],\"inLanguage\":\"de\"}]}<\/script>\n<!-- \/ Yoast SEO plugin. -->","yoast_head_json":{"title":"Mitgliedschaft - Tennis","robots":{"index":"index","follow":"follow","max-snippet":"max-snippet:-1","max-image-preview":"max-image-preview:large","max-video-preview":"max-video-preview:-1"},"canonical":"https:\/\/tsvschott.de\/tennis\/mitgliedschaft\/","og_locale":"de_DE","og_type":"article","og_title":"Mitgliedschaft - Tennis","og_description":"[vc_row][vc_column][vc_message message_box_color=&#8220;sky&#8220; icon_fontawesome=&#8220;fa fa-solid fa-exclamation&#8220; css=&#8220;&#8220;]Neuaufnahmen: Unsere Abteilung lebt von einer aktiven, lebendigen Gemeinschaft und dem Anspruch, allen Mitgliedern angemessene Spiel- und Trainingsm\u00f6glichkeiten zu bieten. Aufgrund der begrenzten Platzkapazit\u00e4ten und zur Wahrung der Interessen unserer bestehenden Mitglieder k\u00f6nnen neue Mitgliedschaften derzeit nur in begr\u00fcndeten Ausnahmef\u00e4llen durch die Abteilungsleitung vergeben werden. Wir bitten daher, von einem [&hellip;]","og_url":"https:\/\/tsvschott.de\/tennis\/mitgliedschaft\/","og_site_name":"Tennis","article_modified_time":"2026-02-27T20:16:53+00:00","twitter_card":"summary_large_image","twitter_misc":{"Gesch\u00e4tzte Lesezeit":"2\u00a0Minuten"},"schema":{"@context":"https:\/\/schema.org","@graph":[{"@type":"WebPage","@id":"https:\/\/tsvschott.de\/tennis\/mitgliedschaft\/","url":"https:\/\/tsvschott.de\/tennis\/mitgliedschaft\/","name":"Mitgliedschaft - Tennis","isPartOf":{"@id":"https:\/\/tsvschott.de\/tennis\/#website"},"datePublished":"2022-03-02T12:28:57+00:00","dateModified":"2026-02-27T20:16:53+00:00","breadcrumb":{"@id":"https:\/\/tsvschott.de\/tennis\/mitgliedschaft\/#breadcrumb"},"inLanguage":"de","potentialAction":[{"@type":"ReadAction","target":["https:\/\/tsvschott.de\/tennis\/mitgliedschaft\/"]}]},{"@type":"BreadcrumbList","@id":"https:\/\/tsvschott.de\/tennis\/mitgliedschaft\/#breadcrumb","itemListElement":[{"@type":"ListItem","position":1,"name":"Startseite","item":"https:\/\/tsvschott.de\/tennis\/"},{"@type":"ListItem","position":2,"name":"Mitgliedschaft"}]},{"@type":"WebSite","@id":"https:\/\/tsvschott.de\/tennis\/#website","url":"https:\/\/tsvschott.de\/tennis\/","name":"Tennis","description":"TSV SCHOTT Mainz","potentialAction":[{"@type":"SearchAction","target":{"@type":"EntryPoint","urlTemplate":"https:\/\/tsvschott.de\/tennis\/?s={search_term_string}"},"query-input":{"@type":"PropertyValueSpecification","valueRequired":true,"valueName":"search_term_string"}}],"inLanguage":"de"}]}},"_links":{"self":[{"href":"https:\/\/tsvschott.de\/tennis\/wp-json\/wp\/v2\/pages\/4196","targetHints":{"allow":["GET"]}}],"collection":[{"href":"https:\/\/tsvschott.de\/tennis\/wp-json\/wp\/v2\/pages"}],"about":[{"href":"https:\/\/tsvschott.de\/tennis\/wp-json\/wp\/v2\/types\/page"}],"author":[{"embeddable":true,"href":"https:\/\/tsvschott.de\/tennis\/wp-json\/wp\/v2\/users\/18"}],"replies":[{"embeddable":true,"href":"https:\/\/tsvschott.de\/tennis\/wp-json\/wp\/v2\/comments?post=4196"}],"version-history":[{"count":103,"href":"https:\/\/tsvschott.de\/tennis\/wp-json\/wp\/v2\/pages\/4196\/revisions"}],"predecessor-version":[{"id":6241,"href":"https:\/\/tsvschott.de\/tennis\/wp-json\/wp\/v2\/pages\/4196\/revisions\/6241"}],"wp:attachment":[{"href":"https:\/\/tsvschott.de\/tennis\/wp-json\/wp\/v2\/media?parent=4196"}],"curies":[{"name":"wp","href":"https:\/\/api.w.org\/{rel}","templated":true}]}}