{"id":4343,"date":"2022-06-26T17:08:07","date_gmt":"2022-06-26T15:08:07","guid":{"rendered":"https:\/\/tsvschott.de\/tennis\/?page_id=4343"},"modified":"2025-10-25T15:20:15","modified_gmt":"2025-10-25T13:20:15","slug":"anfahrt","status":"publish","type":"page","link":"https:\/\/tsvschott.de\/tennis\/anfahrt\/","title":{"rendered":"Anfahrt"},"content":{"rendered":"<div class=\"wpb-content-wrapper\"><p>[vc_row][vc_column width=&#8220;1\/2&#8243;][vc_column_text css=&#8220;&#8220;]<\/p>\n<div class=\"wpb_text_column wpb_content_element \">\n<div class=\"wpb_wrapper\">\n<h4>Parken &amp; Zugang zu den Tennispl\u00e4tzen sowie Padelplatz 1:<\/h4>\n<p>Bitte nutzen Sie Parkplatz 3 an der Erzbergerstra\u00dfe. Von dort aus f\u00fchrt ein schmaler Weg zwischen Hockey- und Fu\u00dfballplatz. Am Ende des Weges nehmen Sie bitte rechts die Treppe zum Tennis-Hockey-Haus.<\/p>\n<p>Wir weisen darauf hin, dass die Zufahrt zum Clubhaus f\u00fcr Autos verboten ist. Bitte nutzen Sie einen der Parkpl\u00e4tze au\u00dferhalb der Sportst\u00e4tten. Mitglieder mit Behinderung, etwa Rollstuhlfahrer, k\u00f6nnen sich gerne bez\u00fcglich einer Sonderregelung beim Vorstand melden.<\/p>\n<\/div>\n<\/div>\n<p>[\/vc_column_text][\/vc_column][vc_column width=&#8220;1\/2&#8243;][vc_column_text css=&#8220;&#8220;]<\/p>\n<div class=\"wpb_text_column wpb_content_element \">\n<h4 class=\"wpb_wrapper\">Parken &amp; Zugang zu den Padelpl\u00e4tzen 2 und 3:<\/h4>\n<div class=\"wpb_wrapper\">Sie haben zwei M\u00f6glichkeiten:<\/div>\n<ul>\n<li>Parkplatz 3 (Erzbergerstra\u00dfe): Parken Sie auf P3 und gehen Sie links am Fu\u00dfballplatz vorbei zu den Padelpl\u00e4tzen.<\/li>\n<li>Parkplatz 1 oder 2 (Karlsbader Stra\u00dfe): Parken Sie auf P1 oder P2, gehen Sie an der Halle und dem Service-Point vorbei, und folgen Sie anschlie\u00dfend dem Weg entlang der Tartanbahn bis zu den Padelpl\u00e4tzen.<\/li>\n<\/ul>\n<\/div>\n<p>[\/vc_column_text][\/vc_column][\/vc_row][vc_row][vc_column][vc_single_image image=&#8220;6015&#8243; img_size=&#8220;full&#8220; alignment=&#8220;center&#8220; onclick=&#8220;custom_link&#8220; css=&#8220;&#8220; link=&#8220;https:\/\/tsvschott.de\/tennis\/wp-content\/uploads\/sites\/21\/2025\/10\/TSV-Anfahrt.pdf&#8220;][\/vc_column][\/vc_row]<\/p>\n<\/div>","protected":false},"excerpt":{"rendered":"<p>[vc_row][vc_column width=&#8220;1\/2&#8243;][vc_column_text css=&#8220;&#8220;] Parken &amp; Zugang zu den Tennispl\u00e4tzen sowie Padelplatz 1: Bitte nutzen Sie Parkplatz 3 an der Erzbergerstra\u00dfe. Von dort aus f\u00fchrt ein schmaler Weg zwischen Hockey- und Fu\u00dfballplatz. Am Ende des Weges nehmen Sie bitte rechts die Treppe zum Tennis-Hockey-Haus. Wir weisen darauf hin, dass die Zufahrt zum Clubhaus f\u00fcr Autos verboten [&hellip;]<\/p>\n","protected":false},"author":18,"featured_media":0,"parent":0,"menu_order":6,"comment_status":"closed","ping_status":"closed","template":"","meta":{"footnotes":""},"class_list":["post-4343","page","type-page","status-publish","hentry"],"yoast_head":"<!-- This site is optimized with the Yoast SEO plugin v27.3 - https:\/\/yoast.com\/product\/yoast-seo-wordpress\/ -->\n<title>Anfahrt - Tennis<\/title>\n<meta name=\"robots\" content=\"index, follow, max-snippet:-1, max-image-preview:large, max-video-preview:-1\" \/>\n<link rel=\"canonical\" href=\"https:\/\/tsvschott.de\/tennis\/anfahrt\/\" \/>\n<meta property=\"og:locale\" content=\"de_DE\" \/>\n<meta property=\"og:type\" content=\"article\" \/>\n<meta property=\"og:title\" content=\"Anfahrt - Tennis\" \/>\n<meta property=\"og:description\" content=\"[vc_row][vc_column width=&#8220;1\/2&#8243;][vc_column_text css=&#8220;&#8220;] Parken &amp; Zugang zu den Tennispl\u00e4tzen sowie Padelplatz 1: Bitte nutzen Sie Parkplatz 3 an der Erzbergerstra\u00dfe. Von dort aus f\u00fchrt ein schmaler Weg zwischen Hockey- und Fu\u00dfballplatz. Am Ende des Weges nehmen Sie bitte rechts die Treppe zum Tennis-Hockey-Haus. Wir weisen darauf hin, dass die Zufahrt zum Clubhaus f\u00fcr Autos verboten [&hellip;]\" \/>\n<meta property=\"og:url\" content=\"https:\/\/tsvschott.de\/tennis\/anfahrt\/\" \/>\n<meta property=\"og:site_name\" content=\"Tennis\" \/>\n<meta property=\"article:modified_time\" content=\"2025-10-25T13:20:15+00:00\" \/>\n<meta name=\"twitter:card\" content=\"summary_large_image\" \/>\n<meta name=\"twitter:label1\" content=\"Gesch\u00e4tzte Lesezeit\" \/>\n\t<meta name=\"twitter:data1\" content=\"2\u00a0Minuten\" \/>\n<script type=\"application\/ld+json\" class=\"yoast-schema-graph\">{\"@context\":\"https:\\\/\\\/schema.org\",\"@graph\":[{\"@type\":\"WebPage\",\"@id\":\"https:\\\/\\\/tsvschott.de\\\/tennis\\\/anfahrt\\\/\",\"url\":\"https:\\\/\\\/tsvschott.de\\\/tennis\\\/anfahrt\\\/\",\"name\":\"Anfahrt - Tennis\",\"isPartOf\":{\"@id\":\"https:\\\/\\\/tsvschott.de\\\/tennis\\\/#website\"},\"datePublished\":\"2022-06-26T15:08:07+00:00\",\"dateModified\":\"2025-10-25T13:20:15+00:00\",\"breadcrumb\":{\"@id\":\"https:\\\/\\\/tsvschott.de\\\/tennis\\\/anfahrt\\\/#breadcrumb\"},\"inLanguage\":\"de\",\"potentialAction\":[{\"@type\":\"ReadAction\",\"target\":[\"https:\\\/\\\/tsvschott.de\\\/tennis\\\/anfahrt\\\/\"]}]},{\"@type\":\"BreadcrumbList\",\"@id\":\"https:\\\/\\\/tsvschott.de\\\/tennis\\\/anfahrt\\\/#breadcrumb\",\"itemListElement\":[{\"@type\":\"ListItem\",\"position\":1,\"name\":\"Startseite\",\"item\":\"https:\\\/\\\/tsvschott.de\\\/tennis\\\/\"},{\"@type\":\"ListItem\",\"position\":2,\"name\":\"Anfahrt\"}]},{\"@type\":\"WebSite\",\"@id\":\"https:\\\/\\\/tsvschott.de\\\/tennis\\\/#website\",\"url\":\"https:\\\/\\\/tsvschott.de\\\/tennis\\\/\",\"name\":\"Tennis\",\"description\":\"TSV SCHOTT Mainz\",\"potentialAction\":[{\"@type\":\"SearchAction\",\"target\":{\"@type\":\"EntryPoint\",\"urlTemplate\":\"https:\\\/\\\/tsvschott.de\\\/tennis\\\/?s={search_term_string}\"},\"query-input\":{\"@type\":\"PropertyValueSpecification\",\"valueRequired\":true,\"valueName\":\"search_term_string\"}}],\"inLanguage\":\"de\"}]}<\/script>\n<!-- \/ Yoast SEO plugin. -->","yoast_head_json":{"title":"Anfahrt - Tennis","robots":{"index":"index","follow":"follow","max-snippet":"max-snippet:-1","max-image-preview":"max-image-preview:large","max-video-preview":"max-video-preview:-1"},"canonical":"https:\/\/tsvschott.de\/tennis\/anfahrt\/","og_locale":"de_DE","og_type":"article","og_title":"Anfahrt - Tennis","og_description":"[vc_row][vc_column width=&#8220;1\/2&#8243;][vc_column_text css=&#8220;&#8220;] Parken &amp; Zugang zu den Tennispl\u00e4tzen sowie Padelplatz 1: Bitte nutzen Sie Parkplatz 3 an der Erzbergerstra\u00dfe. Von dort aus f\u00fchrt ein schmaler Weg zwischen Hockey- und Fu\u00dfballplatz. Am Ende des Weges nehmen Sie bitte rechts die Treppe zum Tennis-Hockey-Haus. Wir weisen darauf hin, dass die Zufahrt zum Clubhaus f\u00fcr Autos verboten [&hellip;]","og_url":"https:\/\/tsvschott.de\/tennis\/anfahrt\/","og_site_name":"Tennis","article_modified_time":"2025-10-25T13:20:15+00:00","twitter_card":"summary_large_image","twitter_misc":{"Gesch\u00e4tzte Lesezeit":"2\u00a0Minuten"},"schema":{"@context":"https:\/\/schema.org","@graph":[{"@type":"WebPage","@id":"https:\/\/tsvschott.de\/tennis\/anfahrt\/","url":"https:\/\/tsvschott.de\/tennis\/anfahrt\/","name":"Anfahrt - Tennis","isPartOf":{"@id":"https:\/\/tsvschott.de\/tennis\/#website"},"datePublished":"2022-06-26T15:08:07+00:00","dateModified":"2025-10-25T13:20:15+00:00","breadcrumb":{"@id":"https:\/\/tsvschott.de\/tennis\/anfahrt\/#breadcrumb"},"inLanguage":"de","potentialAction":[{"@type":"ReadAction","target":["https:\/\/tsvschott.de\/tennis\/anfahrt\/"]}]},{"@type":"BreadcrumbList","@id":"https:\/\/tsvschott.de\/tennis\/anfahrt\/#breadcrumb","itemListElement":[{"@type":"ListItem","position":1,"name":"Startseite","item":"https:\/\/tsvschott.de\/tennis\/"},{"@type":"ListItem","position":2,"name":"Anfahrt"}]},{"@type":"WebSite","@id":"https:\/\/tsvschott.de\/tennis\/#website","url":"https:\/\/tsvschott.de\/tennis\/","name":"Tennis","description":"TSV SCHOTT Mainz","potentialAction":[{"@type":"SearchAction","target":{"@type":"EntryPoint","urlTemplate":"https:\/\/tsvschott.de\/tennis\/?s={search_term_string}"},"query-input":{"@type":"PropertyValueSpecification","valueRequired":true,"valueName":"search_term_string"}}],"inLanguage":"de"}]}},"_links":{"self":[{"href":"https:\/\/tsvschott.de\/tennis\/wp-json\/wp\/v2\/pages\/4343","targetHints":{"allow":["GET"]}}],"collection":[{"href":"https:\/\/tsvschott.de\/tennis\/wp-json\/wp\/v2\/pages"}],"about":[{"href":"https:\/\/tsvschott.de\/tennis\/wp-json\/wp\/v2\/types\/page"}],"author":[{"embeddable":true,"href":"https:\/\/tsvschott.de\/tennis\/wp-json\/wp\/v2\/users\/18"}],"replies":[{"embeddable":true,"href":"https:\/\/tsvschott.de\/tennis\/wp-json\/wp\/v2\/comments?post=4343"}],"version-history":[{"count":18,"href":"https:\/\/tsvschott.de\/tennis\/wp-json\/wp\/v2\/pages\/4343\/revisions"}],"predecessor-version":[{"id":6033,"href":"https:\/\/tsvschott.de\/tennis\/wp-json\/wp\/v2\/pages\/4343\/revisions\/6033"}],"wp:attachment":[{"href":"https:\/\/tsvschott.de\/tennis\/wp-json\/wp\/v2\/media?parent=4343"}],"curies":[{"name":"wp","href":"https:\/\/api.w.org\/{rel}","templated":true}]}}