{"id":4531,"date":"2022-03-02T13:30:22","date_gmt":"2022-03-02T12:30:22","guid":{"rendered":"https:\/\/tsvschott.de\/tennis\/?page_id=4531"},"modified":"2026-04-01T21:38:11","modified_gmt":"2026-04-01T19:38:11","slug":"sponsoring","status":"publish","type":"page","link":"https:\/\/tsvschott.de\/tennis\/sponsoring\/","title":{"rendered":"Sponsoring"},"content":{"rendered":"<div class=\"wpb-content-wrapper\"><p>[vc_row][vc_column width=&#8220;3\/4&#8243;][vc_column_text css=&#8220;&#8220;]<\/p>\n<div class=\"page\" title=\"Page 1\">\n<div class=\"section\">\n<div class=\"layoutArea\">\n<div class=\"column\">\n<div class=\"page\" title=\"Page 1\">\n<div class=\"section\">\n<div class=\"layoutArea\">\n<div class=\"column\">\n<h4>Werden auch Sie Sponsoring Partner unserer Tennis-Abteilung!<\/h4>\n<p>Lokalisiert in Mainz-Gonsenheim und mit \u00fcber 300 Mitgliedern geh\u00f6rt unsere Tennisabteilung zu einem der gr\u00f6\u00dften Tennisvereine im Umkreis und ist gleichzeitig eine der mitgliederst\u00e4rksten Abteilung des TSV SCHOTT Mainz. Auf unseren 7 Asche-Tennispl\u00e4tzen sowie unseren 3 Padel-Pl\u00e4tzen finden regelm\u00e4\u00dfig zahlreiche Kinder, Jugendliche und Erwachsene einen Ort zum Trainieren, Spielen und geselligen Zusammenkommen.<\/p>\n<p>Unser Sponsorenkonzept umfasst vielf\u00e4ltige Ideen und M\u00f6glichkeiten, wie Sie Ihre regionale Wahrnehmung optimal steigern k\u00f6nnen \u2013 sowohl unmittelbar bei den Besuchern vor Ort als auch \u00fcber die reichweitenstarke Berichterstattung in den Medien.<\/p>\n<\/div>\n<div class=\"page\" title=\"Page 2\">\n<div class=\"section\">\n<div class=\"layoutArea\">\n<div class=\"column\">\n<div class=\"page\" title=\"Page 2\">\n<div class=\"section\">\n<div class=\"layoutArea\">\n<div class=\"column\">\n<p>Gerne stellen wir Ihnen unsere Sponsoring-Angebote im Detail vor und entwickeln gemeinsam ein Konzept, das fu\u0308r Sie den gr\u00f6\u00dften Mehrwert bietet.<\/p>\n<p>Wir freuen uns, Sie kennenzulernen!<\/p>\n<\/div>\n<\/div>\n<\/div>\n<\/div>\n<\/div>\n<\/div>\n<\/div>\n<\/div>\n<\/div>\n<\/div>\n<\/div>\n<\/div>\n<\/div>\n<\/div>\n<\/div>\n<p>[\/vc_column_text][vc_text_separator title=&#8220;Unser Verein&#8220; style=&#8220;shadow&#8220; css=&#8220;&#8220;][vc_column_text css=&#8220;&#8220;]<\/p>\n<h4>Aktive Tennisabteilung<\/h4>\n<p>[\/vc_column_text][vc_row_inner][vc_column_inner width=&#8220;1\/2&#8243;][vc_single_image image=&#8220;5898&#8243; img_size=&#8220;full&#8220; style=&#8220;vc_box_rounded&#8220; css=&#8220;&#8220;][\/vc_column_inner][vc_column_inner width=&#8220;1\/2&#8243;][vc_column_text css=&#8220;&#8220;]<\/p>\n<div class=\"page\" title=\"Page 1\">\n<div class=\"section\">\n<div class=\"layoutArea\">\n<div class=\"column\">\n<ul>\n<li>ca. 350 Mitglieder<\/li>\n<li>\u00fcber 5000 Spielstunden pro Saison<\/li>\n<li>Herrenmannschaft in der Oberliga<\/li>\n<li>Dauerhaft erfolgreiche Damen- und Herren-Mannschaften<\/li>\n<li>Individuell erfolgreiche Spieler<\/li>\n<li>Club-Abende &amp; Club-Turniere<\/li>\n<li>St\u00fctzpunktverein des Verbands<\/li>\n<li>Lehrg\u00e4nge und Sichtungen des Bezirkskaders<\/li>\n<li>Schul-AGs<\/li>\n<li>7 Sandpl\u00e4tze<\/li>\n<li>3 Padelpl\u00e4tze (erster Padelplatz in Mainz seit 2022, zwei weitere im Bau)<\/li>\n<\/ul>\n<\/div>\n<\/div>\n<\/div>\n<\/div>\n<p>[\/vc_column_text][\/vc_column_inner][\/vc_row_inner][vc_column_text css=&#8220;&#8220;]<\/p>\n<h4>Professionelle Jugendarbeit<\/h4>\n<p>[\/vc_column_text][vc_row_inner][vc_column_inner width=&#8220;1\/2&#8243;][vc_single_image image=&#8220;5899&#8243; img_size=&#8220;full&#8220; style=&#8220;vc_box_rounded&#8220; css=&#8220;&#8220;][\/vc_column_inner][vc_column_inner width=&#8220;1\/2&#8243;][vc_column_text css=&#8220;&#8220;]<\/p>\n<div class=\"page\" title=\"Page 1\">\n<div class=\"section\">\n<div class=\"layoutArea\">\n<div class=\"column\">\n<ul>\n<li>\u00fcber 130 Kinder- und Jugendliche in<\/li>\n<li>40 Trainingsgruppen<\/li>\n<li>Zahlreiche Kinder- und Jugendmannschaften<\/li>\n<li>Kinder und Jugendliche im Rheinhessen- und Rheinland-Pfalz-Kader<\/li>\n<li>Mannschafts- und Spieler-Erfolge in hohen und den h\u00f6chsten Klassen<\/li>\n<li>2 Schnuppertage\/Jahr mit ~30 Teilnehmern<\/li>\n<li>2 Sommerferien-Camps mit ~45 Kindern<\/li>\n<\/ul>\n<\/div>\n<\/div>\n<\/div>\n<\/div>\n<p>[\/vc_column_text][\/vc_column_inner][\/vc_row_inner][vc_column_text css=&#8220;&#8220;]<\/p>\n<h4>Der Hauptverein<\/h4>\n<p>[\/vc_column_text][vc_row_inner][vc_column_inner width=&#8220;1\/2&#8243;][vc_single_image image=&#8220;5493&#8243; img_size=&#8220;full&#8220; style=&#8220;vc_box_rounded&#8220; css=&#8220;&#8220;][\/vc_column_inner][vc_column_inner width=&#8220;1\/2&#8243;][vc_column_text css=&#8220;&#8220;]<\/p>\n<div class=\"page\" title=\"Page 1\">\n<div class=\"section\">\n<div class=\"layoutArea\">\n<div class=\"column\">\n<p>TSV SCHOTT Mainz<\/p>\n<ul>\n<li>gro\u0308\u00dfter Breitensportverein in Rheinland-Pfalz<\/li>\n<li>gegru\u0308ndet 1953<\/li>\n<li>u\u0308ber 3.500 Mitglieder<\/li>\n<li>2.200 Kinder und Jugendliche<\/li>\n<li>~30 Sportarten in 14 Abteilungen<\/li>\n<li>~140 Mannschaften<\/li>\n<li>~80.000 Quadratmeter Sportanlage<\/li>\n<li>2014 Bundessieger \u201eGro\u00dfer Stern des Sports in Gold\u201c<\/li>\n<\/ul>\n<\/div>\n<\/div>\n<\/div>\n<\/div>\n<p>[\/vc_column_text][\/vc_column_inner][\/vc_row_inner][\/vc_column][vc_column width=&#8220;1\/4&#8243;][vc_column_text css=&#8220;&#8220;]<\/p>\n<h3>Downloads<\/h3>\n<p><a href=\"https:\/\/tsvschott.de\/tennis\/wp-content\/uploads\/sites\/21\/2025\/04\/TSV-SCHOTT-Tennis-Padel-Sponsoring-2025.pdf\">TSV SCHOTT Tennis-Padel Sponsoring<\/a>[\/vc_column_text][vc_separator style=&#8220;shadow&#8220; css=&#8220;&#8220;][vc_column_text]<\/p>\n<h4>Kontakt<\/h4>\n<p><strong>Michael Gill<\/strong><\/p>\n<p>tennis@tsvschott.de<\/p>\n<p>Tel. 0163 8468397<\/p>\n<p>&nbsp;<\/p>\n<p><strong>Adresse:<\/strong><\/p>\n<p>Tennis &#8211; TSV SCHOTT Mainz e.V.<\/p>\n<p>Otto-Schott-Sportzentrum<\/p>\n<p>Karlsbaderstr. 23, 55122 Mainz-Gonsenheim<\/p>\n<p>Rheinland-Pfalz, Deutschland[\/vc_column_text][vc_column_text]<\/p>\n<h3>Sponsor werden<\/h3>\n<p>Schreiben Sie uns gerne eine E-Mail oder rufen Sie uns an.[\/vc_column_text][\/vc_column][\/vc_row][vc_row][vc_column][vc_column_text]<\/p>\n<h4>UNSERE PARTNER<\/h4>\n<p>[\/vc_column_text][vc_column_text]<div class='white' style='background:rgba(0,0,0,0); border:solid 0px rgba(0,0,0,0); border-radius:0px; padding:0px 0px 0px 0px;'>\n<div id='slider_5540' class='owl-carousel sa_owl_theme autohide-arrows' data-slider-id='slider_5540' style='visibility:hidden;'>\n<div id='slider_5540_slide01' class='sa_hover_container' style='padding:5% 5%; margin:0px 0%; background-image:url(&quot;https:\/\/tsvschott.de\/tennis\/wp-content\/uploads\/sites\/21\/2025\/04\/headlogo.jpg&quot;); background-position:center center; background-size:contain; background-repeat:no-repeat; '><div class='sa_hover_buttons' style='top:50%; left:50%; margin-top:-20px; margin-left:-20px;'><a class='sa_slide_link_icon' href='https:\/\/www.thelen-mineraloele.de\/' target='_self' title='' aria-label=''><\/a><\/div>\n<\/div>\n<div id='slider_5540_slide02' class='sa_hover_container' style='padding:5% 5%; margin:0px 0%; background-image:url(&quot;https:\/\/tsvschott.de\/tennis\/wp-content\/uploads\/sites\/21\/2022\/03\/83418e9283eea7d4dacbfbff1949a6c96003f9c9cdb82c50a042fcd0502225eb.png&quot;); background-position:center center; background-size:contain; background-repeat:no-repeat; '><div class='sa_hover_buttons' style='top:50%; left:50%; margin-top:-20px; margin-left:-20px;'><a class='sa_slide_link_icon' href='https:\/\/www.thelen-mineraloele.de\/' target='_self' title='' aria-label=''><\/a><\/div>\n<\/div>\n<div id='slider_5540_slide03' class='sa_hover_container' style='padding:5% 5%; margin:0px 0%; background-image:url(&quot;https:\/\/tsvschott.de\/tennis\/wp-content\/uploads\/sites\/21\/2023\/04\/SkiSport-Profis_PVC_200x100.jpg&quot;); background-position:center center; background-size:contain; background-repeat:no-repeat; '><div class='sa_hover_buttons' style='top:50%; left:50%; margin-top:-20px; margin-left:-20px;'><a class='sa_slide_link_icon' href='https:\/\/www.skiundsportprofis.de' target='_self' title='' aria-label=''><\/a><\/div>\n<\/div>\n<div id='slider_5540_slide04' class='sa_hover_container' style='padding:5% 5%; margin:0px 0%; background-image:url(&quot;https:\/\/tsvschott.de\/tennis\/wp-content\/uploads\/sites\/21\/2023\/10\/mrt-logo-280px.png&quot;); background-position:center center; background-size:contain; background-repeat:no-repeat; '><div class='sa_hover_buttons' style='top:50%; left:50%; margin-top:-20px; margin-left:-20px;'><a class='sa_slide_link_icon' href='https:\/\/www.mrt-juxplatz.de\/' target='_self' title='' aria-label=''><\/a><\/div>\n<\/div>\n<div id='slider_5540_slide05' class='sa_hover_container' style='padding:5% 5%; margin:0px 0%; background-image:url(&quot;https:\/\/tsvschott.de\/tennis\/wp-content\/uploads\/sites\/21\/2023\/10\/rrn-logo-280px.png&quot;); background-position:center center; background-size:contain; background-repeat:no-repeat; '><div class='sa_hover_buttons' style='top:50%; left:50%; margin-top:-20px; margin-left:-20px;'><a class='sa_slide_link_icon' href='https:\/\/www.rrn.de\/' target='_self' title='' aria-label=''><\/a><\/div>\n<\/div>\n<div id='slider_5540_slide06' class='sa_hover_container' style='padding:5% 5%; margin:0px 0%; background-image:url(&quot;https:\/\/tsvschott.de\/tennis\/wp-content\/uploads\/sites\/21\/2023\/10\/endoprotheticum.-logo-280px.png&quot;); background-position:center center; background-size:contain; background-repeat:no-repeat; '><div class='sa_hover_buttons' style='top:50%; left:50%; margin-top:-20px; margin-left:-20px;'><a class='sa_slide_link_icon' href='https:\/\/www.endoprotheticum.de\/' target='_self' title='' aria-label=''><\/a><\/div>\n<\/div>\n<div id='slider_5540_slide07' class='sa_hover_container' style='padding:5% 5%; margin:0px 0%; background-image:url(&quot;https:\/\/tsvschott.de\/tennis\/wp-content\/uploads\/sites\/21\/2023\/10\/lilium-logo-280px.png&quot;); background-position:center center; background-size:contain; background-repeat:no-repeat; '><div class='sa_hover_buttons' style='top:50%; left:50%; margin-top:-20px; margin-left:-20px;'><a class='sa_slide_link_icon' href='https:\/\/www.lilium-klinik.de\/' target='_self' title='' aria-label=''><\/a><\/div>\n<\/div>\n<div id='slider_5540_slide08' class='sa_hover_container' style='padding:5% 5%; margin:0px 0%; background-image:url(&quot;https:\/\/tsvschott.de\/tennis\/wp-content\/uploads\/sites\/21\/2023\/04\/misok-galerie_20120824_17004231236689.png&quot;); background-position:center center; background-size:contain; background-repeat:no-repeat; '><div class='sa_hover_buttons' style='top:50%; left:50%; margin-top:-20px; margin-left:-20px;'><a class='sa_slide_link_icon' href='https:\/\/misok-galabau.de\/index.html' target='_self' title='' aria-label=''><\/a><\/div>\n<\/div>\n<\/div>\n<\/div>\n<script type='text\/javascript'>\n\tjQuery(document).ready(function() {\n\t\tjQuery('#slider_5540').owlCarousel({\n\t\t\tresponsive:{\n\t\t\t\t0:{ items:3 },\n\t\t\t\t480:{ items:3 },\n\t\t\t\t768:{ items:5 },\n\t\t\t\t980:{ items:5 },\n\t\t\t\t1200:{ items:5 },\n\t\t\t\t1500:{ items:5 }\n\t\t\t},\n\t\t\tautoplay : true,\n\t\t\tautoplayTimeout : 3000,\n\t\t\tautoplayHoverPause : false,\n\t\t\tsmartSpeed : 2000,\n\t\t\tfluidSpeed : 2000,\n\t\t\tautoplaySpeed : 2000,\n\t\t\tnavSpeed : 2000,\n\t\t\tdotsSpeed : 2000,\n\t\t\tloop : true,\n\t\t\tnav : false,\n\t\t\tnavText : ['Previous','Next'],\n\t\t\tdots : false,\n\t\t\tresponsiveRefreshRate : 200,\n\t\t\tslideBy : 1,\n\t\t\tmergeFit : true,\n\t\t\tautoHeight : false,\n\t\t\tmouseDrag : false,\n\t\t\ttouchDrag : false\n\t\t});\n\t\tjQuery('#slider_5540').css('visibility', 'visible');\n\t\tsa_resize_slider_5540();\n\t\twindow.addEventListener('resize', sa_resize_slider_5540);\n\t\tfunction sa_resize_slider_5540() {\n\t\t\tvar min_height = '50';\n\t\t\tvar win_width = jQuery(window).width();\n\t\t\tvar slider_width = jQuery('#slider_5540').width();\n\t\t\tif (win_width < 480) {\n\t\t\t\tvar slide_width = slider_width \/ 3;\n\t\t\t} else if (win_width < 768) {\n\t\t\t\tvar slide_width = slider_width \/ 3;\n\t\t\t} else if (win_width < 980) {\n\t\t\t\tvar slide_width = slider_width \/ 5;\n\t\t\t} else if (win_width < 1200) {\n\t\t\t\tvar slide_width = slider_width \/ 5;\n\t\t\t} else if (win_width < 1500) {\n\t\t\t\tvar slide_width = slider_width \/ 5;\n\t\t\t} else {\n\t\t\t\tvar slide_width = slider_width \/ 5;\n\t\t\t}\n\t\t\tslide_width = Math.round(slide_width);\n\t\t\tvar slide_height = '0';\n\t\t\tif (min_height == 'aspect43') {\n\t\t\t\tslide_height = (slide_width \/ 4) * 3;\t\t\t\tslide_height = Math.round(slide_height);\n\t\t\t} else if (min_height == 'aspect169') {\n\t\t\t\tslide_height = (slide_width \/ 16) * 9;\t\t\t\tslide_height = Math.round(slide_height);\n\t\t\t} else {\n\t\t\t\tslide_height = (slide_width \/ 100) * min_height;\t\t\t\tslide_height = Math.round(slide_height);\n\t\t\t}\n\t\t\tjQuery('#slider_5540 .owl-item .sa_hover_container').css('min-height', slide_height+'px');\n\t\t}\n\t\tvar owl_goto = jQuery('#slider_5540');\n\t\tjQuery('.slider_5540_goto1').click(function(event){\n\t\t\towl_goto.trigger('to.owl.carousel', 0);\n\t\t});\n\t\tjQuery('.slider_5540_goto2').click(function(event){\n\t\t\towl_goto.trigger('to.owl.carousel', 1);\n\t\t});\n\t\tjQuery('.slider_5540_goto3').click(function(event){\n\t\t\towl_goto.trigger('to.owl.carousel', 2);\n\t\t});\n\t\tjQuery('.slider_5540_goto4').click(function(event){\n\t\t\towl_goto.trigger('to.owl.carousel', 3);\n\t\t});\n\t\tjQuery('.slider_5540_goto5').click(function(event){\n\t\t\towl_goto.trigger('to.owl.carousel', 4);\n\t\t});\n\t\tjQuery('.slider_5540_goto6').click(function(event){\n\t\t\towl_goto.trigger('to.owl.carousel', 5);\n\t\t});\n\t\tjQuery('.slider_5540_goto7').click(function(event){\n\t\t\towl_goto.trigger('to.owl.carousel', 6);\n\t\t});\n\t\tjQuery('.slider_5540_goto8').click(function(event){\n\t\t\towl_goto.trigger('to.owl.carousel', 7);\n\t\t});\n\t\tvar resize_5540 = jQuery('.owl-carousel');\n\t\tresize_5540.on('initialized.owl.carousel', function(e) {\n\t\t\tif (typeof(Event) === 'function') {\n\t\t\t\twindow.dispatchEvent(new Event('resize'));\n\t\t\t} else {\n\t\t\t\tvar evt = window.document.createEvent('UIEvents');\n\t\t\t\tevt.initUIEvent('resize', true, false, window, 0);\n\t\t\t\twindow.dispatchEvent(evt);\n\t\t\t}\n\t\t});\n\t});\n<\/script>\n[\/vc_column_text][\/vc_column][\/vc_row]<\/p>\n<\/div>","protected":false},"excerpt":{"rendered":"<p>[vc_row][vc_column width=&#8220;3\/4&#8243;][vc_column_text css=&#8220;&#8220;] Werden auch Sie Sponsoring Partner unserer Tennis-Abteilung! Lokalisiert in Mainz-Gonsenheim und mit \u00fcber 300 Mitgliedern geh\u00f6rt unsere Tennisabteilung zu einem der gr\u00f6\u00dften Tennisvereine im Umkreis und ist gleichzeitig eine der mitgliederst\u00e4rksten Abteilung des TSV SCHOTT Mainz. Auf unseren 7 Asche-Tennispl\u00e4tzen sowie unseren 3 Padel-Pl\u00e4tzen finden regelm\u00e4\u00dfig zahlreiche Kinder, Jugendliche und Erwachsene einen [&hellip;]<\/p>\n","protected":false},"author":18,"featured_media":0,"parent":0,"menu_order":6,"comment_status":"closed","ping_status":"closed","template":"","meta":{"footnotes":""},"class_list":["post-4531","page","type-page","status-publish","hentry"],"yoast_head":"<!-- This site is optimized with the Yoast SEO plugin v27.3 - https:\/\/yoast.com\/product\/yoast-seo-wordpress\/ -->\n<title>Sponsoring - Tennis<\/title>\n<meta name=\"robots\" content=\"index, follow, max-snippet:-1, max-image-preview:large, max-video-preview:-1\" \/>\n<link rel=\"canonical\" href=\"https:\/\/tsvschott.de\/tennis\/sponsoring\/\" \/>\n<meta property=\"og:locale\" content=\"de_DE\" \/>\n<meta property=\"og:type\" content=\"article\" \/>\n<meta property=\"og:title\" content=\"Sponsoring - Tennis\" \/>\n<meta property=\"og:description\" content=\"[vc_row][vc_column width=&#8220;3\/4&#8243;][vc_column_text css=&#8220;&#8220;] Werden auch Sie Sponsoring Partner unserer Tennis-Abteilung! Lokalisiert in Mainz-Gonsenheim und mit \u00fcber 300 Mitgliedern geh\u00f6rt unsere Tennisabteilung zu einem der gr\u00f6\u00dften Tennisvereine im Umkreis und ist gleichzeitig eine der mitgliederst\u00e4rksten Abteilung des TSV SCHOTT Mainz. Auf unseren 7 Asche-Tennispl\u00e4tzen sowie unseren 3 Padel-Pl\u00e4tzen finden regelm\u00e4\u00dfig zahlreiche Kinder, Jugendliche und Erwachsene einen [&hellip;]\" \/>\n<meta property=\"og:url\" content=\"https:\/\/tsvschott.de\/tennis\/sponsoring\/\" \/>\n<meta property=\"og:site_name\" content=\"Tennis\" \/>\n<meta property=\"article:modified_time\" content=\"2026-04-01T19:38:11+00:00\" \/>\n<meta name=\"twitter:card\" content=\"summary_large_image\" \/>\n<meta name=\"twitter:label1\" content=\"Gesch\u00e4tzte Lesezeit\" \/>\n\t<meta name=\"twitter:data1\" content=\"3\u00a0Minuten\" \/>\n<script type=\"application\/ld+json\" class=\"yoast-schema-graph\">{\"@context\":\"https:\\\/\\\/schema.org\",\"@graph\":[{\"@type\":\"WebPage\",\"@id\":\"https:\\\/\\\/tsvschott.de\\\/tennis\\\/sponsoring\\\/\",\"url\":\"https:\\\/\\\/tsvschott.de\\\/tennis\\\/sponsoring\\\/\",\"name\":\"Sponsoring - Tennis\",\"isPartOf\":{\"@id\":\"https:\\\/\\\/tsvschott.de\\\/tennis\\\/#website\"},\"datePublished\":\"2022-03-02T12:30:22+00:00\",\"dateModified\":\"2026-04-01T19:38:11+00:00\",\"breadcrumb\":{\"@id\":\"https:\\\/\\\/tsvschott.de\\\/tennis\\\/sponsoring\\\/#breadcrumb\"},\"inLanguage\":\"de\",\"potentialAction\":[{\"@type\":\"ReadAction\",\"target\":[\"https:\\\/\\\/tsvschott.de\\\/tennis\\\/sponsoring\\\/\"]}]},{\"@type\":\"BreadcrumbList\",\"@id\":\"https:\\\/\\\/tsvschott.de\\\/tennis\\\/sponsoring\\\/#breadcrumb\",\"itemListElement\":[{\"@type\":\"ListItem\",\"position\":1,\"name\":\"Startseite\",\"item\":\"https:\\\/\\\/tsvschott.de\\\/tennis\\\/\"},{\"@type\":\"ListItem\",\"position\":2,\"name\":\"Sponsoring\"}]},{\"@type\":\"WebSite\",\"@id\":\"https:\\\/\\\/tsvschott.de\\\/tennis\\\/#website\",\"url\":\"https:\\\/\\\/tsvschott.de\\\/tennis\\\/\",\"name\":\"Tennis\",\"description\":\"TSV SCHOTT Mainz\",\"potentialAction\":[{\"@type\":\"SearchAction\",\"target\":{\"@type\":\"EntryPoint\",\"urlTemplate\":\"https:\\\/\\\/tsvschott.de\\\/tennis\\\/?s={search_term_string}\"},\"query-input\":{\"@type\":\"PropertyValueSpecification\",\"valueRequired\":true,\"valueName\":\"search_term_string\"}}],\"inLanguage\":\"de\"}]}<\/script>\n<!-- \/ Yoast SEO plugin. -->","yoast_head_json":{"title":"Sponsoring - Tennis","robots":{"index":"index","follow":"follow","max-snippet":"max-snippet:-1","max-image-preview":"max-image-preview:large","max-video-preview":"max-video-preview:-1"},"canonical":"https:\/\/tsvschott.de\/tennis\/sponsoring\/","og_locale":"de_DE","og_type":"article","og_title":"Sponsoring - Tennis","og_description":"[vc_row][vc_column width=&#8220;3\/4&#8243;][vc_column_text css=&#8220;&#8220;] Werden auch Sie Sponsoring Partner unserer Tennis-Abteilung! Lokalisiert in Mainz-Gonsenheim und mit \u00fcber 300 Mitgliedern geh\u00f6rt unsere Tennisabteilung zu einem der gr\u00f6\u00dften Tennisvereine im Umkreis und ist gleichzeitig eine der mitgliederst\u00e4rksten Abteilung des TSV SCHOTT Mainz. Auf unseren 7 Asche-Tennispl\u00e4tzen sowie unseren 3 Padel-Pl\u00e4tzen finden regelm\u00e4\u00dfig zahlreiche Kinder, Jugendliche und Erwachsene einen [&hellip;]","og_url":"https:\/\/tsvschott.de\/tennis\/sponsoring\/","og_site_name":"Tennis","article_modified_time":"2026-04-01T19:38:11+00:00","twitter_card":"summary_large_image","twitter_misc":{"Gesch\u00e4tzte Lesezeit":"3\u00a0Minuten"},"schema":{"@context":"https:\/\/schema.org","@graph":[{"@type":"WebPage","@id":"https:\/\/tsvschott.de\/tennis\/sponsoring\/","url":"https:\/\/tsvschott.de\/tennis\/sponsoring\/","name":"Sponsoring - Tennis","isPartOf":{"@id":"https:\/\/tsvschott.de\/tennis\/#website"},"datePublished":"2022-03-02T12:30:22+00:00","dateModified":"2026-04-01T19:38:11+00:00","breadcrumb":{"@id":"https:\/\/tsvschott.de\/tennis\/sponsoring\/#breadcrumb"},"inLanguage":"de","potentialAction":[{"@type":"ReadAction","target":["https:\/\/tsvschott.de\/tennis\/sponsoring\/"]}]},{"@type":"BreadcrumbList","@id":"https:\/\/tsvschott.de\/tennis\/sponsoring\/#breadcrumb","itemListElement":[{"@type":"ListItem","position":1,"name":"Startseite","item":"https:\/\/tsvschott.de\/tennis\/"},{"@type":"ListItem","position":2,"name":"Sponsoring"}]},{"@type":"WebSite","@id":"https:\/\/tsvschott.de\/tennis\/#website","url":"https:\/\/tsvschott.de\/tennis\/","name":"Tennis","description":"TSV SCHOTT Mainz","potentialAction":[{"@type":"SearchAction","target":{"@type":"EntryPoint","urlTemplate":"https:\/\/tsvschott.de\/tennis\/?s={search_term_string}"},"query-input":{"@type":"PropertyValueSpecification","valueRequired":true,"valueName":"search_term_string"}}],"inLanguage":"de"}]}},"_links":{"self":[{"href":"https:\/\/tsvschott.de\/tennis\/wp-json\/wp\/v2\/pages\/4531","targetHints":{"allow":["GET"]}}],"collection":[{"href":"https:\/\/tsvschott.de\/tennis\/wp-json\/wp\/v2\/pages"}],"about":[{"href":"https:\/\/tsvschott.de\/tennis\/wp-json\/wp\/v2\/types\/page"}],"author":[{"embeddable":true,"href":"https:\/\/tsvschott.de\/tennis\/wp-json\/wp\/v2\/users\/18"}],"replies":[{"embeddable":true,"href":"https:\/\/tsvschott.de\/tennis\/wp-json\/wp\/v2\/comments?post=4531"}],"version-history":[{"count":96,"href":"https:\/\/tsvschott.de\/tennis\/wp-json\/wp\/v2\/pages\/4531\/revisions"}],"predecessor-version":[{"id":6341,"href":"https:\/\/tsvschott.de\/tennis\/wp-json\/wp\/v2\/pages\/4531\/revisions\/6341"}],"wp:attachment":[{"href":"https:\/\/tsvschott.de\/tennis\/wp-json\/wp\/v2\/media?parent=4531"}],"curies":[{"name":"wp","href":"https:\/\/api.w.org\/{rel}","templated":true}]}}