{"id":4867,"date":"2022-06-26T16:57:00","date_gmt":"2022-06-26T14:57:00","guid":{"rendered":"https:\/\/tsvschott.de\/tennis\/?page_id=4867"},"modified":"2025-06-18T13:17:40","modified_gmt":"2025-06-18T11:17:40","slug":"clubgastronomie","status":"publish","type":"page","link":"https:\/\/tsvschott.de\/tennis\/clubgastronomie\/","title":{"rendered":"Clubgastronomie"},"content":{"rendered":"<div class=\"wpb-content-wrapper\"><p>[vc_row full_width=&#8220;stretch_row_content_no_spaces&#8220; css=&#8220;.vc_custom_1750245447969{margin-top: -32px !important;background-image: url(https:\/\/tsvschott.de\/tennis\/wp-content\/uploads\/sites\/21\/2025\/03\/C774C98002446AB7ADFEDDE72BB0707D-scaled.jpg?id=5813) !important;background-position: center !important;background-repeat: no-repeat !important;background-size: cover !important;}&#8220;][vc_column][vc_empty_space height=&#8220;200px&#8220;][\/vc_column][\/vc_row][vc_row][vc_column][vc_text_separator title=&#8220;Karlsbader Stra\u00dfe 23, 55122 Mainz&#8220; title_align=&#8220;separator_align_left&#8220; style=&#8220;shadow&#8220; css=&#8220;&#8220;][vc_column_text]Unser Gesamtverein verf\u00fcgt \u00fcber ein sehr gem\u00fctliches, griechisches Vereinslokal Olympia direkt neben der Gesch\u00e4ftsstelle.<\/p>\n<p>&nbsp;<\/p>\n<p>Dar\u00fcberhinaus gibt es in unserem Clubhaus in den K\u00fchlschr\u00e4nken f\u00fcr Mitglieder verschiedene gek\u00fchlte Getr\u00e4nke zu einem niedrigen Preis. Die K\u00fchlschrankschl\u00fcssel liegen im Tennissafe, Zahlung direkt durch Hinterlegung in der jeweiligen K\u00fchlschrankt\u00fcr.<\/p>\n<p>&nbsp;<\/p>\n<p>Bei Medenspielessen kann die Leistung der Vereinsgastronomie Olympia in Anspruch genommen werden oder die Mannschaft k\u00fcmmert sich selbst um das Medenspielessen, bspw. durch Grillen.[\/vc_column_text][\/vc_column][\/vc_row][vc_row][\/vc_row]<\/p>\n<\/div>","protected":false},"excerpt":{"rendered":"<p>[vc_row full_width=&#8220;stretch_row_content_no_spaces&#8220; css=&#8220;.vc_custom_1750245447969{margin-top: -32px !important;background-image: url(https:\/\/tsvschott.de\/tennis\/wp-content\/uploads\/sites\/21\/2025\/03\/C774C98002446AB7ADFEDDE72BB0707D-scaled.jpg?id=5813) !important;background-position: center !important;background-repeat: no-repeat !important;background-size: cover !important;}&#8220;][vc_column][vc_empty_space height=&#8220;200px&#8220;][\/vc_column][\/vc_row][vc_row][vc_column][vc_text_separator title=&#8220;Karlsbader Stra\u00dfe 23, 55122 Mainz&#8220; title_align=&#8220;separator_align_left&#8220; style=&#8220;shadow&#8220; css=&#8220;&#8220;][vc_column_text]Unser Gesamtverein verf\u00fcgt \u00fcber ein sehr gem\u00fctliches, griechisches Vereinslokal Olympia direkt neben der Gesch\u00e4ftsstelle. &nbsp; Dar\u00fcberhinaus gibt es in unserem Clubhaus in den K\u00fchlschr\u00e4nken f\u00fcr Mitglieder verschiedene gek\u00fchlte Getr\u00e4nke zu einem niedrigen Preis. Die [&hellip;]<\/p>\n","protected":false},"author":18,"featured_media":0,"parent":0,"menu_order":1,"comment_status":"closed","ping_status":"closed","template":"","meta":{"footnotes":""},"class_list":["post-4867","page","type-page","status-publish","hentry"],"yoast_head":"<!-- This site is optimized with the Yoast SEO plugin v27.4 - https:\/\/yoast.com\/product\/yoast-seo-wordpress\/ -->\n<title>Clubgastronomie - Tennis<\/title>\n<meta name=\"robots\" content=\"index, follow, max-snippet:-1, max-image-preview:large, max-video-preview:-1\" \/>\n<link rel=\"canonical\" href=\"https:\/\/tsvschott.de\/tennis\/clubgastronomie\/\" \/>\n<meta property=\"og:locale\" content=\"de_DE\" \/>\n<meta property=\"og:type\" content=\"article\" \/>\n<meta property=\"og:title\" content=\"Clubgastronomie - Tennis\" \/>\n<meta property=\"og:description\" content=\"[vc_row full_width=&#8220;stretch_row_content_no_spaces&#8220; css=&#8220;.vc_custom_1750245447969{margin-top: -32px !important;background-image: url(https:\/\/tsvschott.de\/tennis\/wp-content\/uploads\/sites\/21\/2025\/03\/C774C98002446AB7ADFEDDE72BB0707D-scaled.jpg?id=5813) !important;background-position: center !important;background-repeat: no-repeat !important;background-size: cover !important;}&#8220;][vc_column][vc_empty_space height=&#8220;200px&#8220;][\/vc_column][\/vc_row][vc_row][vc_column][vc_text_separator title=&#8220;Karlsbader Stra\u00dfe 23, 55122 Mainz&#8220; title_align=&#8220;separator_align_left&#8220; style=&#8220;shadow&#8220; css=&#8220;&#8220;][vc_column_text]Unser Gesamtverein verf\u00fcgt \u00fcber ein sehr gem\u00fctliches, griechisches Vereinslokal Olympia direkt neben der Gesch\u00e4ftsstelle. &nbsp; Dar\u00fcberhinaus gibt es in unserem Clubhaus in den K\u00fchlschr\u00e4nken f\u00fcr Mitglieder verschiedene gek\u00fchlte Getr\u00e4nke zu einem niedrigen Preis. Die [&hellip;]\" \/>\n<meta property=\"og:url\" content=\"https:\/\/tsvschott.de\/tennis\/clubgastronomie\/\" \/>\n<meta property=\"og:site_name\" content=\"Tennis\" \/>\n<meta property=\"article:modified_time\" content=\"2025-06-18T11:17:40+00:00\" \/>\n<meta name=\"twitter:card\" content=\"summary_large_image\" \/>\n<meta name=\"twitter:label1\" content=\"Gesch\u00e4tzte Lesezeit\" \/>\n\t<meta name=\"twitter:data1\" content=\"1\u00a0Minute\" \/>\n<script type=\"application\/ld+json\" class=\"yoast-schema-graph\">{\"@context\":\"https:\\\/\\\/schema.org\",\"@graph\":[{\"@type\":\"WebPage\",\"@id\":\"https:\\\/\\\/tsvschott.de\\\/tennis\\\/clubgastronomie\\\/\",\"url\":\"https:\\\/\\\/tsvschott.de\\\/tennis\\\/clubgastronomie\\\/\",\"name\":\"Clubgastronomie - Tennis\",\"isPartOf\":{\"@id\":\"https:\\\/\\\/tsvschott.de\\\/tennis\\\/#website\"},\"datePublished\":\"2022-06-26T14:57:00+00:00\",\"dateModified\":\"2025-06-18T11:17:40+00:00\",\"breadcrumb\":{\"@id\":\"https:\\\/\\\/tsvschott.de\\\/tennis\\\/clubgastronomie\\\/#breadcrumb\"},\"inLanguage\":\"de\",\"potentialAction\":[{\"@type\":\"ReadAction\",\"target\":[\"https:\\\/\\\/tsvschott.de\\\/tennis\\\/clubgastronomie\\\/\"]}]},{\"@type\":\"BreadcrumbList\",\"@id\":\"https:\\\/\\\/tsvschott.de\\\/tennis\\\/clubgastronomie\\\/#breadcrumb\",\"itemListElement\":[{\"@type\":\"ListItem\",\"position\":1,\"name\":\"Startseite\",\"item\":\"https:\\\/\\\/tsvschott.de\\\/tennis\\\/\"},{\"@type\":\"ListItem\",\"position\":2,\"name\":\"Clubgastronomie\"}]},{\"@type\":\"WebSite\",\"@id\":\"https:\\\/\\\/tsvschott.de\\\/tennis\\\/#website\",\"url\":\"https:\\\/\\\/tsvschott.de\\\/tennis\\\/\",\"name\":\"Tennis\",\"description\":\"TSV SCHOTT Mainz\",\"potentialAction\":[{\"@type\":\"SearchAction\",\"target\":{\"@type\":\"EntryPoint\",\"urlTemplate\":\"https:\\\/\\\/tsvschott.de\\\/tennis\\\/?s={search_term_string}\"},\"query-input\":{\"@type\":\"PropertyValueSpecification\",\"valueRequired\":true,\"valueName\":\"search_term_string\"}}],\"inLanguage\":\"de\"}]}<\/script>\n<!-- \/ Yoast SEO plugin. -->","yoast_head_json":{"title":"Clubgastronomie - Tennis","robots":{"index":"index","follow":"follow","max-snippet":"max-snippet:-1","max-image-preview":"max-image-preview:large","max-video-preview":"max-video-preview:-1"},"canonical":"https:\/\/tsvschott.de\/tennis\/clubgastronomie\/","og_locale":"de_DE","og_type":"article","og_title":"Clubgastronomie - Tennis","og_description":"[vc_row full_width=&#8220;stretch_row_content_no_spaces&#8220; css=&#8220;.vc_custom_1750245447969{margin-top: -32px !important;background-image: url(https:\/\/tsvschott.de\/tennis\/wp-content\/uploads\/sites\/21\/2025\/03\/C774C98002446AB7ADFEDDE72BB0707D-scaled.jpg?id=5813) !important;background-position: center !important;background-repeat: no-repeat !important;background-size: cover !important;}&#8220;][vc_column][vc_empty_space height=&#8220;200px&#8220;][\/vc_column][\/vc_row][vc_row][vc_column][vc_text_separator title=&#8220;Karlsbader Stra\u00dfe 23, 55122 Mainz&#8220; title_align=&#8220;separator_align_left&#8220; style=&#8220;shadow&#8220; css=&#8220;&#8220;][vc_column_text]Unser Gesamtverein verf\u00fcgt \u00fcber ein sehr gem\u00fctliches, griechisches Vereinslokal Olympia direkt neben der Gesch\u00e4ftsstelle. &nbsp; Dar\u00fcberhinaus gibt es in unserem Clubhaus in den K\u00fchlschr\u00e4nken f\u00fcr Mitglieder verschiedene gek\u00fchlte Getr\u00e4nke zu einem niedrigen Preis. Die [&hellip;]","og_url":"https:\/\/tsvschott.de\/tennis\/clubgastronomie\/","og_site_name":"Tennis","article_modified_time":"2025-06-18T11:17:40+00:00","twitter_card":"summary_large_image","twitter_misc":{"Gesch\u00e4tzte Lesezeit":"1\u00a0Minute"},"schema":{"@context":"https:\/\/schema.org","@graph":[{"@type":"WebPage","@id":"https:\/\/tsvschott.de\/tennis\/clubgastronomie\/","url":"https:\/\/tsvschott.de\/tennis\/clubgastronomie\/","name":"Clubgastronomie - Tennis","isPartOf":{"@id":"https:\/\/tsvschott.de\/tennis\/#website"},"datePublished":"2022-06-26T14:57:00+00:00","dateModified":"2025-06-18T11:17:40+00:00","breadcrumb":{"@id":"https:\/\/tsvschott.de\/tennis\/clubgastronomie\/#breadcrumb"},"inLanguage":"de","potentialAction":[{"@type":"ReadAction","target":["https:\/\/tsvschott.de\/tennis\/clubgastronomie\/"]}]},{"@type":"BreadcrumbList","@id":"https:\/\/tsvschott.de\/tennis\/clubgastronomie\/#breadcrumb","itemListElement":[{"@type":"ListItem","position":1,"name":"Startseite","item":"https:\/\/tsvschott.de\/tennis\/"},{"@type":"ListItem","position":2,"name":"Clubgastronomie"}]},{"@type":"WebSite","@id":"https:\/\/tsvschott.de\/tennis\/#website","url":"https:\/\/tsvschott.de\/tennis\/","name":"Tennis","description":"TSV SCHOTT Mainz","potentialAction":[{"@type":"SearchAction","target":{"@type":"EntryPoint","urlTemplate":"https:\/\/tsvschott.de\/tennis\/?s={search_term_string}"},"query-input":{"@type":"PropertyValueSpecification","valueRequired":true,"valueName":"search_term_string"}}],"inLanguage":"de"}]}},"_links":{"self":[{"href":"https:\/\/tsvschott.de\/tennis\/wp-json\/wp\/v2\/pages\/4867","targetHints":{"allow":["GET"]}}],"collection":[{"href":"https:\/\/tsvschott.de\/tennis\/wp-json\/wp\/v2\/pages"}],"about":[{"href":"https:\/\/tsvschott.de\/tennis\/wp-json\/wp\/v2\/types\/page"}],"author":[{"embeddable":true,"href":"https:\/\/tsvschott.de\/tennis\/wp-json\/wp\/v2\/users\/18"}],"replies":[{"embeddable":true,"href":"https:\/\/tsvschott.de\/tennis\/wp-json\/wp\/v2\/comments?post=4867"}],"version-history":[{"count":8,"href":"https:\/\/tsvschott.de\/tennis\/wp-json\/wp\/v2\/pages\/4867\/revisions"}],"predecessor-version":[{"id":5917,"href":"https:\/\/tsvschott.de\/tennis\/wp-json\/wp\/v2\/pages\/4867\/revisions\/5917"}],"wp:attachment":[{"href":"https:\/\/tsvschott.de\/tennis\/wp-json\/wp\/v2\/media?parent=4867"}],"curies":[{"name":"wp","href":"https:\/\/api.w.org\/{rel}","templated":true}]}}