{"id":6068,"date":"2026-02-23T11:16:14","date_gmt":"2026-02-23T10:16:14","guid":{"rendered":"https:\/\/tsvschott.de\/tennis\/?page_id=6068"},"modified":"2026-02-23T11:16:14","modified_gmt":"2026-02-23T10:16:14","slug":"padel-platzbuchung","status":"publish","type":"page","link":"https:\/\/tsvschott.de\/tennis\/padel-platzbuchung\/","title":{"rendered":"Platzbuchung"},"content":{"rendered":"<div class=\"wpb-content-wrapper\"><p>[vc_row][vc_column][vc_btn title=&#8220;REGISTRIEREN &amp; PADELPLATZ BUCHEN&#8220; style=&#8220;gradient-custom&#8220; gradient_custom_color_1=&#8220;#4f94e2&#8243; gradient_custom_color_2=&#8220;#154e99&#8243; size=&#8220;lg&#8220; align=&#8220;left&#8220; i_icon_fontawesome=&#8220;fas fa-chevron-circle-right&#8220; button_block=&#8220;true&#8220; add_icon=&#8220;true&#8220; link=&#8220;url:https%3A%2F%2Ftsvschott-tennis.ebusy.de&#8220;][\/vc_column][\/vc_row][vc_row][vc_column][vc_column_text css=&#8220;&#8220;]<\/p>\n<p style=\"font-weight: 400;\">Die Padelpl\u00e4tze des TSV SCHOTT Mainz k\u00f6nnen online \u00fcber unser Buchungssystem reserviert werden. Ein Konto anlegen und buchen geht unkompliziert \u2013 auch ohne Vereinsmitgliedschaft.<\/p>\n<p style=\"font-weight: 400;\"><strong>So funktioniert\u2019s<\/strong><\/p>\n<p style=\"font-weight: 400;\">\u00dcber das Online-Buchungssystem w\u00e4hlst du Datum, Uhrzeit und Dauer deiner Spielzeit aus \u2013 gebucht werden kann zur vollen oder halben Stunde f\u00fcr 60, 90 oder 120 Minuten.<\/p>\n<p style=\"font-weight: 400;\"><strong>Direkt zur Buchung<br \/>\n<\/strong><a href=\"https:\/\/tsvschott-tennis.ebusy.de\/?utm_source=chatgpt.com\">Jetzt Platz buchen<\/a><\/p>\n<p style=\"font-weight: 400;\"><strong>Preise &amp; Konditionen<\/strong><\/p>\n<p style=\"font-weight: 400;\">Unsere drei Outdoor-Padelpl\u00e4tze stehen Mitgliedern und Nichtmitgliedern offen.<\/p>\n<p style=\"font-weight: 400;\">Platzgeb\u00fchren f\u00fcr Nichtmitglieder (pro Stunde):<\/p>\n<ul style=\"font-weight: 400;\">\n<li>08:00 \u2013 12:00 Uhr: <strong>18 \u20ac<\/strong><\/li>\n<li>12:00 \u2013 16:00 Uhr: <strong>22 \u20ac<\/strong><\/li>\n<li>16:00 \u2013 22:00 Uhr sowie <strong>Wochenenden &amp; Feiertage: 26 \u20ac<\/strong><\/li>\n<\/ul>\n<p style=\"font-weight: 400;\">Mitglieder der Tennisabteilung mit der Spielberechtigung Padel k\u00f6nnen Padelpl\u00e4tze im Rahmen ihrer Beitragspflicht nutzen; f\u00fcr Gastspieler fallen anteilige Geb\u00fchren entsprechend der Buchungszeit an. Informationen zur Mitgliedschaft findest du <a href=\"https:\/\/tsvschott.de\/tennis\/mitgliedschaft\/\">hier<\/a>.<\/p>\n<p style=\"font-weight: 400;\"><strong>Geldguthaben<\/strong><\/p>\n<p style=\"font-weight: 400;\">Mit Geldguthaben sparen: Erwerbe ein Geldguthaben \u00fcber 200\u20ac und erhalte\u00a0zus\u00e4tzlich 10% geschenkt. Du\u00a0zahlst also\u00a0200\u20ac und spielst f\u00fcr 220\u20ac.<\/p>\n<p style=\"font-weight: 400;\"><strong>Buchungsregeln &amp; Fristen<\/strong><\/p>\n<ul style=\"font-weight: 400;\">\n<li><strong>Buchungsfenster<\/strong>:<br \/>\n\u2022 Nichtmitglieder: bis 10 Tage im Voraus (mit Ausnahme von Platz 1)<br \/>\n\u2022 Mitglieder: bis 14 Tage im Voraus<\/li>\n<li><strong>Stornierung<\/strong>: bis 24 Stunden vor Spielbeginn m\u00f6glich; der Betrag wird als Wertguthaben dem Konto gutgeschrieben (sp\u00e4tere Stornierungen sind ausgeschlossen).<\/li>\n<\/ul>\n<p style=\"font-weight: 400;\"><strong>Equipment &amp; Extras<\/strong><\/p>\n<p style=\"font-weight: 400;\">Im Rahmen der Buchung kannst du <strong>Padelschl\u00e4ger<\/strong> ausleihen und <strong>Padelb\u00e4lle<\/strong> erwerben. Die Ausgabe und R\u00fcckgabe erfolgt am Verleihschrank direkt an den Pl\u00e4tzen.<\/p>\n<p style=\"font-weight: 400;\"><strong>Geschenkgutscheine<\/strong><\/p>\n<p style=\"font-weight: 400;\">Padelspielen verschenken, mit unseren Padel-Gutscheinen zu 15\u20ac,\u00a0 25\u20ac oder 50\u20ac.<\/p>\n<p style=\"font-weight: 400;\"><strong>H\u00e4ufige Fragen?<\/strong><\/p>\n<p style=\"font-weight: 400;\">Alle weiteren Informationen rund um Buchung, Bezahlung, Stornierung und Spielregeln findest du in unseren Padel-FAQ:<br \/>\n<a href=\"https:\/\/tsvschott.de\/tennis\/padelfaq?utm_source=chatgpt.com\">Zu den FAQ | TSV SCHOTT Mainz Padel<\/a><\/p>\n<p>[\/vc_column_text][\/vc_column][\/vc_row]<\/p>\n<\/div>","protected":false},"excerpt":{"rendered":"<p>[vc_row][vc_column][vc_btn title=&#8220;REGISTRIEREN &amp; PADELPLATZ BUCHEN&#8220; style=&#8220;gradient-custom&#8220; gradient_custom_color_1=&#8220;#4f94e2&#8243; gradient_custom_color_2=&#8220;#154e99&#8243; size=&#8220;lg&#8220; align=&#8220;left&#8220; i_icon_fontawesome=&#8220;fas fa-chevron-circle-right&#8220; button_block=&#8220;true&#8220; add_icon=&#8220;true&#8220; link=&#8220;url:https%3A%2F%2Ftsvschott-tennis.ebusy.de&#8220;][\/vc_column][\/vc_row][vc_row][vc_column][vc_column_text css=&#8220;&#8220;] Die Padelpl\u00e4tze des TSV SCHOTT Mainz k\u00f6nnen online \u00fcber unser Buchungssystem reserviert werden. Ein Konto anlegen und buchen geht unkompliziert \u2013 auch ohne Vereinsmitgliedschaft. So funktioniert\u2019s \u00dcber das Online-Buchungssystem w\u00e4hlst du Datum, Uhrzeit und Dauer deiner Spielzeit aus \u2013 [&hellip;]<\/p>\n","protected":false},"author":18,"featured_media":0,"parent":0,"menu_order":6,"comment_status":"closed","ping_status":"closed","template":"","meta":{"footnotes":""},"class_list":["post-6068","page","type-page","status-publish","hentry"],"yoast_head":"<!-- This site is optimized with the Yoast SEO plugin v27.3 - https:\/\/yoast.com\/product\/yoast-seo-wordpress\/ -->\n<title>Platzbuchung - Tennis<\/title>\n<meta name=\"robots\" content=\"index, follow, max-snippet:-1, max-image-preview:large, max-video-preview:-1\" \/>\n<link rel=\"canonical\" href=\"https:\/\/tsvschott.de\/tennis\/padel-platzbuchung\/\" \/>\n<meta property=\"og:locale\" content=\"de_DE\" \/>\n<meta property=\"og:type\" content=\"article\" \/>\n<meta property=\"og:title\" content=\"Platzbuchung - Tennis\" \/>\n<meta property=\"og:description\" content=\"[vc_row][vc_column][vc_btn title=&#8220;REGISTRIEREN &amp; PADELPLATZ BUCHEN&#8220; style=&#8220;gradient-custom&#8220; gradient_custom_color_1=&#8220;#4f94e2&#8243; gradient_custom_color_2=&#8220;#154e99&#8243; size=&#8220;lg&#8220; align=&#8220;left&#8220; i_icon_fontawesome=&#8220;fas fa-chevron-circle-right&#8220; button_block=&#8220;true&#8220; add_icon=&#8220;true&#8220; link=&#8220;url:https%3A%2F%2Ftsvschott-tennis.ebusy.de&#8220;][\/vc_column][\/vc_row][vc_row][vc_column][vc_column_text css=&#8220;&#8220;] Die Padelpl\u00e4tze des TSV SCHOTT Mainz k\u00f6nnen online \u00fcber unser Buchungssystem reserviert werden. Ein Konto anlegen und buchen geht unkompliziert \u2013 auch ohne Vereinsmitgliedschaft. So funktioniert\u2019s \u00dcber das Online-Buchungssystem w\u00e4hlst du Datum, Uhrzeit und Dauer deiner Spielzeit aus \u2013 [&hellip;]\" \/>\n<meta property=\"og:url\" content=\"https:\/\/tsvschott.de\/tennis\/padel-platzbuchung\/\" \/>\n<meta property=\"og:site_name\" content=\"Tennis\" \/>\n<meta name=\"twitter:card\" content=\"summary_large_image\" \/>\n<meta name=\"twitter:label1\" content=\"Gesch\u00e4tzte Lesezeit\" \/>\n\t<meta name=\"twitter:data1\" content=\"2\u00a0Minuten\" \/>\n<script type=\"application\/ld+json\" class=\"yoast-schema-graph\">{\"@context\":\"https:\\\/\\\/schema.org\",\"@graph\":[{\"@type\":\"WebPage\",\"@id\":\"https:\\\/\\\/tsvschott.de\\\/tennis\\\/padel-platzbuchung\\\/\",\"url\":\"https:\\\/\\\/tsvschott.de\\\/tennis\\\/padel-platzbuchung\\\/\",\"name\":\"Platzbuchung - Tennis\",\"isPartOf\":{\"@id\":\"https:\\\/\\\/tsvschott.de\\\/tennis\\\/#website\"},\"datePublished\":\"2026-02-23T10:16:14+00:00\",\"breadcrumb\":{\"@id\":\"https:\\\/\\\/tsvschott.de\\\/tennis\\\/padel-platzbuchung\\\/#breadcrumb\"},\"inLanguage\":\"de\",\"potentialAction\":[{\"@type\":\"ReadAction\",\"target\":[\"https:\\\/\\\/tsvschott.de\\\/tennis\\\/padel-platzbuchung\\\/\"]}]},{\"@type\":\"BreadcrumbList\",\"@id\":\"https:\\\/\\\/tsvschott.de\\\/tennis\\\/padel-platzbuchung\\\/#breadcrumb\",\"itemListElement\":[{\"@type\":\"ListItem\",\"position\":1,\"name\":\"Startseite\",\"item\":\"https:\\\/\\\/tsvschott.de\\\/tennis\\\/\"},{\"@type\":\"ListItem\",\"position\":2,\"name\":\"Platzbuchung\"}]},{\"@type\":\"WebSite\",\"@id\":\"https:\\\/\\\/tsvschott.de\\\/tennis\\\/#website\",\"url\":\"https:\\\/\\\/tsvschott.de\\\/tennis\\\/\",\"name\":\"Tennis\",\"description\":\"TSV SCHOTT Mainz\",\"potentialAction\":[{\"@type\":\"SearchAction\",\"target\":{\"@type\":\"EntryPoint\",\"urlTemplate\":\"https:\\\/\\\/tsvschott.de\\\/tennis\\\/?s={search_term_string}\"},\"query-input\":{\"@type\":\"PropertyValueSpecification\",\"valueRequired\":true,\"valueName\":\"search_term_string\"}}],\"inLanguage\":\"de\"}]}<\/script>\n<!-- \/ Yoast SEO plugin. -->","yoast_head_json":{"title":"Platzbuchung - Tennis","robots":{"index":"index","follow":"follow","max-snippet":"max-snippet:-1","max-image-preview":"max-image-preview:large","max-video-preview":"max-video-preview:-1"},"canonical":"https:\/\/tsvschott.de\/tennis\/padel-platzbuchung\/","og_locale":"de_DE","og_type":"article","og_title":"Platzbuchung - Tennis","og_description":"[vc_row][vc_column][vc_btn title=&#8220;REGISTRIEREN &amp; PADELPLATZ BUCHEN&#8220; style=&#8220;gradient-custom&#8220; gradient_custom_color_1=&#8220;#4f94e2&#8243; gradient_custom_color_2=&#8220;#154e99&#8243; size=&#8220;lg&#8220; align=&#8220;left&#8220; i_icon_fontawesome=&#8220;fas fa-chevron-circle-right&#8220; button_block=&#8220;true&#8220; add_icon=&#8220;true&#8220; link=&#8220;url:https%3A%2F%2Ftsvschott-tennis.ebusy.de&#8220;][\/vc_column][\/vc_row][vc_row][vc_column][vc_column_text css=&#8220;&#8220;] Die Padelpl\u00e4tze des TSV SCHOTT Mainz k\u00f6nnen online \u00fcber unser Buchungssystem reserviert werden. Ein Konto anlegen und buchen geht unkompliziert \u2013 auch ohne Vereinsmitgliedschaft. So funktioniert\u2019s \u00dcber das Online-Buchungssystem w\u00e4hlst du Datum, Uhrzeit und Dauer deiner Spielzeit aus \u2013 [&hellip;]","og_url":"https:\/\/tsvschott.de\/tennis\/padel-platzbuchung\/","og_site_name":"Tennis","twitter_card":"summary_large_image","twitter_misc":{"Gesch\u00e4tzte Lesezeit":"2\u00a0Minuten"},"schema":{"@context":"https:\/\/schema.org","@graph":[{"@type":"WebPage","@id":"https:\/\/tsvschott.de\/tennis\/padel-platzbuchung\/","url":"https:\/\/tsvschott.de\/tennis\/padel-platzbuchung\/","name":"Platzbuchung - Tennis","isPartOf":{"@id":"https:\/\/tsvschott.de\/tennis\/#website"},"datePublished":"2026-02-23T10:16:14+00:00","breadcrumb":{"@id":"https:\/\/tsvschott.de\/tennis\/padel-platzbuchung\/#breadcrumb"},"inLanguage":"de","potentialAction":[{"@type":"ReadAction","target":["https:\/\/tsvschott.de\/tennis\/padel-platzbuchung\/"]}]},{"@type":"BreadcrumbList","@id":"https:\/\/tsvschott.de\/tennis\/padel-platzbuchung\/#breadcrumb","itemListElement":[{"@type":"ListItem","position":1,"name":"Startseite","item":"https:\/\/tsvschott.de\/tennis\/"},{"@type":"ListItem","position":2,"name":"Platzbuchung"}]},{"@type":"WebSite","@id":"https:\/\/tsvschott.de\/tennis\/#website","url":"https:\/\/tsvschott.de\/tennis\/","name":"Tennis","description":"TSV SCHOTT Mainz","potentialAction":[{"@type":"SearchAction","target":{"@type":"EntryPoint","urlTemplate":"https:\/\/tsvschott.de\/tennis\/?s={search_term_string}"},"query-input":{"@type":"PropertyValueSpecification","valueRequired":true,"valueName":"search_term_string"}}],"inLanguage":"de"}]}},"_links":{"self":[{"href":"https:\/\/tsvschott.de\/tennis\/wp-json\/wp\/v2\/pages\/6068","targetHints":{"allow":["GET"]}}],"collection":[{"href":"https:\/\/tsvschott.de\/tennis\/wp-json\/wp\/v2\/pages"}],"about":[{"href":"https:\/\/tsvschott.de\/tennis\/wp-json\/wp\/v2\/types\/page"}],"author":[{"embeddable":true,"href":"https:\/\/tsvschott.de\/tennis\/wp-json\/wp\/v2\/users\/18"}],"replies":[{"embeddable":true,"href":"https:\/\/tsvschott.de\/tennis\/wp-json\/wp\/v2\/comments?post=6068"}],"version-history":[{"count":2,"href":"https:\/\/tsvschott.de\/tennis\/wp-json\/wp\/v2\/pages\/6068\/revisions"}],"predecessor-version":[{"id":6070,"href":"https:\/\/tsvschott.de\/tennis\/wp-json\/wp\/v2\/pages\/6068\/revisions\/6070"}],"wp:attachment":[{"href":"https:\/\/tsvschott.de\/tennis\/wp-json\/wp\/v2\/media?parent=6068"}],"curies":[{"name":"wp","href":"https:\/\/api.w.org\/{rel}","templated":true}]}}