{"id":6071,"date":"2026-02-23T11:17:08","date_gmt":"2026-02-23T10:17:08","guid":{"rendered":"https:\/\/tsvschott.de\/tennis\/?page_id=6071"},"modified":"2026-02-23T11:17:08","modified_gmt":"2026-02-23T10:17:08","slug":"padel-sport","status":"publish","type":"page","link":"https:\/\/tsvschott.de\/tennis\/padel-sport\/","title":{"rendered":"Sport"},"content":{"rendered":"<div class=\"wpb-content-wrapper\"><p>[vc_row][vc_column][vc_column_text css=&#8220;&#8220;]<\/p>\n<p style=\"font-weight: 400;\">Padel ist beim TSV SCHOTT Mainz sowohl Freizeit- als auch Vereinssport. Neben dem freien Spiel und offenen Angeboten f\u00fcr Hobbyspielerinnen und -spieler bieten wir auch die M\u00f6glichkeit, sich sportlich weiterzuentwickeln und an organisierten Wettbewerben teilzunehmen.<\/p>\n<p style=\"font-weight: 400;\">Als Mitglied im <strong>Deutscher Tennis Bund<\/strong> (DTB) und im <strong>Deutscher Padel Verband<\/strong> (DPV) nehmen wir mit Mannschaften und Spielerinnen bzw. Spielern am Ligabetrieb beider Verb\u00e4nde teil. So schaffen wir einen flie\u00dfenden \u00dcbergang vom Freizeitspiel zum wettkampforientierten Padel im Verein.<\/p>\n<p style=\"font-weight: 400;\">Aktuell stellen wir Mannschaften in folgenden Klassen:<\/p>\n<p style=\"font-weight: 400;\">Damen<\/p>\n<p style=\"font-weight: 400;\">Herren 45<\/p>\n<p style=\"font-weight: 400;\">Herren 55<\/p>\n<p style=\"font-weight: 400;\">Mixed<\/p>\n<p style=\"font-weight: 400;\"><strong>Erwartungshaltung an Spielerinnen und Spieler im Wettkampfbetrieb<\/strong><\/p>\n<p style=\"font-weight: 400;\">Die Teilnahme am Mannschafts- und Ligabetrieb setzt eine gewisse Verbindlichkeit voraus. Von Spielerinnen und Spielern, die den TSV SCHOTT Mainz im Wettbewerb vertreten, erwarten wir insbesondere:<\/p>\n<ul style=\"font-weight: 400;\">\n<li><strong>Regelm\u00e4\u00dfige Trainingsbeteiligung<\/strong>, idealerweise im vereinsorganisierten Mannschaftstraining<\/li>\n<li><strong>Zuverl\u00e4ssige Verf\u00fcgbarkeit<\/strong> f\u00fcr Punktspiele, Spieltage und Mannschaftstermine<\/li>\n<li><strong>Teamorientiertes Verhalten<\/strong>, Fair Play und respektvollen Umgang innerhalb der Mannschaft und gegen\u00fcber Gegnern<\/li>\n<li><strong>Identifikation mit dem Verein<\/strong> sowie die Bereitschaft, den TSV SCHOTT Mainz nach au\u00dfen sportlich angemessen zu repr\u00e4sentieren<\/li>\n<li><strong>Offene Kommunikation<\/strong> bei Termin- oder Verf\u00fcgbarkeitskonflikten<\/li>\n<\/ul>\n<p style=\"font-weight: 400;\">Gleichzeitig ber\u00fccksichtigen wir, dass Padel f\u00fcr viele Mitglieder ein Ausgleich zum Alltag ist. Die Erwartungshaltung ist daher realistisch gestaltet und orientiert sich an den jeweiligen Mannschaften und Spielklassen.<\/p>\n<p style=\"font-weight: 400;\">Spielerinnen und Spieler, die <strong>Padel auf einem Spielniveau von \u00fcber Level 3<\/strong> spielen und Interesse an einer sportlichen Weiterentwicklung oder der Teilnahme am Wettkampf- bzw. Mannschaftsbetrieb haben, k\u00f6nnen sich gerne direkt melden.<\/p>\n<p><strong>Kontakt:<\/strong><span style=\"font-weight: 400;\"><br \/>\nMichael Gill<br \/>\n<\/span><span style=\"font-weight: 400;\"> padel@tsvschott.de<\/span>[\/vc_column_text][\/vc_column][\/vc_row]<\/p>\n<\/div>","protected":false},"excerpt":{"rendered":"<p>[vc_row][vc_column][vc_column_text css=&#8220;&#8220;] Padel ist beim TSV SCHOTT Mainz sowohl Freizeit- als auch Vereinssport. Neben dem freien Spiel und offenen Angeboten f\u00fcr Hobbyspielerinnen und -spieler bieten wir auch die M\u00f6glichkeit, sich sportlich weiterzuentwickeln und an organisierten Wettbewerben teilzunehmen. Als Mitglied im Deutscher Tennis Bund (DTB) und im Deutscher Padel Verband (DPV) nehmen wir mit Mannschaften und [&hellip;]<\/p>\n","protected":false},"author":18,"featured_media":0,"parent":0,"menu_order":6,"comment_status":"closed","ping_status":"closed","template":"","meta":{"footnotes":""},"class_list":["post-6071","page","type-page","status-publish","hentry"],"yoast_head":"<!-- This site is optimized with the Yoast SEO plugin v27.3 - https:\/\/yoast.com\/product\/yoast-seo-wordpress\/ -->\n<title>Sport - Tennis<\/title>\n<meta name=\"robots\" content=\"index, follow, max-snippet:-1, max-image-preview:large, max-video-preview:-1\" \/>\n<link rel=\"canonical\" href=\"https:\/\/tsvschott.de\/tennis\/padel-sport\/\" \/>\n<meta property=\"og:locale\" content=\"de_DE\" \/>\n<meta property=\"og:type\" content=\"article\" \/>\n<meta property=\"og:title\" content=\"Sport - Tennis\" \/>\n<meta property=\"og:description\" content=\"[vc_row][vc_column][vc_column_text css=&#8220;&#8220;] Padel ist beim TSV SCHOTT Mainz sowohl Freizeit- als auch Vereinssport. Neben dem freien Spiel und offenen Angeboten f\u00fcr Hobbyspielerinnen und -spieler bieten wir auch die M\u00f6glichkeit, sich sportlich weiterzuentwickeln und an organisierten Wettbewerben teilzunehmen. Als Mitglied im Deutscher Tennis Bund (DTB) und im Deutscher Padel Verband (DPV) nehmen wir mit Mannschaften und [&hellip;]\" \/>\n<meta property=\"og:url\" content=\"https:\/\/tsvschott.de\/tennis\/padel-sport\/\" \/>\n<meta property=\"og:site_name\" content=\"Tennis\" \/>\n<meta name=\"twitter:card\" content=\"summary_large_image\" \/>\n<meta name=\"twitter:label1\" content=\"Gesch\u00e4tzte Lesezeit\" \/>\n\t<meta name=\"twitter:data1\" content=\"2\u00a0Minuten\" \/>\n<script type=\"application\/ld+json\" class=\"yoast-schema-graph\">{\"@context\":\"https:\\\/\\\/schema.org\",\"@graph\":[{\"@type\":\"WebPage\",\"@id\":\"https:\\\/\\\/tsvschott.de\\\/tennis\\\/padel-sport\\\/\",\"url\":\"https:\\\/\\\/tsvschott.de\\\/tennis\\\/padel-sport\\\/\",\"name\":\"Sport - Tennis\",\"isPartOf\":{\"@id\":\"https:\\\/\\\/tsvschott.de\\\/tennis\\\/#website\"},\"datePublished\":\"2026-02-23T10:17:08+00:00\",\"breadcrumb\":{\"@id\":\"https:\\\/\\\/tsvschott.de\\\/tennis\\\/padel-sport\\\/#breadcrumb\"},\"inLanguage\":\"de\",\"potentialAction\":[{\"@type\":\"ReadAction\",\"target\":[\"https:\\\/\\\/tsvschott.de\\\/tennis\\\/padel-sport\\\/\"]}]},{\"@type\":\"BreadcrumbList\",\"@id\":\"https:\\\/\\\/tsvschott.de\\\/tennis\\\/padel-sport\\\/#breadcrumb\",\"itemListElement\":[{\"@type\":\"ListItem\",\"position\":1,\"name\":\"Startseite\",\"item\":\"https:\\\/\\\/tsvschott.de\\\/tennis\\\/\"},{\"@type\":\"ListItem\",\"position\":2,\"name\":\"Sport\"}]},{\"@type\":\"WebSite\",\"@id\":\"https:\\\/\\\/tsvschott.de\\\/tennis\\\/#website\",\"url\":\"https:\\\/\\\/tsvschott.de\\\/tennis\\\/\",\"name\":\"Tennis\",\"description\":\"TSV SCHOTT Mainz\",\"potentialAction\":[{\"@type\":\"SearchAction\",\"target\":{\"@type\":\"EntryPoint\",\"urlTemplate\":\"https:\\\/\\\/tsvschott.de\\\/tennis\\\/?s={search_term_string}\"},\"query-input\":{\"@type\":\"PropertyValueSpecification\",\"valueRequired\":true,\"valueName\":\"search_term_string\"}}],\"inLanguage\":\"de\"}]}<\/script>\n<!-- \/ Yoast SEO plugin. -->","yoast_head_json":{"title":"Sport - Tennis","robots":{"index":"index","follow":"follow","max-snippet":"max-snippet:-1","max-image-preview":"max-image-preview:large","max-video-preview":"max-video-preview:-1"},"canonical":"https:\/\/tsvschott.de\/tennis\/padel-sport\/","og_locale":"de_DE","og_type":"article","og_title":"Sport - Tennis","og_description":"[vc_row][vc_column][vc_column_text css=&#8220;&#8220;] Padel ist beim TSV SCHOTT Mainz sowohl Freizeit- als auch Vereinssport. Neben dem freien Spiel und offenen Angeboten f\u00fcr Hobbyspielerinnen und -spieler bieten wir auch die M\u00f6glichkeit, sich sportlich weiterzuentwickeln und an organisierten Wettbewerben teilzunehmen. Als Mitglied im Deutscher Tennis Bund (DTB) und im Deutscher Padel Verband (DPV) nehmen wir mit Mannschaften und [&hellip;]","og_url":"https:\/\/tsvschott.de\/tennis\/padel-sport\/","og_site_name":"Tennis","twitter_card":"summary_large_image","twitter_misc":{"Gesch\u00e4tzte Lesezeit":"2\u00a0Minuten"},"schema":{"@context":"https:\/\/schema.org","@graph":[{"@type":"WebPage","@id":"https:\/\/tsvschott.de\/tennis\/padel-sport\/","url":"https:\/\/tsvschott.de\/tennis\/padel-sport\/","name":"Sport - Tennis","isPartOf":{"@id":"https:\/\/tsvschott.de\/tennis\/#website"},"datePublished":"2026-02-23T10:17:08+00:00","breadcrumb":{"@id":"https:\/\/tsvschott.de\/tennis\/padel-sport\/#breadcrumb"},"inLanguage":"de","potentialAction":[{"@type":"ReadAction","target":["https:\/\/tsvschott.de\/tennis\/padel-sport\/"]}]},{"@type":"BreadcrumbList","@id":"https:\/\/tsvschott.de\/tennis\/padel-sport\/#breadcrumb","itemListElement":[{"@type":"ListItem","position":1,"name":"Startseite","item":"https:\/\/tsvschott.de\/tennis\/"},{"@type":"ListItem","position":2,"name":"Sport"}]},{"@type":"WebSite","@id":"https:\/\/tsvschott.de\/tennis\/#website","url":"https:\/\/tsvschott.de\/tennis\/","name":"Tennis","description":"TSV SCHOTT Mainz","potentialAction":[{"@type":"SearchAction","target":{"@type":"EntryPoint","urlTemplate":"https:\/\/tsvschott.de\/tennis\/?s={search_term_string}"},"query-input":{"@type":"PropertyValueSpecification","valueRequired":true,"valueName":"search_term_string"}}],"inLanguage":"de"}]}},"_links":{"self":[{"href":"https:\/\/tsvschott.de\/tennis\/wp-json\/wp\/v2\/pages\/6071","targetHints":{"allow":["GET"]}}],"collection":[{"href":"https:\/\/tsvschott.de\/tennis\/wp-json\/wp\/v2\/pages"}],"about":[{"href":"https:\/\/tsvschott.de\/tennis\/wp-json\/wp\/v2\/types\/page"}],"author":[{"embeddable":true,"href":"https:\/\/tsvschott.de\/tennis\/wp-json\/wp\/v2\/users\/18"}],"replies":[{"embeddable":true,"href":"https:\/\/tsvschott.de\/tennis\/wp-json\/wp\/v2\/comments?post=6071"}],"version-history":[{"count":3,"href":"https:\/\/tsvschott.de\/tennis\/wp-json\/wp\/v2\/pages\/6071\/revisions"}],"predecessor-version":[{"id":6107,"href":"https:\/\/tsvschott.de\/tennis\/wp-json\/wp\/v2\/pages\/6071\/revisions\/6107"}],"wp:attachment":[{"href":"https:\/\/tsvschott.de\/tennis\/wp-json\/wp\/v2\/media?parent=6071"}],"curies":[{"name":"wp","href":"https:\/\/api.w.org\/{rel}","templated":true}]}}