{"id":6094,"date":"2026-02-23T11:28:15","date_gmt":"2026-02-23T10:28:15","guid":{"rendered":"https:\/\/tsvschott.de\/tennis\/?page_id=6094"},"modified":"2026-02-23T11:36:03","modified_gmt":"2026-02-23T10:36:03","slug":"padel-eventsturniere","status":"publish","type":"page","link":"https:\/\/tsvschott.de\/tennis\/padel-eventsturniere\/","title":{"rendered":"Events &#038; Turniere"},"content":{"rendered":"<div class=\"wpb-content-wrapper\"><p>[vc_row][vc_column][vc_column_text css=&#8220;&#8220;]<\/p>\n<p style=\"font-weight: 400;\">Neben dem regul\u00e4ren Spielbetrieb organisieren wir regelm\u00e4\u00dfig <strong>Padel-Events und Turniere<\/strong> f\u00fcr unterschiedliche Spielst\u00e4rken und Zielgruppen. Im Vordergrund stehen dabei sportlicher Wettbewerb, Fair Play und der gemeinschaftliche Charakter des Vereins.<\/p>\n<p style=\"font-weight: 400;\"><strong>Unsere Formate<\/strong><\/p>\n<ul style=\"font-weight: 400;\">\n<li><strong>Americano-Turniere<\/strong> f\u00fcr Spielerinnen und Spieler ab <strong>Level 2,8<\/strong><\/li>\n<li><strong>Americano-Turniere f\u00fcr Anf\u00e4ngerinnen und Anf\u00e4nger<\/strong><\/li>\n<li><strong>Damen-Americanos<\/strong><\/li>\n<li><strong>Jugend-Americanos<\/strong><\/li>\n<\/ul>\n<p style=\"font-weight: 400;\">Die Veranstaltungen bieten sowohl ambitionierten als auch neuen Spielerinnen und Spielern eine ideale M\u00f6glichkeit, Spielpraxis zu sammeln, andere Mitglieder kennenzulernen und den Padelsport in entspannter Atmosph\u00e4re zu erleben.<\/p>\n<p style=\"font-weight: 400;\">Termine und Anmeldung erfolgen \u00fcber unsere <a href=\"https:\/\/tsvschott-tennis.ebusy.de\/veranstaltungen\">Veranstaltungen<\/a>.<\/p>\n<p>[\/vc_column_text][\/vc_column][\/vc_row]<\/p>\n<\/div>","protected":false},"excerpt":{"rendered":"<p>[vc_row][vc_column][vc_column_text css=&#8220;&#8220;] Neben dem regul\u00e4ren Spielbetrieb organisieren wir regelm\u00e4\u00dfig Padel-Events und Turniere f\u00fcr unterschiedliche Spielst\u00e4rken und Zielgruppen. Im Vordergrund stehen dabei sportlicher Wettbewerb, Fair Play und der gemeinschaftliche Charakter des Vereins. Unsere Formate Americano-Turniere f\u00fcr Spielerinnen und Spieler ab Level 2,8 Americano-Turniere f\u00fcr Anf\u00e4ngerinnen und Anf\u00e4nger Damen-Americanos Jugend-Americanos Die Veranstaltungen bieten sowohl ambitionierten als auch [&hellip;]<\/p>\n","protected":false},"author":18,"featured_media":0,"parent":0,"menu_order":6,"comment_status":"closed","ping_status":"closed","template":"","meta":{"footnotes":""},"class_list":["post-6094","page","type-page","status-publish","hentry"],"yoast_head":"<!-- This site is optimized with the Yoast SEO plugin v27.3 - https:\/\/yoast.com\/product\/yoast-seo-wordpress\/ -->\n<title>Events &#038; Turniere - Tennis<\/title>\n<meta name=\"robots\" content=\"index, follow, max-snippet:-1, max-image-preview:large, max-video-preview:-1\" \/>\n<link rel=\"canonical\" href=\"https:\/\/tsvschott.de\/tennis\/padel-eventsturniere\/\" \/>\n<meta property=\"og:locale\" content=\"de_DE\" \/>\n<meta property=\"og:type\" content=\"article\" \/>\n<meta property=\"og:title\" content=\"Events &#038; Turniere - Tennis\" \/>\n<meta property=\"og:description\" content=\"[vc_row][vc_column][vc_column_text css=&#8220;&#8220;] Neben dem regul\u00e4ren Spielbetrieb organisieren wir regelm\u00e4\u00dfig Padel-Events und Turniere f\u00fcr unterschiedliche Spielst\u00e4rken und Zielgruppen. Im Vordergrund stehen dabei sportlicher Wettbewerb, Fair Play und der gemeinschaftliche Charakter des Vereins. Unsere Formate Americano-Turniere f\u00fcr Spielerinnen und Spieler ab Level 2,8 Americano-Turniere f\u00fcr Anf\u00e4ngerinnen und Anf\u00e4nger Damen-Americanos Jugend-Americanos Die Veranstaltungen bieten sowohl ambitionierten als auch [&hellip;]\" \/>\n<meta property=\"og:url\" content=\"https:\/\/tsvschott.de\/tennis\/padel-eventsturniere\/\" \/>\n<meta property=\"og:site_name\" content=\"Tennis\" \/>\n<meta property=\"article:modified_time\" content=\"2026-02-23T10:36:03+00:00\" \/>\n<meta name=\"twitter:card\" content=\"summary_large_image\" \/>\n<meta name=\"twitter:label1\" content=\"Gesch\u00e4tzte Lesezeit\" \/>\n\t<meta name=\"twitter:data1\" content=\"1\u00a0Minute\" \/>\n<script type=\"application\/ld+json\" class=\"yoast-schema-graph\">{\"@context\":\"https:\\\/\\\/schema.org\",\"@graph\":[{\"@type\":\"WebPage\",\"@id\":\"https:\\\/\\\/tsvschott.de\\\/tennis\\\/padel-eventsturniere\\\/\",\"url\":\"https:\\\/\\\/tsvschott.de\\\/tennis\\\/padel-eventsturniere\\\/\",\"name\":\"Events &#038; Turniere - Tennis\",\"isPartOf\":{\"@id\":\"https:\\\/\\\/tsvschott.de\\\/tennis\\\/#website\"},\"datePublished\":\"2026-02-23T10:28:15+00:00\",\"dateModified\":\"2026-02-23T10:36:03+00:00\",\"breadcrumb\":{\"@id\":\"https:\\\/\\\/tsvschott.de\\\/tennis\\\/padel-eventsturniere\\\/#breadcrumb\"},\"inLanguage\":\"de\",\"potentialAction\":[{\"@type\":\"ReadAction\",\"target\":[\"https:\\\/\\\/tsvschott.de\\\/tennis\\\/padel-eventsturniere\\\/\"]}]},{\"@type\":\"BreadcrumbList\",\"@id\":\"https:\\\/\\\/tsvschott.de\\\/tennis\\\/padel-eventsturniere\\\/#breadcrumb\",\"itemListElement\":[{\"@type\":\"ListItem\",\"position\":1,\"name\":\"Startseite\",\"item\":\"https:\\\/\\\/tsvschott.de\\\/tennis\\\/\"},{\"@type\":\"ListItem\",\"position\":2,\"name\":\"Events &#038; Turniere\"}]},{\"@type\":\"WebSite\",\"@id\":\"https:\\\/\\\/tsvschott.de\\\/tennis\\\/#website\",\"url\":\"https:\\\/\\\/tsvschott.de\\\/tennis\\\/\",\"name\":\"Tennis\",\"description\":\"TSV SCHOTT Mainz\",\"potentialAction\":[{\"@type\":\"SearchAction\",\"target\":{\"@type\":\"EntryPoint\",\"urlTemplate\":\"https:\\\/\\\/tsvschott.de\\\/tennis\\\/?s={search_term_string}\"},\"query-input\":{\"@type\":\"PropertyValueSpecification\",\"valueRequired\":true,\"valueName\":\"search_term_string\"}}],\"inLanguage\":\"de\"}]}<\/script>\n<!-- \/ Yoast SEO plugin. -->","yoast_head_json":{"title":"Events &#038; Turniere - Tennis","robots":{"index":"index","follow":"follow","max-snippet":"max-snippet:-1","max-image-preview":"max-image-preview:large","max-video-preview":"max-video-preview:-1"},"canonical":"https:\/\/tsvschott.de\/tennis\/padel-eventsturniere\/","og_locale":"de_DE","og_type":"article","og_title":"Events &#038; Turniere - Tennis","og_description":"[vc_row][vc_column][vc_column_text css=&#8220;&#8220;] Neben dem regul\u00e4ren Spielbetrieb organisieren wir regelm\u00e4\u00dfig Padel-Events und Turniere f\u00fcr unterschiedliche Spielst\u00e4rken und Zielgruppen. Im Vordergrund stehen dabei sportlicher Wettbewerb, Fair Play und der gemeinschaftliche Charakter des Vereins. Unsere Formate Americano-Turniere f\u00fcr Spielerinnen und Spieler ab Level 2,8 Americano-Turniere f\u00fcr Anf\u00e4ngerinnen und Anf\u00e4nger Damen-Americanos Jugend-Americanos Die Veranstaltungen bieten sowohl ambitionierten als auch [&hellip;]","og_url":"https:\/\/tsvschott.de\/tennis\/padel-eventsturniere\/","og_site_name":"Tennis","article_modified_time":"2026-02-23T10:36:03+00:00","twitter_card":"summary_large_image","twitter_misc":{"Gesch\u00e4tzte Lesezeit":"1\u00a0Minute"},"schema":{"@context":"https:\/\/schema.org","@graph":[{"@type":"WebPage","@id":"https:\/\/tsvschott.de\/tennis\/padel-eventsturniere\/","url":"https:\/\/tsvschott.de\/tennis\/padel-eventsturniere\/","name":"Events &#038; Turniere - Tennis","isPartOf":{"@id":"https:\/\/tsvschott.de\/tennis\/#website"},"datePublished":"2026-02-23T10:28:15+00:00","dateModified":"2026-02-23T10:36:03+00:00","breadcrumb":{"@id":"https:\/\/tsvschott.de\/tennis\/padel-eventsturniere\/#breadcrumb"},"inLanguage":"de","potentialAction":[{"@type":"ReadAction","target":["https:\/\/tsvschott.de\/tennis\/padel-eventsturniere\/"]}]},{"@type":"BreadcrumbList","@id":"https:\/\/tsvschott.de\/tennis\/padel-eventsturniere\/#breadcrumb","itemListElement":[{"@type":"ListItem","position":1,"name":"Startseite","item":"https:\/\/tsvschott.de\/tennis\/"},{"@type":"ListItem","position":2,"name":"Events &#038; Turniere"}]},{"@type":"WebSite","@id":"https:\/\/tsvschott.de\/tennis\/#website","url":"https:\/\/tsvschott.de\/tennis\/","name":"Tennis","description":"TSV SCHOTT Mainz","potentialAction":[{"@type":"SearchAction","target":{"@type":"EntryPoint","urlTemplate":"https:\/\/tsvschott.de\/tennis\/?s={search_term_string}"},"query-input":{"@type":"PropertyValueSpecification","valueRequired":true,"valueName":"search_term_string"}}],"inLanguage":"de"}]}},"_links":{"self":[{"href":"https:\/\/tsvschott.de\/tennis\/wp-json\/wp\/v2\/pages\/6094","targetHints":{"allow":["GET"]}}],"collection":[{"href":"https:\/\/tsvschott.de\/tennis\/wp-json\/wp\/v2\/pages"}],"about":[{"href":"https:\/\/tsvschott.de\/tennis\/wp-json\/wp\/v2\/types\/page"}],"author":[{"embeddable":true,"href":"https:\/\/tsvschott.de\/tennis\/wp-json\/wp\/v2\/users\/18"}],"replies":[{"embeddable":true,"href":"https:\/\/tsvschott.de\/tennis\/wp-json\/wp\/v2\/comments?post=6094"}],"version-history":[{"count":3,"href":"https:\/\/tsvschott.de\/tennis\/wp-json\/wp\/v2\/pages\/6094\/revisions"}],"predecessor-version":[{"id":6130,"href":"https:\/\/tsvschott.de\/tennis\/wp-json\/wp\/v2\/pages\/6094\/revisions\/6130"}],"wp:attachment":[{"href":"https:\/\/tsvschott.de\/tennis\/wp-json\/wp\/v2\/media?parent=6094"}],"curies":[{"name":"wp","href":"https:\/\/api.w.org\/{rel}","templated":true}]}}