{"id":6096,"date":"2026-02-23T11:29:24","date_gmt":"2026-02-23T10:29:24","guid":{"rendered":"https:\/\/tsvschott.de\/tennis\/?page_id=6096"},"modified":"2026-02-23T11:29:24","modified_gmt":"2026-02-23T10:29:24","slug":"padel-firmenevents","status":"publish","type":"page","link":"https:\/\/tsvschott.de\/tennis\/padel-firmenevents\/","title":{"rendered":"Firmenevents"},"content":{"rendered":"<div class=\"wpb-content-wrapper\"><p>[vc_row][vc_column][vc_column_text css=&#8220;&#8220;]<\/p>\n<p style=\"font-weight: 400;\">Padel eignet sich hervorragend als Teamevent f\u00fcr Unternehmen \u2013 aktiv, kommunikativ und f\u00fcr alle Leistungsniveaus schnell zug\u00e4nglich. Der TSV SCHOTT Mainz bietet Firmen die M\u00f6glichkeit, individuell organisierte Padel-Events auf unserer Anlage durchzuf\u00fchren.<\/p>\n<p style=\"font-weight: 400;\"><strong>Unser Angebot<\/strong><\/p>\n<ul style=\"font-weight: 400;\">\n<li>Padel-Event f\u00fcr <strong>bis zu ca. 12\u201318 Personen<\/strong><\/li>\n<li>Einf\u00fchrung in Regeln und Spielablauf<\/li>\n<li>Betreuung durch erfahrene Trainerinnen und Trainer<\/li>\n<li>Organisation abwechslungsreicher Spielformen (z. B. Americano, Teamspiele)<\/li>\n<li>Leihschl\u00e4ger und B\u00e4lle inklusive<\/li>\n<li>Getr\u00e4nke- und Cateringorganisation nach Absprache<\/li>\n<\/ul>\n<p style=\"font-weight: 400;\">Das Event kann je nach Wunsch als sportlich-aktiver Programmpunkt, lockeres Teambuilding oder als Kombination aus Training und freiem Spiel gestaltet werden.<\/p>\n<p style=\"font-weight: 400;\"><strong>Geeignet f\u00fcr<\/strong><\/p>\n<ul style=\"font-weight: 400;\">\n<li>Teambuilding-Ma\u00dfnahmen<\/li>\n<li>Abteilungs- oder Team-Events<\/li>\n<li>Sommerfeste oder Workshops mit aktivem Ausgleich<\/li>\n<\/ul>\n<p style=\"font-weight: 400;\"><strong>Optional: Gemeinsamer Ausklang im Vereinsrestaurant<\/strong><\/p>\n<p style=\"font-weight: 400;\">Im Anschluss an das Padel-Event besteht die M\u00f6glichkeit eines gemeinsamen Ausklangs im <strong>Olympia<\/strong>.<br \/>\nDas Vereinsrestaurant befindet sich direkt auf dem Gel\u00e4nde und bietet den idealen Rahmen, um den sportlichen Teil in entspannter Atmosph\u00e4re ausklingen zu lassen.<\/p>\n<p style=\"font-weight: 400;\"><strong>M\u00f6gliche Optionen<\/strong><\/p>\n<ul style=\"font-weight: 400;\">\n<li>Reservierter Bereich f\u00fcr die Gruppe<\/li>\n<li>Getr\u00e4nke- oder Essensauswahl nach Absprache<\/li>\n<li>Gemeinsames Essen oder lockeres Get-together<\/li>\n<\/ul>\n<p style=\"font-weight: 400;\">Die Organisation und Abstimmung erfolgt individuell im Rahmen der Eventplanung.<\/p>\n<p style=\"font-weight: 400;\"><strong>Kosten<\/strong><br \/>\nab 300\u20ac f\u00fcr 2 Stunden und ein Trainer bis ca. 800\u20ac f\u00fcr 4 Stunden und zwei Trainern, zzgl. etwaiger Extras<\/p>\n<p style=\"font-weight: 400;\"><strong>Termin, Dauer und Ablauf stimmen wir individuell ab.<\/strong><br \/>\nGerne erstellen wir ein passendes Angebot.<\/p>\n<p style=\"font-weight: 400;\"><strong>Anfragen:<\/strong><br \/>\nMichael Gill<br \/>\npadel@tsvschott.de<\/p>\n<p>[\/vc_column_text][\/vc_column][\/vc_row]<\/p>\n<\/div>","protected":false},"excerpt":{"rendered":"<p>[vc_row][vc_column][vc_column_text css=&#8220;&#8220;] Padel eignet sich hervorragend als Teamevent f\u00fcr Unternehmen \u2013 aktiv, kommunikativ und f\u00fcr alle Leistungsniveaus schnell zug\u00e4nglich. Der TSV SCHOTT Mainz bietet Firmen die M\u00f6glichkeit, individuell organisierte Padel-Events auf unserer Anlage durchzuf\u00fchren. Unser Angebot Padel-Event f\u00fcr bis zu ca. 12\u201318 Personen Einf\u00fchrung in Regeln und Spielablauf Betreuung durch erfahrene Trainerinnen und Trainer Organisation [&hellip;]<\/p>\n","protected":false},"author":18,"featured_media":0,"parent":0,"menu_order":6,"comment_status":"closed","ping_status":"closed","template":"","meta":{"footnotes":""},"class_list":["post-6096","page","type-page","status-publish","hentry"],"yoast_head":"<!-- This site is optimized with the Yoast SEO plugin v27.3 - https:\/\/yoast.com\/product\/yoast-seo-wordpress\/ -->\n<title>Firmenevents - Tennis<\/title>\n<meta name=\"robots\" content=\"index, follow, max-snippet:-1, max-image-preview:large, max-video-preview:-1\" \/>\n<link rel=\"canonical\" href=\"https:\/\/tsvschott.de\/tennis\/padel-firmenevents\/\" \/>\n<meta property=\"og:locale\" content=\"de_DE\" \/>\n<meta property=\"og:type\" content=\"article\" \/>\n<meta property=\"og:title\" content=\"Firmenevents - Tennis\" \/>\n<meta property=\"og:description\" content=\"[vc_row][vc_column][vc_column_text css=&#8220;&#8220;] Padel eignet sich hervorragend als Teamevent f\u00fcr Unternehmen \u2013 aktiv, kommunikativ und f\u00fcr alle Leistungsniveaus schnell zug\u00e4nglich. Der TSV SCHOTT Mainz bietet Firmen die M\u00f6glichkeit, individuell organisierte Padel-Events auf unserer Anlage durchzuf\u00fchren. Unser Angebot Padel-Event f\u00fcr bis zu ca. 12\u201318 Personen Einf\u00fchrung in Regeln und Spielablauf Betreuung durch erfahrene Trainerinnen und Trainer Organisation [&hellip;]\" \/>\n<meta property=\"og:url\" content=\"https:\/\/tsvschott.de\/tennis\/padel-firmenevents\/\" \/>\n<meta property=\"og:site_name\" content=\"Tennis\" \/>\n<meta name=\"twitter:card\" content=\"summary_large_image\" \/>\n<meta name=\"twitter:label1\" content=\"Gesch\u00e4tzte Lesezeit\" \/>\n\t<meta name=\"twitter:data1\" content=\"2\u00a0Minuten\" \/>\n<script type=\"application\/ld+json\" class=\"yoast-schema-graph\">{\"@context\":\"https:\\\/\\\/schema.org\",\"@graph\":[{\"@type\":\"WebPage\",\"@id\":\"https:\\\/\\\/tsvschott.de\\\/tennis\\\/padel-firmenevents\\\/\",\"url\":\"https:\\\/\\\/tsvschott.de\\\/tennis\\\/padel-firmenevents\\\/\",\"name\":\"Firmenevents - Tennis\",\"isPartOf\":{\"@id\":\"https:\\\/\\\/tsvschott.de\\\/tennis\\\/#website\"},\"datePublished\":\"2026-02-23T10:29:24+00:00\",\"breadcrumb\":{\"@id\":\"https:\\\/\\\/tsvschott.de\\\/tennis\\\/padel-firmenevents\\\/#breadcrumb\"},\"inLanguage\":\"de\",\"potentialAction\":[{\"@type\":\"ReadAction\",\"target\":[\"https:\\\/\\\/tsvschott.de\\\/tennis\\\/padel-firmenevents\\\/\"]}]},{\"@type\":\"BreadcrumbList\",\"@id\":\"https:\\\/\\\/tsvschott.de\\\/tennis\\\/padel-firmenevents\\\/#breadcrumb\",\"itemListElement\":[{\"@type\":\"ListItem\",\"position\":1,\"name\":\"Startseite\",\"item\":\"https:\\\/\\\/tsvschott.de\\\/tennis\\\/\"},{\"@type\":\"ListItem\",\"position\":2,\"name\":\"Firmenevents\"}]},{\"@type\":\"WebSite\",\"@id\":\"https:\\\/\\\/tsvschott.de\\\/tennis\\\/#website\",\"url\":\"https:\\\/\\\/tsvschott.de\\\/tennis\\\/\",\"name\":\"Tennis\",\"description\":\"TSV SCHOTT Mainz\",\"potentialAction\":[{\"@type\":\"SearchAction\",\"target\":{\"@type\":\"EntryPoint\",\"urlTemplate\":\"https:\\\/\\\/tsvschott.de\\\/tennis\\\/?s={search_term_string}\"},\"query-input\":{\"@type\":\"PropertyValueSpecification\",\"valueRequired\":true,\"valueName\":\"search_term_string\"}}],\"inLanguage\":\"de\"}]}<\/script>\n<!-- \/ Yoast SEO plugin. -->","yoast_head_json":{"title":"Firmenevents - Tennis","robots":{"index":"index","follow":"follow","max-snippet":"max-snippet:-1","max-image-preview":"max-image-preview:large","max-video-preview":"max-video-preview:-1"},"canonical":"https:\/\/tsvschott.de\/tennis\/padel-firmenevents\/","og_locale":"de_DE","og_type":"article","og_title":"Firmenevents - Tennis","og_description":"[vc_row][vc_column][vc_column_text css=&#8220;&#8220;] Padel eignet sich hervorragend als Teamevent f\u00fcr Unternehmen \u2013 aktiv, kommunikativ und f\u00fcr alle Leistungsniveaus schnell zug\u00e4nglich. Der TSV SCHOTT Mainz bietet Firmen die M\u00f6glichkeit, individuell organisierte Padel-Events auf unserer Anlage durchzuf\u00fchren. Unser Angebot Padel-Event f\u00fcr bis zu ca. 12\u201318 Personen Einf\u00fchrung in Regeln und Spielablauf Betreuung durch erfahrene Trainerinnen und Trainer Organisation [&hellip;]","og_url":"https:\/\/tsvschott.de\/tennis\/padel-firmenevents\/","og_site_name":"Tennis","twitter_card":"summary_large_image","twitter_misc":{"Gesch\u00e4tzte Lesezeit":"2\u00a0Minuten"},"schema":{"@context":"https:\/\/schema.org","@graph":[{"@type":"WebPage","@id":"https:\/\/tsvschott.de\/tennis\/padel-firmenevents\/","url":"https:\/\/tsvschott.de\/tennis\/padel-firmenevents\/","name":"Firmenevents - Tennis","isPartOf":{"@id":"https:\/\/tsvschott.de\/tennis\/#website"},"datePublished":"2026-02-23T10:29:24+00:00","breadcrumb":{"@id":"https:\/\/tsvschott.de\/tennis\/padel-firmenevents\/#breadcrumb"},"inLanguage":"de","potentialAction":[{"@type":"ReadAction","target":["https:\/\/tsvschott.de\/tennis\/padel-firmenevents\/"]}]},{"@type":"BreadcrumbList","@id":"https:\/\/tsvschott.de\/tennis\/padel-firmenevents\/#breadcrumb","itemListElement":[{"@type":"ListItem","position":1,"name":"Startseite","item":"https:\/\/tsvschott.de\/tennis\/"},{"@type":"ListItem","position":2,"name":"Firmenevents"}]},{"@type":"WebSite","@id":"https:\/\/tsvschott.de\/tennis\/#website","url":"https:\/\/tsvschott.de\/tennis\/","name":"Tennis","description":"TSV SCHOTT Mainz","potentialAction":[{"@type":"SearchAction","target":{"@type":"EntryPoint","urlTemplate":"https:\/\/tsvschott.de\/tennis\/?s={search_term_string}"},"query-input":{"@type":"PropertyValueSpecification","valueRequired":true,"valueName":"search_term_string"}}],"inLanguage":"de"}]}},"_links":{"self":[{"href":"https:\/\/tsvschott.de\/tennis\/wp-json\/wp\/v2\/pages\/6096","targetHints":{"allow":["GET"]}}],"collection":[{"href":"https:\/\/tsvschott.de\/tennis\/wp-json\/wp\/v2\/pages"}],"about":[{"href":"https:\/\/tsvschott.de\/tennis\/wp-json\/wp\/v2\/types\/page"}],"author":[{"embeddable":true,"href":"https:\/\/tsvschott.de\/tennis\/wp-json\/wp\/v2\/users\/18"}],"replies":[{"embeddable":true,"href":"https:\/\/tsvschott.de\/tennis\/wp-json\/wp\/v2\/comments?post=6096"}],"version-history":[{"count":2,"href":"https:\/\/tsvschott.de\/tennis\/wp-json\/wp\/v2\/pages\/6096\/revisions"}],"predecessor-version":[{"id":6119,"href":"https:\/\/tsvschott.de\/tennis\/wp-json\/wp\/v2\/pages\/6096\/revisions\/6119"}],"wp:attachment":[{"href":"https:\/\/tsvschott.de\/tennis\/wp-json\/wp\/v2\/media?parent=6096"}],"curies":[{"name":"wp","href":"https:\/\/api.w.org\/{rel}","templated":true}]}}