{"id":6102,"date":"2026-02-23T11:29:50","date_gmt":"2026-02-23T10:29:50","guid":{"rendered":"https:\/\/tsvschott.de\/tennis\/?page_id=6102"},"modified":"2026-02-23T11:29:50","modified_gmt":"2026-02-23T10:29:50","slug":"padelregeln","status":"publish","type":"page","link":"https:\/\/tsvschott.de\/tennis\/padelregeln\/","title":{"rendered":"Padelregeln"},"content":{"rendered":"<div class=\"wpb-content-wrapper\"><p>[vc_row full_width=&#8220;stretch_row&#8220;][vc_column][vc_column_text css=&#8220;&#8220;]<\/p>\n<p style=\"font-weight: 400;\">Padel ist leicht zu erlernen \u2013 und dennoch taktisch anspruchsvoll.<\/p>\n<p style=\"font-weight: 400;\"><strong>Grundlagen<\/strong><\/p>\n<ul style=\"font-weight: 400;\">\n<li>Gespielt wird im Doppel<\/li>\n<li>Aufschlag von unten<\/li>\n<li>W\u00e4nde d\u00fcrfen nach Bodenkontakt ins Spiel einbezogen werden<\/li>\n<li>Z\u00e4hlweise wie im Tennis<\/li>\n<\/ul>\n<p style=\"font-weight: 400;\">Hier eine kompakte Regel\u00fcbersicht:<\/p>\n<p>[\/vc_column_text][vc_column_text css=&#8220;&#8220;]<\/p>\n<ol>\n<li>Das Spiel wird normalerweise von vier Spielern gespielt &#8211; zwei pro Team.<\/li>\n<li>Das Spiel beginnt mit einem Aufschlag, der von einem der Spieler des ersten Teams ausgef\u00fchrt wird. Der Aufschlag muss diagonal \u00fcber das Netz in das Aufschlagfeld des gegnerischen Teams geschlagen werden. Wenn der Aufschlag ins Netz, nicht ins Aufschlagfeld oder gegen das Gitter geht, hat das Aufschlagteam einen weiteren Versuch.<br \/>\nBei gerader Anzahl Punkte im Spiel wird der Aufschlag von rechts, sonst von links, ausgef\u00fchrt.<\/li>\n<li>Der Ball darf nur einmal auf jeder Seite aufkommen und nur einmal gespielt werden, bevor er \u00fcber eine Glaswand oder direkt \u00fcber das Netz zur\u00fcckgeschlagen werden muss.<\/li>\n<li>Beim Spiel \u00fcber die Glaswand darf der Ball kein zweites Mal den Boden des eigenen Feldes ber\u00fchren.<\/li>\n<li>Trifft der Ball auf der gegnerischen Seite als erstes eine Wand, so ist das ein Fehler und ein Punkt f\u00fcr das gegnerische Team.<\/li>\n<li>Wenn ein Ball ins Aus geht, bevor er das gegnerische Feld ber\u00fchrt hat, ist das ebenfalls ein Punkt f\u00fcr das gegnerische Team.<\/li>\n<\/ol>\n<p>[\/vc_column_text][vc_column_text]<\/p>\n<p style=\"font-weight: 400;\">Gez\u00e4hlt wird wie beim Tennis. Die Regeln k\u00f6nnen im Detail von Turnier zu Turnier leicht abweichen. Hier eine Variante:<\/p>\n<ol>\n<li>Ein Punkt wird vergeben, wenn der Gegner den Ball nicht \u00fcber das Netz in das g\u00fcltige Feld des eigenen Gegners zur\u00fcckspielen kann.<\/li>\n<li>Der erste gewonnene Punkt im Spiel wird als &#8222;15&#8220; bezeichnet.<\/li>\n<li>Der zweite gewonnene Punkt wird als &#8222;30&#8220; bezeichnet.<\/li>\n<li>Der dritte gewonnene Punkt wird als &#8222;40&#8220; bezeichnet.<\/li>\n<li>Wenn beide Spieler jeweils drei Punkte erreichen, wird dies als &#8222;Einstand&#8220; bezeichnet. Der n\u00e4chste Punkt, den ein Spieler gewinnt, wird als &#8222;Vorteil&#8220; bezeichnet.<\/li>\n<li>Wenn der Spieler, der im Vorteil ist, den n\u00e4chsten Punkt gewinnt, gewinnt er den Satz. Wenn der andere Spieler den n\u00e4chsten Punkt gewinnt, wird wieder auf Einstand zur\u00fcckgesetzt.<\/li>\n<li>Um einen Satz zu gewinnen, muss ein Spieler sechs Spiele gewinnen und dabei einen Vorsprung von mindestens zwei Spielen haben. Wenn es 6:6 steht, wird ein Tiebreak gespielt, um den Satz zu entscheiden.<\/li>\n<li>Ein Spiel kann \u00fcber drei S\u00e4tze gehen, d.h. ein Spieler gewinnt das Spiel, wenn er zwei S\u00e4tze f\u00fcr sich entschieden hat. Oftmals wird der dritte Satz als Match Tiebreak gespielt, siehe Match-Tiebreak unten.<\/li>\n<\/ol>\n<p style=\"font-weight: 400;\"><strong>Tiebreak<\/strong><\/p>\n<p style=\"font-weight: 400;\">Beim Tiebreak im Tennis werden die Punkte anders gez\u00e4hlt als im regul\u00e4ren Spiel. Ein Tiebreak (auch als &#8222;Champions-Tiebreak&#8220; bezeichnet) wird gespielt, wenn im Satz eines Spiels ein Spielstand von 6:6 erreicht wird.<\/p>\n<p style=\"font-weight: 400;\">Die Z\u00e4hlweise im Tiebreak ist wie folgt:<\/p>\n<ul>\n<li>Jeder Spieler schl\u00e4gt abwechselnd auf, beginnend mit dem Spieler, der zuerst aufgeschlagen hat.<\/li>\n<li>Der Spieler, der zuerst aufschl\u00e4gt, serviert einen Punkt von rechts nach links. Danach wechselt das Aufschlagrecht zum Gegner, der nun zwei Punkte von links nach rechts serviert.<\/li>\n<li>Danach wechselt das Aufschlagrecht wieder zur\u00fcck zum ersten Spieler, der nun zwei Punkte von links nach rechts serviert, und so weiter.<\/li>\n<li>Die Punkte werden anders gez\u00e4hlt als im regul\u00e4ren Spiel. Der erste Punkt im Tiebreak wird als &#8222;1&#8220;, der zweite Punkt als &#8222;2&#8220; und so weiter gez\u00e4hlt.<\/li>\n<li>Der erste Spieler, der sieben Punkte erreicht und dabei einen Vorsprung von mindestens zwei Punkten hat, gewinnt den Tiebreak und somit auch den Satz.<\/li>\n<\/ul>\n<p style=\"font-weight: 400;\">Beim Tiebreak gibt es keine Begrenzung der Anzahl von Punkten wie im regul\u00e4ren Spiel. Der Tiebreak geht so lange weiter, bis ein Spieler sieben Punkte mit einem Vorsprung von zwei Punkten gewonnen hat.<\/p>\n<p style=\"font-weight: 400;\">Ein <strong>Match-Tiebreak<\/strong> kann als entscheidender Satz gespielt werden. Im Match-Tiebreak wird nach obig beschriebenem Tiebreak-Vorgehen auf insgesamt 10 Punkte gespielt. Der erste Spieler, der 10 Punkte erreicht und dabei einen Vorsprung von mindestens zwei Punkten hat, gewinnt das Match. Wenn es beispielsweise 10:8 steht, hat der Spieler mit 10 Punkten das Match gewonnen.<\/p>\n<p>[\/vc_column_text][\/vc_column][\/vc_row]<\/p>\n<\/div>","protected":false},"excerpt":{"rendered":"<p>[vc_row full_width=&#8220;stretch_row&#8220;][vc_column][vc_column_text css=&#8220;&#8220;] Padel ist leicht zu erlernen \u2013 und dennoch taktisch anspruchsvoll. Grundlagen Gespielt wird im Doppel Aufschlag von unten W\u00e4nde d\u00fcrfen nach Bodenkontakt ins Spiel einbezogen werden Z\u00e4hlweise wie im Tennis Hier eine kompakte Regel\u00fcbersicht: [\/vc_column_text][vc_column_text css=&#8220;&#8220;] Das Spiel wird normalerweise von vier Spielern gespielt &#8211; zwei pro Team. Das Spiel beginnt mit [&hellip;]<\/p>\n","protected":false},"author":18,"featured_media":0,"parent":0,"menu_order":6,"comment_status":"closed","ping_status":"closed","template":"","meta":{"footnotes":""},"class_list":["post-6102","page","type-page","status-publish","hentry"],"yoast_head":"<!-- This site is optimized with the Yoast SEO plugin v27.3 - https:\/\/yoast.com\/product\/yoast-seo-wordpress\/ -->\n<title>Padelregeln - Tennis<\/title>\n<meta name=\"robots\" content=\"index, follow, max-snippet:-1, max-image-preview:large, max-video-preview:-1\" \/>\n<link rel=\"canonical\" href=\"https:\/\/tsvschott.de\/tennis\/padelregeln\/\" \/>\n<meta property=\"og:locale\" content=\"de_DE\" \/>\n<meta property=\"og:type\" content=\"article\" \/>\n<meta property=\"og:title\" content=\"Padelregeln - Tennis\" \/>\n<meta property=\"og:description\" content=\"[vc_row full_width=&#8220;stretch_row&#8220;][vc_column][vc_column_text css=&#8220;&#8220;] Padel ist leicht zu erlernen \u2013 und dennoch taktisch anspruchsvoll. Grundlagen Gespielt wird im Doppel Aufschlag von unten W\u00e4nde d\u00fcrfen nach Bodenkontakt ins Spiel einbezogen werden Z\u00e4hlweise wie im Tennis Hier eine kompakte Regel\u00fcbersicht: [\/vc_column_text][vc_column_text css=&#8220;&#8220;] Das Spiel wird normalerweise von vier Spielern gespielt &#8211; zwei pro Team. Das Spiel beginnt mit [&hellip;]\" \/>\n<meta property=\"og:url\" content=\"https:\/\/tsvschott.de\/tennis\/padelregeln\/\" \/>\n<meta property=\"og:site_name\" content=\"Tennis\" \/>\n<meta name=\"twitter:card\" content=\"summary_large_image\" \/>\n<meta name=\"twitter:label1\" content=\"Gesch\u00e4tzte Lesezeit\" \/>\n\t<meta name=\"twitter:data1\" content=\"4\u00a0Minuten\" \/>\n<script type=\"application\/ld+json\" class=\"yoast-schema-graph\">{\"@context\":\"https:\\\/\\\/schema.org\",\"@graph\":[{\"@type\":\"WebPage\",\"@id\":\"https:\\\/\\\/tsvschott.de\\\/tennis\\\/padelregeln\\\/\",\"url\":\"https:\\\/\\\/tsvschott.de\\\/tennis\\\/padelregeln\\\/\",\"name\":\"Padelregeln - Tennis\",\"isPartOf\":{\"@id\":\"https:\\\/\\\/tsvschott.de\\\/tennis\\\/#website\"},\"datePublished\":\"2026-02-23T10:29:50+00:00\",\"breadcrumb\":{\"@id\":\"https:\\\/\\\/tsvschott.de\\\/tennis\\\/padelregeln\\\/#breadcrumb\"},\"inLanguage\":\"de\",\"potentialAction\":[{\"@type\":\"ReadAction\",\"target\":[\"https:\\\/\\\/tsvschott.de\\\/tennis\\\/padelregeln\\\/\"]}]},{\"@type\":\"BreadcrumbList\",\"@id\":\"https:\\\/\\\/tsvschott.de\\\/tennis\\\/padelregeln\\\/#breadcrumb\",\"itemListElement\":[{\"@type\":\"ListItem\",\"position\":1,\"name\":\"Startseite\",\"item\":\"https:\\\/\\\/tsvschott.de\\\/tennis\\\/\"},{\"@type\":\"ListItem\",\"position\":2,\"name\":\"Padelregeln\"}]},{\"@type\":\"WebSite\",\"@id\":\"https:\\\/\\\/tsvschott.de\\\/tennis\\\/#website\",\"url\":\"https:\\\/\\\/tsvschott.de\\\/tennis\\\/\",\"name\":\"Tennis\",\"description\":\"TSV SCHOTT Mainz\",\"potentialAction\":[{\"@type\":\"SearchAction\",\"target\":{\"@type\":\"EntryPoint\",\"urlTemplate\":\"https:\\\/\\\/tsvschott.de\\\/tennis\\\/?s={search_term_string}\"},\"query-input\":{\"@type\":\"PropertyValueSpecification\",\"valueRequired\":true,\"valueName\":\"search_term_string\"}}],\"inLanguage\":\"de\"}]}<\/script>\n<!-- \/ Yoast SEO plugin. -->","yoast_head_json":{"title":"Padelregeln - Tennis","robots":{"index":"index","follow":"follow","max-snippet":"max-snippet:-1","max-image-preview":"max-image-preview:large","max-video-preview":"max-video-preview:-1"},"canonical":"https:\/\/tsvschott.de\/tennis\/padelregeln\/","og_locale":"de_DE","og_type":"article","og_title":"Padelregeln - Tennis","og_description":"[vc_row full_width=&#8220;stretch_row&#8220;][vc_column][vc_column_text css=&#8220;&#8220;] Padel ist leicht zu erlernen \u2013 und dennoch taktisch anspruchsvoll. Grundlagen Gespielt wird im Doppel Aufschlag von unten W\u00e4nde d\u00fcrfen nach Bodenkontakt ins Spiel einbezogen werden Z\u00e4hlweise wie im Tennis Hier eine kompakte Regel\u00fcbersicht: [\/vc_column_text][vc_column_text css=&#8220;&#8220;] Das Spiel wird normalerweise von vier Spielern gespielt &#8211; zwei pro Team. Das Spiel beginnt mit [&hellip;]","og_url":"https:\/\/tsvschott.de\/tennis\/padelregeln\/","og_site_name":"Tennis","twitter_card":"summary_large_image","twitter_misc":{"Gesch\u00e4tzte Lesezeit":"4\u00a0Minuten"},"schema":{"@context":"https:\/\/schema.org","@graph":[{"@type":"WebPage","@id":"https:\/\/tsvschott.de\/tennis\/padelregeln\/","url":"https:\/\/tsvschott.de\/tennis\/padelregeln\/","name":"Padelregeln - Tennis","isPartOf":{"@id":"https:\/\/tsvschott.de\/tennis\/#website"},"datePublished":"2026-02-23T10:29:50+00:00","breadcrumb":{"@id":"https:\/\/tsvschott.de\/tennis\/padelregeln\/#breadcrumb"},"inLanguage":"de","potentialAction":[{"@type":"ReadAction","target":["https:\/\/tsvschott.de\/tennis\/padelregeln\/"]}]},{"@type":"BreadcrumbList","@id":"https:\/\/tsvschott.de\/tennis\/padelregeln\/#breadcrumb","itemListElement":[{"@type":"ListItem","position":1,"name":"Startseite","item":"https:\/\/tsvschott.de\/tennis\/"},{"@type":"ListItem","position":2,"name":"Padelregeln"}]},{"@type":"WebSite","@id":"https:\/\/tsvschott.de\/tennis\/#website","url":"https:\/\/tsvschott.de\/tennis\/","name":"Tennis","description":"TSV SCHOTT Mainz","potentialAction":[{"@type":"SearchAction","target":{"@type":"EntryPoint","urlTemplate":"https:\/\/tsvschott.de\/tennis\/?s={search_term_string}"},"query-input":{"@type":"PropertyValueSpecification","valueRequired":true,"valueName":"search_term_string"}}],"inLanguage":"de"}]}},"_links":{"self":[{"href":"https:\/\/tsvschott.de\/tennis\/wp-json\/wp\/v2\/pages\/6102","targetHints":{"allow":["GET"]}}],"collection":[{"href":"https:\/\/tsvschott.de\/tennis\/wp-json\/wp\/v2\/pages"}],"about":[{"href":"https:\/\/tsvschott.de\/tennis\/wp-json\/wp\/v2\/types\/page"}],"author":[{"embeddable":true,"href":"https:\/\/tsvschott.de\/tennis\/wp-json\/wp\/v2\/users\/18"}],"replies":[{"embeddable":true,"href":"https:\/\/tsvschott.de\/tennis\/wp-json\/wp\/v2\/comments?post=6102"}],"version-history":[{"count":3,"href":"https:\/\/tsvschott.de\/tennis\/wp-json\/wp\/v2\/pages\/6102\/revisions"}],"predecessor-version":[{"id":6105,"href":"https:\/\/tsvschott.de\/tennis\/wp-json\/wp\/v2\/pages\/6102\/revisions\/6105"}],"wp:attachment":[{"href":"https:\/\/tsvschott.de\/tennis\/wp-json\/wp\/v2\/media?parent=6102"}],"curies":[{"name":"wp","href":"https:\/\/api.w.org\/{rel}","templated":true}]}}