{"id":2899,"date":"2015-08-17T15:11:02","date_gmt":"2015-08-17T13:11:02","guid":{"rendered":"http:\/\/tsvschott.de\/fussball\/?page_id=2899"},"modified":"2025-03-17T21:54:10","modified_gmt":"2025-03-17T20:54:10","slug":"start-statisch","status":"publish","type":"page","link":"https:\/\/tsvschott.de\/turnen-fitness\/","title":{"rendered":"Turnen &amp; Tanzen \u2013 TSV SCHOTT Mainz"},"content":{"rendered":"<div class=\"wpb-content-wrapper\"><p>[vc_row][vc_column][vc_empty_space][vc_single_image image=&#8220;3588&#8243; img_size=&#8220;full&#8220; alignment=&#8220;center&#8220;][vc_empty_space][\/vc_column][\/vc_row][vc_row][vc_column width=&#8220;2\/3&#8243;][vc_column_text]<\/p>\n<h3>Allgemeine Infos<\/h3>\n<hr \/>\n<p>Die Abteilung Turnen &amp; Tanzen ist eine der \u00e4ltesten und mit \u00fcber 500 Mitgliedern eine der gr\u00f6\u00dften TSV SCHOTT Abteilungen.<\/p>\n<p>Unser Sportangebot umfasst Kurse f\u00fcr Erwachsene und Kinder. Unsere abwechslungsreichen \u00dcbungsstunden werden von qualifizierten \u00dcbungsleiter\/innen abgehalten, die im Besitz der geforderten Lizenzen des Sportbundes Rheinhessen sind.<\/p>\n<p>Neben verschiedenen Turn- und Tanzgruppen geh\u00f6ren auch <a href=\"https:\/\/tsvschott.de\/volleyball\/\">Volleyball<\/a> und einzelne <a href=\"https:\/\/tsvschott.de\/turnen-fitness\/fitness\/\">Fitnesskurse in der Mainzer Neustadt<\/a> zur Abteilung Turnen &amp; Tanzen.[\/vc_column_text][vc_empty_space height=&#8220;20px&#8220;][vc_separator][vc_column_text]<\/p>\n<h3>Turnen<\/h3>\n<p>Im Bereich Turnen bieten wir Kindern und Jugendlichen verschiedener Altersgruppen je nach Leistungsniveau ein geeignetes Turntraining an. Dieses ist vielf\u00e4ltig in allgemeines Turnen, F\u00f6rderturnen, Ger\u00e4tturnen und Leistungsturnen unterteilt. Dabei richten alle Gruppen den Fokus auf ger\u00e4tebasiertes Turnen f\u00fcr M\u00e4dchen.<\/p>\n<p>Weitere Infos finden Sie <strong><a href=\"https:\/\/tsvschott.de\/turnen-fitness\/turnen\/\">hier<\/a><\/strong>.<\/p>\n<p>Besuchen Sie uns auch auf unserer <strong><a href=\"https:\/\/www.facebook.com\/turnenschott\/\" target=\"_blank\" rel=\"noopener noreferrer\">Facebook-Seite<\/a><\/strong>, um sich auf dem Laufenden zu halten![\/vc_column_text][vc_column_text css=&#8220;&#8220;]<\/p>\n<h3>Tanzen<\/h3>\n<p>Im Bereich Tanzen haben wir zwei Showtanzgruppen, eine Tanz- und Akrobatikgruppe (Fusion) und mehrere Jugend- und Kindertanzgruppen. Somit bieten wir Kindern und Jugendlichen verschiedener Altersgruppen sowie Erwachsenen ein geeignetes Training in unterschiedlichen Tanzstilen und verbinden teilweise Tanzen und Turnen.<\/p>\n<p>Weitere Infos finden Sie <strong><a href=\"https:\/\/tsvschott.de\/turnen-fitness\/tanzen\">hier<\/a><\/strong>.[\/vc_column_text][vc_separator][\/vc_column][vc_column width=&#8220;1\/3&#8243;][vc_wp_text el_class=&#8220;start&#8220;]<\/p>\n<h3>Abteilungsleitung &amp; Kontakt<\/h3>\n<hr \/>\n<p><strong><br \/>\n1. Vorsitzende: <\/strong>Dr. Tanja Eich<br \/>\nE-mail: <a href=\"mailto:turnen@tsvschott.de\">turnen@tsvschott.de<\/a><\/p>\n<p><strong>2. Vorsitzende:<\/strong> Franziska Zerbe<\/p>\n<p><strong>Kassenwartin:<\/strong> Petra Nonn<\/p>\n<p><strong>Schriftf\u00fchrer:<\/strong> Daniel Herz[\/vc_wp_text][vc_wp_text]<\/p>\n<h3>Fachwarte<\/h3>\n<hr \/>\n<p><strong>Allgemeines Turnen:<\/strong> Michelle Kalt<\/p>\n<p><strong>Tanzen:<\/strong> Karin Carra<\/p>\n<p><strong>Veranstaltungen &#8211; Tanzen:<\/strong> Lara Mrse<\/p>\n<p><strong>Volleyball:<\/strong> Daniel Herz[\/vc_wp_text][\/vc_column][\/vc_row][vc_row][vc_column][vc_column_text]<\/p>\n<h3>News<\/h3>\n<p>[\/vc_column_text][vc_masonry_grid post_type=&#8220;post&#8220; max_items=&#8220;3&#8243; item=&#8220;2893&#8243; grid_id=&#8220;vc_gid:1742244762035-1136f942-0763-3&#8243; taxonomies=&#8220;1, 2, 4&#8243;][\/vc_column][\/vc_row][vc_row][vc_column][vc_column_text]<\/p>\n<h3>Stellenb\u00f6rse<\/h3>\n<p>[\/vc_column_text][vc_masonry_grid post_type=&#8220;post&#8220; max_items=&#8220;3&#8243; item=&#8220;2893&#8243; grid_id=&#8220;vc_gid:1742244762037-19e0ae46-4a2d-3&#8243; taxonomies=&#8220;39&#8243;][\/vc_column][\/vc_row]<\/p>\n<\/div>","protected":false},"excerpt":{"rendered":"<p>[vc_row][vc_column][vc_empty_space][vc_single_image image=&#8220;3588&#8243; img_size=&#8220;full&#8220; alignment=&#8220;center&#8220;][vc_empty_space][\/vc_column][\/vc_row][vc_row][vc_column width=&#8220;2\/3&#8243;][vc_column_text] Allgemeine Infos Die Abteilung Turnen &amp; Tanzen ist eine der \u00e4ltesten und mit \u00fcber 500 Mitgliedern eine der gr\u00f6\u00dften TSV SCHOTT Abteilungen. Unser Sportangebot umfasst Kurse f\u00fcr Erwachsene und Kinder. Unsere abwechslungsreichen \u00dcbungsstunden werden von qualifizierten \u00dcbungsleiter\/innen abgehalten, die im Besitz der geforderten Lizenzen des Sportbundes Rheinhessen sind. Neben verschiedenen [&hellip;]<\/p>\n","protected":false},"author":44,"featured_media":0,"parent":0,"menu_order":1,"comment_status":"closed","ping_status":"closed","template":"","meta":{"footnotes":""},"class_list":["post-2899","page","type-page","status-publish","hentry"],"_links":{"self":[{"href":"https:\/\/tsvschott.de\/turnen-fitness\/wp-json\/wp\/v2\/pages\/2899","targetHints":{"allow":["GET"]}}],"collection":[{"href":"https:\/\/tsvschott.de\/turnen-fitness\/wp-json\/wp\/v2\/pages"}],"about":[{"href":"https:\/\/tsvschott.de\/turnen-fitness\/wp-json\/wp\/v2\/types\/page"}],"author":[{"embeddable":true,"href":"https:\/\/tsvschott.de\/turnen-fitness\/wp-json\/wp\/v2\/users\/44"}],"replies":[{"embeddable":true,"href":"https:\/\/tsvschott.de\/turnen-fitness\/wp-json\/wp\/v2\/comments?post=2899"}],"version-history":[{"count":80,"href":"https:\/\/tsvschott.de\/turnen-fitness\/wp-json\/wp\/v2\/pages\/2899\/revisions"}],"predecessor-version":[{"id":4656,"href":"https:\/\/tsvschott.de\/turnen-fitness\/wp-json\/wp\/v2\/pages\/2899\/revisions\/4656"}],"wp:attachment":[{"href":"https:\/\/tsvschott.de\/turnen-fitness\/wp-json\/wp\/v2\/media?parent=2899"}],"curies":[{"name":"wp","href":"https:\/\/api.w.org\/{rel}","templated":true}]}}