{"id":3007,"date":"2015-12-07T17:35:24","date_gmt":"2015-12-07T16:35:24","guid":{"rendered":"http:\/\/tsvschott.de\/turnen-fitness\/?page_id=3007"},"modified":"2026-01-04T19:20:00","modified_gmt":"2026-01-04T18:20:00","slug":"turnen","status":"publish","type":"page","link":"https:\/\/tsvschott.de\/turnen-fitness\/turnen\/","title":{"rendered":"Turnen"},"content":{"rendered":"<div class=\"wpb-content-wrapper\"><p>[vc_row][vc_column width=&#8220;1\/2&#8243;][vc_column_text css=&#8220;&#8220;]<\/p>\n<h3>Turnen f\u00fcr Kinder und Jugendliche<\/h3>\n<p>Im Bereich Turnen bieten wir Kindern und Jugendlichen verschiedener Altersgruppen je nach Leistungsniveau ein geeignetes, <strong>ger\u00e4tebasiertes Turntraining<\/strong> im allgemeinen Turnen, F\u00f6rderturnen, Ger\u00e4tturnen und Leistungsturnen.<\/p>\n<p style=\"padding-left: 30px\">a) F\u00fcr M\u00e4dchen zwischen 4 und 12 bieten wir allgemeines Turnen an. Es gibt Turngruppen in Mainz-Gonsenheim (TSV-Gel\u00e4nde und Halle des Otto-Schott-Gymnasiums) sowie in der Mainzer Neustadt (Halle der Goetheschule Grundschule).<\/p>\n<p style=\"padding-left: 30px\">b) Auf Empfehlung der Trainer\/innen der allgemeinen Gruppe werden leistungsstarke M\u00e4dchen im Alter von 6 bis 8 Jahren in der F\u00f6rdergruppe weiter gef\u00f6rdert und ggf. auf die Leistungsgruppe vorbereitet.<\/p>\n<p style=\"padding-left: 30px\">c) Bewegungsbegeisterte M\u00e4dchen, die gerne an den Ger\u00e4ten turnen m\u00f6chten, sollten ein Probetraining im Ger\u00e4tturn- oder Leistungsturnbereich absolvieren (siehe <a href=\"https:\/\/tsvschott.de\/turnen-fitness\/turnen\/trainingszeiten\/\">Trainingszeiten<\/a>).<\/p>\n<p>Unsere \u00dcbungsleiter\/innen und Trainer\/innen sind vom DOSB mit C- bzw. B-Lizenzen ausgestattet.<\/p>\n<p>Weitere Angaben zu den einzelnen Gruppen (Zeit, Ort etc.) entnehmen Sie bitte in der Rubrik \u201eTrainingszeiten\u201c.<\/p>\n<p>Bitte beachten Sie, dass in einigen Gruppen zurzeit ein Aufnahmestopp besteht. Um sich auf die Wartelisten eintragen zu lassen, verwenden Sie bitte unser Kontaktformular unten.[\/vc_column_text][vc_raw_js]JTNDZGl2JTIwaWQlM0QlMjJmYi1yb290JTIyJTNFJTNDJTJGZGl2JTNFJTBBJTNDc2NyaXB0JTNFJTI4ZnVuY3Rpb24lMjhkJTJDJTIwcyUyQyUyMGlkJTI5JTIwJTdCJTBBJTIwJTIwdmFyJTIwanMlMkMlMjBmanMlMjAlM0QlMjBkLmdldEVsZW1lbnRzQnlUYWdOYW1lJTI4cyUyOSU1QjAlNUQlM0IlMEElMjAlMjBpZiUyMCUyOGQuZ2V0RWxlbWVudEJ5SWQlMjhpZCUyOSUyOSUyMHJldHVybiUzQiUwQSUyMCUyMGpzJTIwJTNEJTIwZC5jcmVhdGVFbGVtZW50JTI4cyUyOSUzQiUyMGpzLmlkJTIwJTNEJTIwaWQlM0IlMEElMjAlMjBqcy5zcmMlMjAlM0QlMjAlMjIlMkYlMkZjb25uZWN0LmZhY2Vib29rLm5ldCUyRmRlX0RFJTJGc2RrLmpzJTIzeGZibWwlM0QxJTI2dmVyc2lvbiUzRHYyLjglMjIlM0IlMEElMjAlMjBmanMucGFyZW50Tm9kZS5pbnNlcnRCZWZvcmUlMjhqcyUyQyUyMGZqcyUyOSUzQiUwQSU3RCUyOGRvY3VtZW50JTJDJTIwJTI3c2NyaXB0JTI3JTJDJTIwJTI3ZmFjZWJvb2stanNzZGslMjclMjklMjklM0IlM0MlMkZzY3JpcHQlM0U=[\/vc_raw_js][vc_raw_html]JTNDZGl2JTIwY2xhc3MlM0QlMjJmYi1saWtlJTIyJTIwZGF0YS1ocmVmJTNEJTIyaHR0cHMlM0ElMkYlMkZ3d3cuZmFjZWJvb2suY29tJTJGdHVybmVuc2Nob3R0JTJGJTIyJTIwZGF0YS13aWR0aCUzRCUyMjUwMCUyMiUyMGRhdGEtbGF5b3V0JTNEJTIyc3RhbmRhcmQlMjIlMjBkYXRhLWFjdGlvbiUzRCUyMmxpa2UlMjIlMjBkYXRhLXNob3ctZmFjZXMlM0QlMjJmYWxzZSUyMiUyMGRhdGEtc2hhcmUlM0QlMjJ0cnVlJTIyJTNFJTNDJTJGZGl2JTNF[\/vc_raw_html][\/vc_column][vc_column width=&#8220;1\/2&#8243;][vc_empty_space][vc_single_image image=&#8220;3664&#8243; img_size=&#8220;full&#8220; onclick=&#8220;link_image&#8220;][vc_column_text css=&#8220;&#8220;]<\/p>\n<h3>Anstehende Wettk\u00e4mpfe<\/h3>\n<p>TBA[\/vc_column_text][\/vc_column][\/vc_row][vc_row][vc_column width=&#8220;1\/2&#8243;][vc_column_text]<\/p>\n<h3>Gruppenstruktur der Abteilung Turnen<\/h3>\n<p>[\/vc_column_text][vc_single_image image=&#8220;4399&#8243; img_size=&#8220;full&#8220; onclick=&#8220;link_image&#8220;][vc_column_text css=&#8220;&#8220;]<\/p>\n<h3>Aufnahmestopp beim allgemeinen Turnen<\/h3>\n<p>Es werden Wartelisten f\u00fcrs allgemeine Turnen (1x Training pro Woche; siehe <a href=\"https:\/\/tsvschott.de\/turnen-fitness\/turnen\/trainingszeiten\/\">Trainingszeiten<\/a>) gef\u00fchrt. Bei Interesse f\u00fcllen Sie bitte das Kontaktformular hier rechts unten aus.<\/p>\n<p><span style=\"color: #ff0000\">Bitte beachten Sie, dass wir nur Turnen f\u00fcr M\u00e4dchen anbieten. F\u00fcrs allgemeine Turnen werden Kinder der <strong>Jahrg\u00e4nge 2017 und \u00e4lter <span style=\"text-decoration: underline\">nicht mehr<\/span><\/strong> auf die Warteliste aufgenommen!<\/span><\/p>\n<p>Gelegentlich werden Sichtungstrainings f\u00fcr Wartelistenkinder abgehalten. Probetrainings w\u00e4hrend der regul\u00e4ren Kurszeiten sind aus Kapazit\u00e4tsgr\u00fcnden erst bei Freiwerden eines Platzes m\u00f6glich.[\/vc_column_text][vc_column_text]<\/p>\n<h3>Allgemeine Infos zum &#8222;Schnuppern&#8220;<\/h3>\n<p>Wird ein Platz in der gew\u00fcnschten Gruppe f\u00fcr Ihre Tochter frei, kann sie 3-mal kostenlos mitmachen. Nach dem 3. Training f\u00fcllt man den Anmeldebogen aus und gibt ihn am besten an den\/die Trainer\/in zur\u00fcck. Anmeldeb\u00f6gen kann man hier auf der TSV-Homepage runterladen: <a href=\"https:\/\/tsvschott.de\/mitgliedwerden\/\">https:\/\/tsvschott.de\/mitgliedwerden\/<\/a>. Weitere Informationen erhalten Sie vom jeweiligen Trainerteam.[\/vc_column_text][\/vc_column][vc_column width=&#8220;1\/2&#8243;][vc_column_text]<\/p>\n<h3>Kontaktformular zur Aufnahme auf die Warteliste<\/h3>\n<p>[\/vc_column_text][vc_column_text css=&#8220;&#8220;]Bei Anfragen f\u00fcrs <strong>allgemeine Turnen<\/strong> (1x\/Woche) bitte dieses Kontaktformular verwenden <span style=\"color: #ff0000\">(nur f\u00fcr <strong>M\u00e4dchen<\/strong> der Jahrg\u00e4nge <strong>2018 und j\u00fcnger<\/strong>)<\/span>.<\/p>\n<p>Anfragen f\u00fcrs <strong>Ger\u00e4tturnen<\/strong> (2x\/Woche) oder <strong>Leistungsturnen<\/strong> (3x\/Woche) bitte direkt per E-Mail an die Abteilungsleitung (Dr. Tanja Eich) senden: <a href=\"mailto:turnen@tsvschott.de\">turnen@tsvschott.de<\/a>[\/vc_column_text]\n<div class=\"wpcf7 no-js\" id=\"wpcf7-f3670-o1\" lang=\"de-DE\" dir=\"ltr\" data-wpcf7-id=\"3670\">\n<div class=\"screen-reader-response\"><p role=\"status\" aria-live=\"polite\" aria-atomic=\"true\"><\/p> <ul><\/ul><\/div>\n<form action=\"\/turnen-fitness\/wp-json\/wp\/v2\/pages\/3007#wpcf7-f3670-o1\" method=\"post\" class=\"wpcf7-form init\" aria-label=\"Kontaktformular\" novalidate=\"novalidate\" data-status=\"init\">\n<fieldset class=\"hidden-fields-container\"><input type=\"hidden\" name=\"_wpcf7\" value=\"3670\" \/><input type=\"hidden\" name=\"_wpcf7_version\" value=\"6.1.5\" \/><input type=\"hidden\" name=\"_wpcf7_locale\" value=\"de_DE\" \/><input type=\"hidden\" name=\"_wpcf7_unit_tag\" value=\"wpcf7-f3670-o1\" \/><input type=\"hidden\" name=\"_wpcf7_container_post\" value=\"0\" \/><input type=\"hidden\" name=\"_wpcf7_posted_data_hash\" value=\"\" \/>\n<\/fieldset>\n<p><label> Dein Vorname (Pflichtfeld)<br \/>\n<span class=\"wpcf7-form-control-wrap\" data-name=\"your-firstname\"><input size=\"40\" maxlength=\"400\" class=\"wpcf7-form-control wpcf7-text wpcf7-validates-as-required\" aria-required=\"true\" aria-invalid=\"false\" value=\"\" type=\"text\" name=\"your-firstname\" \/><\/span> <\/label>\n<\/p>\n<p><label> Dein Nachname (Pflichtfeld)<br \/>\n<span class=\"wpcf7-form-control-wrap\" data-name=\"your-name\"><input size=\"40\" maxlength=\"400\" class=\"wpcf7-form-control wpcf7-text wpcf7-validates-as-required\" aria-required=\"true\" aria-invalid=\"false\" value=\"\" type=\"text\" name=\"your-name\" \/><\/span> <\/label>\n<\/p>\n<p><label> Deine E-Mail-Adresse (Pflichtfeld)<br \/>\n<span class=\"wpcf7-form-control-wrap\" data-name=\"your-email\"><input size=\"40\" maxlength=\"400\" class=\"wpcf7-form-control wpcf7-email wpcf7-validates-as-required wpcf7-text wpcf7-validates-as-email\" aria-required=\"true\" aria-invalid=\"false\" value=\"\" type=\"email\" name=\"your-email\" \/><\/span> <\/label>\n<\/p>\n<p><label> Ich m\u00f6chte meine Tochter, Vor- und Nachname (Pflichtfeld)<br \/>\n<span class=\"wpcf7-form-control-wrap\" data-name=\"your-name-kid\"><input size=\"40\" maxlength=\"400\" class=\"wpcf7-form-control wpcf7-text wpcf7-validates-as-required\" aria-required=\"true\" aria-invalid=\"false\" value=\"\" type=\"text\" name=\"your-name-kid\" \/><\/span> <\/label>\n<\/p>\n<p><label> auf folgende Warteliste setzen (Pflichtfeld) <\/label>\n<\/p>\n<p><span class=\"wpcf7-form-control-wrap\" data-name=\"Warteliste\"><span class=\"wpcf7-form-control wpcf7-checkbox wpcf7-validates-as-required\"><span class=\"wpcf7-list-item first\"><input type=\"checkbox\" name=\"Warteliste[]\" value=\"allgemeines Turnen Neustadt\" \/><span class=\"wpcf7-list-item-label\">allgemeines Turnen Neustadt<\/span><\/span><span class=\"wpcf7-list-item last\"><input type=\"checkbox\" name=\"Warteliste[]\" value=\"allgemeines Turnen Gonsenheim\" \/><span class=\"wpcf7-list-item-label\">allgemeines Turnen Gonsenheim<\/span><\/span><\/span><\/span>\n<\/p>\n<p><label> Geburtsdatum der Tochter (Pflichtfeld)<br \/>\n<span class=\"wpcf7-form-control-wrap\" data-name=\"your-date\"><input size=\"40\" maxlength=\"400\" class=\"wpcf7-form-control wpcf7-text wpcf7-validates-as-required\" aria-required=\"true\" aria-invalid=\"false\" value=\"\" type=\"text\" name=\"your-date\" \/><\/span> <\/label>\n<\/p>\n<p><label> Deine Nachricht<br \/>\n<span class=\"wpcf7-form-control-wrap\" data-name=\"your-message\"><textarea cols=\"40\" rows=\"10\" maxlength=\"2000\" class=\"wpcf7-form-control wpcf7-textarea\" aria-invalid=\"false\" name=\"your-message\"><\/textarea><\/span> <\/label>\n<\/p>\n<p><label> <input class=\"wpcf7-form-control wpcf7-submit has-spinner\" type=\"submit\" value=\"Senden\" \/> <\/label>\n<\/p><div class=\"wpcf7-response-output\" aria-hidden=\"true\"><\/div>\n<\/form>\n<\/div>\n[\/vc_column][\/vc_row]<\/p>\n<\/div>","protected":false},"excerpt":{"rendered":"<p>[vc_row][vc_column width=&#8220;1\/2&#8243;][vc_column_text css=&#8220;&#8220;] Turnen f\u00fcr Kinder und Jugendliche Im Bereich Turnen bieten wir Kindern und Jugendlichen verschiedener Altersgruppen je nach Leistungsniveau ein geeignetes, ger\u00e4tebasiertes Turntraining im allgemeinen Turnen, F\u00f6rderturnen, Ger\u00e4tturnen und Leistungsturnen. a) F\u00fcr M\u00e4dchen zwischen 4 und 12 bieten wir allgemeines Turnen an. Es gibt Turngruppen in Mainz-Gonsenheim (TSV-Gel\u00e4nde und Halle des Otto-Schott-Gymnasiums) sowie [&hellip;]<\/p>\n","protected":false},"author":35,"featured_media":0,"parent":0,"menu_order":3,"comment_status":"closed","ping_status":"closed","template":"","meta":{"footnotes":""},"class_list":["post-3007","page","type-page","status-publish","hentry"],"_links":{"self":[{"href":"https:\/\/tsvschott.de\/turnen-fitness\/wp-json\/wp\/v2\/pages\/3007","targetHints":{"allow":["GET"]}}],"collection":[{"href":"https:\/\/tsvschott.de\/turnen-fitness\/wp-json\/wp\/v2\/pages"}],"about":[{"href":"https:\/\/tsvschott.de\/turnen-fitness\/wp-json\/wp\/v2\/types\/page"}],"author":[{"embeddable":true,"href":"https:\/\/tsvschott.de\/turnen-fitness\/wp-json\/wp\/v2\/users\/35"}],"replies":[{"embeddable":true,"href":"https:\/\/tsvschott.de\/turnen-fitness\/wp-json\/wp\/v2\/comments?post=3007"}],"version-history":[{"count":110,"href":"https:\/\/tsvschott.de\/turnen-fitness\/wp-json\/wp\/v2\/pages\/3007\/revisions"}],"predecessor-version":[{"id":4738,"href":"https:\/\/tsvschott.de\/turnen-fitness\/wp-json\/wp\/v2\/pages\/3007\/revisions\/4738"}],"wp:attachment":[{"href":"https:\/\/tsvschott.de\/turnen-fitness\/wp-json\/wp\/v2\/media?parent=3007"}],"curies":[{"name":"wp","href":"https:\/\/api.w.org\/{rel}","templated":true}]}}