{"id":3723,"date":"2020-09-21T10:07:16","date_gmt":"2020-09-21T08:07:16","guid":{"rendered":"https:\/\/tsvschott.de\/turnen-fitness\/?page_id=3723"},"modified":"2026-02-02T15:23:43","modified_gmt":"2026-02-02T14:23:43","slug":"turncamp","status":"publish","type":"page","link":"https:\/\/tsvschott.de\/turnen-fitness\/turncamp\/","title":{"rendered":"Turncamp"},"content":{"rendered":"<div class=\"wpb-content-wrapper\"><p>[vc_row][vc_column][vc_empty_space][vc_single_image image=&#8220;3948&#8243; img_size=&#8220;full&#8220; add_caption=&#8220;yes&#8220; alignment=&#8220;center&#8220; style=&#8220;vc_box_rounded&#8220;][\/vc_column][\/vc_row][vc_row][vc_column width=&#8220;1\/2&#8243;][vc_text_separator title=&#8220;Turncamp Fr\u00fchjahr&#8220; color=&#8220;peacoc&#8220; css=&#8220;&#8220;][vc_column_text css=&#8220;&#8220;]<\/p>\n<p style=\"text-align: center;\">Der Termin f\u00fcrs Turncamp im Fr\u00fchjahr am 09.\/10. Mai 2026<\/p>\n<p>[\/vc_column_text][vc_raw_html css=&#8220;&#8220;]JTNDaWZyYW1lJTIwaWQlM0QlMjI1ZWJhNmQzMTMzNjUwMDZkOWE1MjAwOTUlMjIlMjB3aWR0aCUzRCUyMjEwMCUyNSUyMiUyMGhlaWdodCUzRCUyMjE1MCUyMiUyMGNsYXNzJTNEJTIyeW9sYXdvLXdpZGdldCUyMiUyMHNyYyUzRCUyMmh0dHBzJTNBJTJGJTJGd2lkZ2V0cy55b2xhd28uZGUlMkZ3JTJGNjk4MGFiZDgyNzdjODM4N2U3NzI5NGNlJTIyJTIwZnJhbWVib3JkZXIlM0QlMjIwJTIyJTIwZGF0YS1vZmZzZXQteCUzRCUyMjUwJTIyJTIwc2Nyb2xsaW5nJTNEJTIybm8lMjIlM0UlM0MlMkZpZnJhbWUlM0UlM0NzY3JpcHQlMjB0eXBlJTNEJTIydGV4dCUyRmphdmFzY3JpcHQlMjIlMjBzcmMlM0QlMjJodHRwcyUzQSUyRiUyRndpZGdldHMueW9sYXdvLmRlJTJGYXNzZXRzJTJGc2NyaXB0LmpzJTIyJTNFJTNDJTJGc2NyaXB0JTNF[\/vc_raw_html][vc_column_text css=&#8220;&#8220;]<strong>Teilnehmer\/innen:<\/strong><\/p>\n<p>M\u00e4dchen und Jungen des Jahrgangs 2020-2015.<\/p>\n<p>Vorherige Turnerfahrung und eine Mitgliedschaft beim TSV SCHOTT sind keine Voraussetzung.[\/vc_column_text][\/vc_column][vc_column width=&#8220;1\/2&#8243;][vc_text_separator title=&#8220;Turncamp Herbst&#8220; color=&#8220;peacoc&#8220; css=&#8220;&#8220;][vc_column_text css=&#8220;&#8220;]<\/p>\n<p style=\"text-align: center;\">Der Herbsttermin steht aktuell noch nicht fest.<\/p>\n<p>[\/vc_column_text][vc_column_text css=&#8220;&#8220;]<strong>Teilnehmer\/innen:<\/strong><\/p>\n<p>M\u00e4dchen des Jahrgangs 2018-2011.<\/p>\n<p>Vorherige Turnerfahrung ab Leistungsniveau P6 oder 4 Std. Training pro Woche ist w\u00fcnschenswert.<\/p>\n<p>Eine Mitgliedschaft beim TSV SCHOTT ist keine Voraussetzung.[\/vc_column_text][\/vc_column][\/vc_row][vc_row][vc_column][vc_text_separator title=&#8220;Allgemeine Informationen&#8220; color=&#8220;peacoc&#8220;][vc_column_text css=&#8220;&#8220;]<strong>Teilnehmerpreis:\u00a0 \u00a0<\/strong>80,00 \u20ac inklusive eines Geschenks.<\/p>\n<p>Bei einem R\u00fccktritt 21 Tage vor dem Camp entsteht eine Ausfallgeb\u00fchr von 39,00 Euro.<\/p>\n<p>Bei einem R\u00fccktritt 7 Tage vor dem Camp wird die Teilnahmegeb\u00fchr einbehalten.<\/p>\n<p>Das Camp findet t\u00e4glich von 10:00 bis 16:00 Uhr statt.<\/p>\n<p>&nbsp;<\/p>\n<p><strong>In unseren Camp enthalten sind:<\/strong><\/p>\n<ul>\n<li>Verpflegung (Getr\u00e4nke, warmes Mittagessen, Snacks)<\/li>\n<li>Betreutes Sportprogramm<\/li>\n<li>Camp Geschenk (z.B. Sportbeutel, etc.)<\/li>\n<\/ul>\n<p>&nbsp;<\/p>\n<p><strong>Das sollte Ihr Kind mitbringen:<\/strong><\/p>\n<p>Sportkleidung (Turnanzug oder enganliegende Kleidung), Trinkflasche, Turnschl\u00e4ppchen (oder barfu\u00df)<\/p>\n<p>&nbsp;<\/p>\n<p><strong>Kontakt:<\/strong><\/p>\n<p>E-Mail: <a href=\"mailto:tsvschott.turncamp@gmail.com\">tsvschott.turncamp@gmail.com<\/a>[\/vc_column_text][\/vc_column][\/vc_row]<\/p>\n<\/div>","protected":false},"excerpt":{"rendered":"<p>[vc_row][vc_column][vc_empty_space][vc_single_image image=&#8220;3948&#8243; img_size=&#8220;full&#8220; add_caption=&#8220;yes&#8220; alignment=&#8220;center&#8220; style=&#8220;vc_box_rounded&#8220;][\/vc_column][\/vc_row][vc_row][vc_column width=&#8220;1\/2&#8243;][vc_text_separator title=&#8220;Turncamp Fr\u00fchjahr&#8220; color=&#8220;peacoc&#8220; css=&#8220;&#8220;][vc_column_text css=&#8220;&#8220;] Der Termin f\u00fcrs Turncamp im Fr\u00fchjahr am 09.\/10. Mai 2026 [\/vc_column_text][vc_raw_html css=&#8220;&#8220;]JTNDaWZyYW1lJTIwaWQlM0QlMjI1ZWJhNmQzMTMzNjUwMDZkOWE1MjAwOTUlMjIlMjB3aWR0aCUzRCUyMjEwMCUyNSUyMiUyMGhlaWdodCUzRCUyMjE1MCUyMiUyMGNsYXNzJTNEJTIyeW9sYXdvLXdpZGdldCUyMiUyMHNyYyUzRCUyMmh0dHBzJTNBJTJGJTJGd2lkZ2V0cy55b2xhd28uZGUlMkZ3JTJGNjk4MGFiZDgyNzdjODM4N2U3NzI5NGNlJTIyJTIwZnJhbWVib3JkZXIlM0QlMjIwJTIyJTIwZGF0YS1vZmZzZXQteCUzRCUyMjUwJTIyJTIwc2Nyb2xsaW5nJTNEJTIybm8lMjIlM0UlM0MlMkZpZnJhbWUlM0UlM0NzY3JpcHQlMjB0eXBlJTNEJTIydGV4dCUyRmphdmFzY3JpcHQlMjIlMjBzcmMlM0QlMjJodHRwcyUzQSUyRiUyRndpZGdldHMueW9sYXdvLmRlJTJGYXNzZXRzJTJGc2NyaXB0LmpzJTIyJTNFJTNDJTJGc2NyaXB0JTNF[\/vc_raw_html][vc_column_text css=&#8220;&#8220;]Teilnehmer\/innen: M\u00e4dchen und Jungen des Jahrgangs 2020-2015. Vorherige Turnerfahrung und eine Mitgliedschaft beim TSV SCHOTT sind keine Voraussetzung.[\/vc_column_text][\/vc_column][vc_column width=&#8220;1\/2&#8243;][vc_text_separator title=&#8220;Turncamp Herbst&#8220; color=&#8220;peacoc&#8220; css=&#8220;&#8220;][vc_column_text css=&#8220;&#8220;] Der Herbsttermin steht aktuell noch nicht fest. [&hellip;]<\/p>\n","protected":false},"author":18,"featured_media":0,"parent":0,"menu_order":1,"comment_status":"closed","ping_status":"closed","template":"","meta":{"footnotes":""},"class_list":["post-3723","page","type-page","status-publish","hentry"],"_links":{"self":[{"href":"https:\/\/tsvschott.de\/turnen-fitness\/wp-json\/wp\/v2\/pages\/3723","targetHints":{"allow":["GET"]}}],"collection":[{"href":"https:\/\/tsvschott.de\/turnen-fitness\/wp-json\/wp\/v2\/pages"}],"about":[{"href":"https:\/\/tsvschott.de\/turnen-fitness\/wp-json\/wp\/v2\/types\/page"}],"author":[{"embeddable":true,"href":"https:\/\/tsvschott.de\/turnen-fitness\/wp-json\/wp\/v2\/users\/18"}],"replies":[{"embeddable":true,"href":"https:\/\/tsvschott.de\/turnen-fitness\/wp-json\/wp\/v2\/comments?post=3723"}],"version-history":[{"count":96,"href":"https:\/\/tsvschott.de\/turnen-fitness\/wp-json\/wp\/v2\/pages\/3723\/revisions"}],"predecessor-version":[{"id":4748,"href":"https:\/\/tsvschott.de\/turnen-fitness\/wp-json\/wp\/v2\/pages\/3723\/revisions\/4748"}],"wp:attachment":[{"href":"https:\/\/tsvschott.de\/turnen-fitness\/wp-json\/wp\/v2\/media?parent=3723"}],"curies":[{"name":"wp","href":"https:\/\/api.w.org\/{rel}","templated":true}]}}