{"id":2899,"date":"2015-08-17T15:11:02","date_gmt":"2015-08-17T13:11:02","guid":{"rendered":"http:\/\/tsvschott.de\/fussball\/?page_id=2899"},"modified":"2026-03-27T11:45:35","modified_gmt":"2026-03-27T10:45:35","slug":"start","status":"publish","type":"page","link":"https:\/\/tsvschott.de\/wintersport\/","title":{"rendered":"START"},"content":{"rendered":"<div class=\"wpb-content-wrapper\"><p>[vc_row][vc_column][vc_column_text]<\/p>\n<h1>Willkommen in der Wintersportabteilung des TSV SCHOTT Mainz<\/h1>\n<p>[\/vc_column_text][\/vc_column][\/vc_row][vc_row][vc_column width=&#8220;2\/3&#8243;][vc_empty_space height=&#8220;25px&#8220;][vc_masonry_media_grid element_width=&#8220;6&#8243; initial_loading_animation=&#8220;fadeIn&#8220; grid_id=&#8220;vc_gid:1774608236314-2c05a017a572a613cf882f4cef25817a-3&#8243; include=&#8220;3231,3229&#8243;][\/vc_column][vc_column width=&#8220;1\/3&#8243;][vc_empty_space height=&#8220;25px&#8220;][vc_column_text css=&#8220;&#8220;]<\/p>\n<h3>Abteilungsleitung &amp; Kontakt<\/h3>\n<hr \/>\n<p><strong>1. Vorsitzende:<\/strong> <a href=\"mailto:WiSpo-1Vorsitz@tsvschott.de\">Heidi R\u00f6sch<\/a><\/p>\n<p><strong>2. Vorsitzender: <\/strong><a href=\"mailto:WiSpo-2Vorsitz@tsvschott.de\">Volker Walz<\/a><\/p>\n<p><strong>Schriftf\u00fchrer:<\/strong> <a href=\"mailto:WiSpo-Schriftfuehrer@tsvschott.de\">Siegfried M. Kerscht<\/a><\/p>\n<p><strong>Kassenwartin:<\/strong> <a href=\"mailto:WiSpo-Kasse@tsvschott.de\">Olesja Schnaidt<\/a><\/p>\n<p><strong>Allgemeine Anfragen: <\/strong><a href=\"mailto:wintersport@tsvschott.de\">Wintersport<\/a>[\/vc_column_text][\/vc_column][\/vc_row][vc_row][vc_column width=&#8220;2\/3&#8243;][vc_column_text]<\/p>\n<h2 style=\"text-align: left\">Fit in den Winter<\/h2>\n<p>Vom B\u00fcro gleich auf die Piste. Das kann schmerzhaft enden. Wer im Alltag immer nur am Schreibtisch sitzt, ist beim Wintersport schnell \u00fcberfordert. Die Folge: Kreuzbandrisse, Meniskusprobleme, Knorpelsch\u00e4den oder Knochenbr\u00fcche. Allein das Wetter stellt h\u00f6here Anforderungen an den K\u00f6rper. K\u00e4lte, Nebel, Wind und Schnee belasten das Herz-Kreislauf-System und die Muskulatur. Wer fit ist, hat mehr vom Wintersport und beugt Verletzungen vor.<\/p>\n<p>Die Abteilung Wintersport des TSV SCHOTT bietet zur Vorbereitung auf die Ski-Saison nicht nur in den Wintermonaten Skigymnastik an, sondern das ganze Jahr \u00fcber Gymnastik im Sinne der Pr\u00e4vention &#8211; Gymnastik als Gesundheitstraining. Das hei\u00dft: die Gymnastik enth\u00e4lt im Wechsel Elemente aus Pilates, Yoga, R\u00fcckenfitness, Krafttraining mit Hanteln und Therab\u00e4ndern, funktionale Gymnastik &#8211; auch als Zirkeltraining, Herz-Kreislauf-\u00dcbungen wie Aerobic, Steps, Spiele,\u2026 \u00dcbungen f\u00fcr die Tiefenmuskulatur mit dem Flexi-Bar, Entspannungs\u00fcbungen, Balance-\u00dcbungen als Sturzprophylaxe, \u00dcbungen zur Bewegungskoordination\u2026 Zur Fitness von K\u00f6rper und Geist geh\u00f6rt eine regelm\u00e4\u00dfige k\u00f6rperliche Bet\u00e4tigung.<\/p>\n<p>Nat\u00fcrlich kommen auch unsere Spieleinheiten bei diesem gezielten Gesundheitstraining nicht zu kurz. Ein Volleyballtrainer sorgt f\u00fcr richtiges Pritschen und Baggern in den entsprechenden Trainingseinheiten. Alles, was der Bewegung dient, wird mit gro\u00dfer Begeisterung von den Aktiven im Rahmenprogramm der Skigymnastik angenommen.[\/vc_column_text][\/vc_column][vc_column width=&#8220;1\/3&#8243;][vc_column_text]<\/p>\n<h3>Trainingszeiten<\/h3>\n<hr \/>\n<p>[\/vc_column_text][vc_tta_tabs color=&#8220;white&#8220; active_section=&#8220;1&#8243;][vc_tta_section title=&#8220;April &#8211; September&#8220; tab_id=&#8220;1455545470448-8bad378a-4b3c&#8220;][vc_column_text css=&#8220;&#8220;]<strong>Montags:<\/strong><br \/>\nFreigel\u00e4nde&nbsp; \/ Otto-Schott-Halle (rechtes Drittel)<\/p>\n<ul>\n<li>19.00 &#8211; 20.00 Uhr:&nbsp; Gymnastik<\/li>\n<li>20.00 &#8211; 22.00 Uhr:&nbsp; ggf. Ballspiele<\/li>\n<\/ul>\n<p>&nbsp;<\/p>\n<p><strong>\u00dcbungsleiter \/-in<\/strong><br \/>\n<em>Gymnastik<\/em><br \/>\nN. N.<\/p>\n<p><em>Volleyball<\/em><br \/>\nJohannes Scheller<\/p>\n<p>&nbsp;[\/vc_column_text][\/vc_tta_section][vc_tta_section title=&#8220;Oktober &#8211; M\u00e4rz&#8220; tab_id=&#8220;1455545470630-a1fae47c-54f1&#8243;][vc_column_text css=&#8220;&#8220;]<strong>Montags:<\/strong><br \/>\nOtto-Schott-Halle (rechtes Drittel)<\/p>\n<ul>\n<li>19.30 &#8211; 20.30 Uhr:&nbsp; Gymnastik<\/li>\n<li>20.30 &#8211; 22.00 Uhr:&nbsp; ggf. Ballspiele<\/li>\n<\/ul>\n<p>&nbsp;<\/p>\n<p><strong>\u00dcbungsleiter \/-in<\/strong><br \/>\n<em>Gymnastik<\/em><br \/>\nN. N.<\/p>\n<p><em>Volleyball<\/em><br \/>\nJohannes Scheller<\/p>\n<p>&nbsp;[\/vc_column_text][\/vc_tta_section][\/vc_tta_tabs][\/vc_column][\/vc_row][vc_row][vc_column][vc_column_text]<\/p>\n<h2>Historie<\/h2>\n<p>Ein Blick in die Genese der Wintersportler zeigt den Wandel in den sportlichen Strukturen. Das Zauberwort, heute w\u00fcrde man dar\u00fcber l\u00e4cheln, hie\u00df damals Skigymnastik! In der Goetheschule bot Gerd Plachetka zweimal w\u00f6chentlich ein gezieltes Skitraining an und durch einen Zeitungsartikel publik gemacht, bewegten sich zunehmend mehr Aktive im Rhythmus der Musik. Auch Mitglieder des rheinhessischen Skiverbandes schlossen sich dem Training an und die Skigymnastik des TSV SCHOTT erlebte einen ungeahnten Aufschwung. Das Training musste aufgrund mangelnder Hallenkapazit\u00e4ten auf 100 Teilnehmer beschr\u00e4nkt werden. Mit dem Bau der vereinseigenen Halle waren diese Schwierigkeiten beseitigt.[\/vc_column_text][vc_media_grid element_width=&#8220;3&#8243; gap=&#8220;30&#8243; grid_id=&#8220;vc_gid:1774608236599-52c3a06642bed3ab67a6ce8b631016e5-3&#8243; include=&#8220;3230,3228,3233,3232&#8243;][\/vc_column][\/vc_row]<\/p>\n<\/div>","protected":false},"excerpt":{"rendered":"<p>[vc_row][vc_column][vc_column_text] Willkommen in der Wintersportabteilung des TSV SCHOTT Mainz [\/vc_column_text][\/vc_column][\/vc_row][vc_row][vc_column width=&#8220;2\/3&#8243;][vc_empty_space height=&#8220;25px&#8220;][vc_masonry_media_grid element_width=&#8220;6&#8243; initial_loading_animation=&#8220;fadeIn&#8220; grid_id=&#8220;vc_gid:1774608236314-2c05a017a572a613cf882f4cef25817a-3&#8243; include=&#8220;3231,3229&#8243;][\/vc_column][vc_column width=&#8220;1\/3&#8243;][vc_empty_space height=&#8220;25px&#8220;][vc_column_text css=&#8220;&#8220;] Abteilungsleitung &amp; Kontakt 1. Vorsitzende: Heidi R\u00f6sch 2. Vorsitzender: Volker Walz Schriftf\u00fchrer: Siegfried M. Kerscht Kassenwartin: Olesja Schnaidt Allgemeine Anfragen: Wintersport[\/vc_column_text][\/vc_column][\/vc_row][vc_row][vc_column width=&#8220;2\/3&#8243;][vc_column_text] Fit in den Winter Vom B\u00fcro gleich auf die Piste. Das kann schmerzhaft enden. [&hellip;]<\/p>\n","protected":false},"author":28,"featured_media":0,"parent":0,"menu_order":0,"comment_status":"closed","ping_status":"closed","template":"template-blank-page.php","meta":{"footnotes":""},"class_list":["post-2899","page","type-page","status-publish","hentry"],"_links":{"self":[{"href":"https:\/\/tsvschott.de\/wintersport\/wp-json\/wp\/v2\/pages\/2899","targetHints":{"allow":["GET"]}}],"collection":[{"href":"https:\/\/tsvschott.de\/wintersport\/wp-json\/wp\/v2\/pages"}],"about":[{"href":"https:\/\/tsvschott.de\/wintersport\/wp-json\/wp\/v2\/types\/page"}],"author":[{"embeddable":true,"href":"https:\/\/tsvschott.de\/wintersport\/wp-json\/wp\/v2\/users\/28"}],"replies":[{"embeddable":true,"href":"https:\/\/tsvschott.de\/wintersport\/wp-json\/wp\/v2\/comments?post=2899"}],"version-history":[{"count":77,"href":"https:\/\/tsvschott.de\/wintersport\/wp-json\/wp\/v2\/pages\/2899\/revisions"}],"predecessor-version":[{"id":3746,"href":"https:\/\/tsvschott.de\/wintersport\/wp-json\/wp\/v2\/pages\/2899\/revisions\/3746"}],"wp:attachment":[{"href":"https:\/\/tsvschott.de\/wintersport\/wp-json\/wp\/v2\/media?parent=2899"}],"curies":[{"name":"wp","href":"https:\/\/api.w.org\/{rel}","templated":true}]}}