{"id":3168,"date":"2016-02-06T18:00:22","date_gmt":"2016-02-06T17:00:22","guid":{"rendered":"http:\/\/tsvschott.de\/wintersport\/?page_id=3168"},"modified":"2016-09-27T15:45:53","modified_gmt":"2016-09-27T13:45:53","slug":"abteilungshistorie","status":"publish","type":"page","link":"https:\/\/tsvschott.de\/wintersport\/abteilungshistorie\/","title":{"rendered":"Aktivit\u00e4ten"},"content":{"rendered":"<div class=\"wpb-content-wrapper\"><p>[vc_row][vc_column][vc_tta_accordion][vc_tta_section title=&#8220;2016&#8243; tab_id=&#8220;1474983646191-ed38c28e-b438&#8243;][vc_column_text]<\/p>\n<h2>1.-Mai-Radtour 2016<\/h2>\n<p>Es ging schon mal \u201egut\u201c los. Beim Sammelpunkt am Rheinufer in H\u00f6he des Rathauses war vor Aufbruch der erste platte Hinterreifen zu versorgen. Ein Glassplitter hatte zu seiner Spontanentleerung gef\u00fchrt. Im Nullkommanichts hatten jedoch die versierten \u201eSenior-Biker\u201c Eberhard H. und Gunter S. das Problem behoben. Mit 20min\u00fctiger Verz\u00f6gerung ging es dann los, \u00fcber die Theodor-Heuss-Br\u00fccke auf die andere Rheinseite! Eine gut gelaunte Gruppe von sechs Personen machte sich auf den Weg zu einer kulturell und sportlich sehr ansprechenden Tour in Richtung Fl\u00f6rsheimer Warte. Von dort \u00fcber Bad Weilbach zur\u00fcck nach Meenz mit Abschluss auf dem Weinfest am Rheinufer.<br \/>\nDas Wetter spielte mit: den ganzen Tag \u00fcber war es sonnig bis bew\u00f6lkt \u2013 also perfekt f\u00fcr\u2019s Radeln. Gem\u00fctlich und bei guter Stimmung ging es \u00fcber die Maaraue vorbei an Kostheim Richtung Hochheim entlang des Mains. Am K\u00f6nigin-Victoria-Denkmal und in der nach ihr benannten Rheingauer Weinlage K\u00f6nigin-Victoria-Berg erfuhren wir, was es mit dem \u201eHock\u201c auf sich hat und weshalb seit 1845 gute Beziehungen zwischen den Hochheimer Winzern und dem englischen K\u00f6nigshaus bestehen.<\/p>\n<p>Weiter ging es durch die Weinberge zur St. Anna Kapelle. Die Anh\u00f6he, auf der sie steht, konnten wir nur schiebend erklimmen. Nach einem Atem beraubenden Anstieg bot sich uns eine n\u00e4mliche Aussicht hier oben.<br \/>\nNach kurzer Rast fuhren wir auf der H\u00f6he weiter Richtung Fl\u00f6rsheimer Warte. Ein Steinlabyrinth lud zur Erkundung ein und, nach erneutem steilen Anstieg, die Fl\u00f6rsheimer Warte zur Rast. Dort hatte Doris S. bereits einen Tisch f\u00fcr uns freigehalten. Gest\u00e4rkt mit\u00a0 Wein, Wasser und Bretzeln fuhren wir munter weiter zum n\u00e4chsten Highlight der Tour nach Bad Weilbach. Schwefeliger Geruch des Heilwassers empfing uns an der sehr sch\u00f6n gefassten Quelle des kleinen Kurortes, der vor dem Autobahnbau einst bessere Tage erlebt haben muss. Eine Platanenallee stand\u00a0 f\u00fcr uns Spalier und geleitete uns weiter Richtung Alt-Fl\u00f6rsheim.<\/p>\n<p>Bei Eddersheim kamen wir zur\u00fcck an den Main und kehrten an der Uferpromenade in Fl\u00f6rsheim in das Caf\u00e9-Restaurant Hirsch ein. Auf der Terrasse im Freien genossen wir den Sonnenschein, zus\u00e4tzlich interessierten sich haupts\u00e4chlich die Herren f\u00fcr die schmucken Oldtimer, die sich uns blank geputzt bei einem kleinen Fest mit Bratwurst-Stand pr\u00e4sentierten, einer Alternative zum Kaffee und Kuchen im Hirsch.<br \/>\nUnterwegs an Keramag vorbei entdeckten wir etwas versteckt liegend nahe der Gemarkung Falkenberg historische Kalkbrenn\u00f6fen. Gut restauriert und mit einem \u00dcberbau gesch\u00fctzt bietet die Anlage Einblick in die Herstellung von Kalk in fr\u00fcheren Zeiten. Was es nicht alles zu entdecken gibt!<br \/>\nBei Gustavsburg kletterten wir mit den Fahrr\u00e4dern \u00fcber den Schleusensteig auf die linke Mainseite. Nach einem Fotostopp an der Eisenbahnbr\u00fccke gelangten wir alle wohlbehalten zur\u00fcck nach Mainz. Die kleinen technischen Pannen wie Platter, Fahren mit ausgeklapptem Fahrradst\u00e4nder oder defekter Schaltung waren angesichts des Blickes auf die Mainzer Kulisse mit Dom wieder vergessen.<\/p>\n<p>Nach der R\u00fcckkehr zum Rathaus hatten wir eine Strecke von ca. 42 km zur\u00fcckgelegt, gerade richtig f\u00fcr die 1.-Mai-Radtour, sitzen die meisten doch zum ersten Mal nach dem Winter an diesem Tag auf dem Rad. Gut gelaunt lie\u00dfen wir den Tag am Rheinufer bei den 5. Mainzer Weintagen ausklingen.<br \/>\nEin gro\u00dfer Dank geht an Gunter S., der diese Radtour mit so vielen heimatkundlichen Highlights perfekt f\u00fcr uns ausgearbeitet und uns sicher und wegekundig gef\u00fchrt hat.<br \/>\nRoswitha S.<\/p>\n<p>[\/vc_column_text][\/vc_tta_section][vc_tta_section title=&#8220;2014&#8243; tab_id=&#8220;1454778173892-103b25ff-0b2b&#8220;][vc_column_text]<\/p>\n<h2>Skifreizeit in Oberjoch 2014<\/h2>\n<p>zum wiederholten Male konnte die Abt. Wintersport des TSV Schott, unter Leitung von Hanne E., im Haus Rheinland Pfalz in Oberjoch Quartier beziehen. Nach Ankunft des Gros` der Teilnehmer und dem obligaten gro\u00dfen Hallo, erhielten wir ein sehr gutes Abendessen. Im Anschluss daran versammelten wir uns am Kamin zum fr\u00f6hlichen Begr\u00fc\u00dfungsabend.<\/p>\n<p>Am folgenden Tag starteten die ersten Aktivit\u00e4ten. Wie immer gab es die unterschiedlichsten \u201ewinterlichen\u201c Interessen. Eine Gruppe, die \u201eAlpinisten\u201c, st\u00fcrmten den Berg, der \u201eLangl\u00e4ufer\u201c inspizierte die Loipe und die \u201eWanderer\u201c machten sich auf den Weg und suchten einen begehbaren Winterwanderweg.<\/p>\n<p>Am Abend gab es den ersten Teil eines von G\u00fcnter K. organisierten Badmintonturniers. Die Spiele waren recht spannend und hier und da blitzte der Ehrgeiz auf. Jeder versuchte die bestm\u00f6gliche Ausgangslage zum Erreichen der Finalrunde zu haben. Leider wurde dieser Abend dann von einem schmerzhaften Zwischenfall getr\u00fcbt. Irmi H. knickte mit dem linken Fu\u00df um und erlitt eine, laut sp\u00e4tere Diagnose, B\u00e4nderdehnung und einen B\u00e4nderanriss. Zun\u00e4chst k\u00fchlten wir mit Eispackungen, aber auf Anraten des \u201eHerrn\u201c des Hauses Rheinland Pfalz (Burkhardt), sollten wir lieber den Notarzt aufsuchen. Somit lernte Irmi das Immenst\u00e4dter Krankenhaus von innen kennen, konnte aber nach Anlegen einer schicken Gipsschiene wieder von dannen ziehen.<\/p>\n<p>Nach der R\u00fcckkehr zur Unterkunft (00:30 Uhr) warteten die meisten Teilnehmer noch, um die genaue Diagnose zu erfahren (toller Truppenzusammenhalt, \u00e1 la bonne heure).<\/p>\n<p>An den folgenden Tagen ging es dann wieder f\u00fcr die \u201eAlpinisten\u201c nach dem Motto, der Berg ruft, auf die Piste, der \u201eLangl\u00e4ufer\u201c folgte den Spuren der Loipe und die \u201eWanderer\u201c wollten nicht aufgrund Irmi\u2019s eingeschr\u00e4nkter Bewegungsfreiheit auf spazieren gehen verzichten oder sie gar evtl. alleine zuhause lassen. Ergo, Ideenreichtum ist gefragt, wurde kurzerhand im Sanit\u00e4tshaus in Sonthofen ein Rollie gemietet, und die n\u00e4chsten Tage ging es ab die Post durch Oberstdorf, F\u00fcssen, Sonthofen und sogar einmal rund um den Hopfensee.<\/p>\n<p>Nicht vergessen darf man jedoch, dass das Badmintonturnier am Dienstagabend, fortgesetzt wurde. Wieder gab es spannende Spiele und nach hartem Kampf wurde Winni S. Sieger. Im Endspiel setzte er sich, nach einem von beiden Seiten sehr gut gef\u00fchrten Spiel, gegen G\u00fcnter K. durch.<\/p>\n<p>Am Dienstag stie\u00dfen dann noch zwei Teilnehmer der Abteilung und am Mittwoch eine weitere hinzu.<\/p>\n<p>G\u00fcnter K. hat dann noch f\u00fcr den Donnerstagabend die hausinterne Kegelbahn angemietet und in der Vorbereitung einige Spiele ausgesucht, die wieder jeden Einzelnen forderte sein Bestes zu geben. Es wurde viel gelacht, gescherzt und am Ende waren sich alle einig, es war ein super Abend.<\/p>\n<p>Der darauffolgende Tag wurde von allen Teilnehmern, je nach Interessenausrichtung, nochmal voll ausgenutzt und somit hatte jeder einen tollen Abschluss dieser Freizeit.<\/p>\n<p>Was es insgesamt zum Wetter zu sagen gibt? Es war wie es sein sollte wenn Engel reisen ;-); viel Sonne, ganz selten Niederschlag; nur die Temperaturen h\u00e4tten ein wenig niedriger sein k\u00f6nnen, um richtiges Winterurlaub Feeling zu bekommen.<\/p>\n<p>Am Samstagmorgen dann setzte sich die Truppe wieder, bis auf 2 Teilnehmer die noch eine weitere Station aufsuchen wollten, in Richtung Heimat in Bewegung.<\/p>\n<p>Es war eine gelungen Freizeit, wie gewohnt f\u00fcr Jeden etwas dabei. Besonderer Dank gilt der Organisatorin Hanne E. und unserem Organisationsk\u00f6nig der Gestaltung von gemeinsamen Abendevents G\u00fcnter K.<\/p>\n<p>MH[\/vc_column_text][\/vc_tta_section][vc_tta_section title=&#8220;2013&#8243; tab_id=&#8220;1454778173892-ed8634d9-88b6&#8243;][vc_column_text]<\/p>\n<h2>&#8222;Run for children&#8220; am 29. Juni 2013 &#8211; wir waren dabei!<\/h2>\n<p>Liebe Sportler\/-innen<\/p>\n<p>hier und jetzt m\u00f6chte ich nicht weit ausholen sondern nur insoweit informieren, dass wir und damit meine ich die &#8222;Wintersport&#8220; und <strong>alle<\/strong> &#8222;friends&#8220; einen guten Platz oberhalb des Gesamtklassements erreicht haben. Mit 341 Runden liegen wir gemeinsam mit der Gruppe\u00a0\u00a0\u201eFast as Light(n)ing\u201c auf dem 34\/35.Platz von 90 Teams.<\/p>\n<p>Unsere Durchschnittsgeschwindigkeit konnten wir gegen\u00fcber den vorhergehenden Jahren 2012 und 2011 leicht verbessern und lagen somit wieder auf dem Niveau von 2008, wo wir Platz 18 von 66 Teams belegt hatten. Nur im 2007, wo wir Platz 9 von 35 Teams erreichten und im Gr\u00fcnderjahr des Events \u2013 im 2006 &#8211; waren wir noch besser und erreichten damals Platz 3 von 21 Teams.<\/p>\n<p>Allen Mitstreitern in allen Funktionen sage ich als Internetbeauftragter hiermit meinen herzlichen Dank und somit haben auch wir mit unserem Sponsor, der Schott AG, zum Erfolg des Ganzen beigetragen.<\/p>\n<p>Von Eberhard habe ich in der Zwischenzeit umfangreiches Bildmaterial erhalten.<\/p>\n<p>Dieses und auch\u00a0 das Bildmaterial von unseren Tennis-Friends aus dem Jahr 2010, welches erst jetzt zu mir gelangte, werden wir am Wochenende auswerten und einen Auschnitt davon in unserer Bildgalerie pr\u00e4sentieren.<\/p>\n<p>Hier der Link zur offiziellen RFC-Seite. Dort kann auch eingesehen werden, wem die &#8222;erlaufenen&#8220; Spendengelder zufliessen werden \ud83d\ude09<\/p>\n<p>&nbsp;<\/p>\n<p><a href=\"http:\/\/runforchildren-mainz.de\/laeufer\/ergebnislisten\">http:\/\/runforchildren-mainz.de\/laeufer\/ergebnislisten<\/a><\/p>\n<p>&nbsp;<\/p>\n<p>SMK 03.Juli 2013<\/p>\n<p>&nbsp;<\/p>\n<p>&nbsp;<\/p>\n<h2>&#8222;Radeln&#8220; am 1.Mai 2013<\/h2>\n<p>&nbsp;<\/p>\n<p>Liebe Sportler\/-innen,<\/p>\n<p>nun, es hat wieder stattgefunden, dass Radeln der Wintersportler. Einen Kameramann hat es gegeben &#8211; dem sei Dank &#8211; aber einen Berichterstatter konnte man nicht ausdeuten.<\/p>\n<p>In diesem Sinne viel Spa\u00df in der Bildgalerie.<\/p>\n<p>&nbsp;<\/p>\n<p>SMK<\/p>\n<p>&nbsp;<\/p>\n<p>&nbsp;<\/p>\n<h2>Wintersportfreizeit in Lenggries im Februar 2013<\/h2>\n<p>&nbsp;<\/p>\n<p>Liebe Sportler\/-innen<\/p>\n<p>Hier enttsteht aktuell der Bericht zur Wintersportfreizeit in Lenggries, der im Februar 2013 stattfand. Bilder zu diesem Event sind bereits in der Bildgalerie zu sehen und insofern viel Spass im Vorfeld bei der Betrachtung.<\/p>\n<p>&nbsp;<\/p>\n<p>SMK[\/vc_column_text][\/vc_tta_section][vc_tta_section title=&#8220;2012&#8243; tab_id=&#8220;1454778775881-65016a94-47ff&#8220;][vc_column_text]<\/p>\n<h2>Weihnachtsfeier 2012 des TSV Schott Abt. Wintersport<\/h2>\n<p>Am 01. Dezember war es wieder einmal soweit.<\/p>\n<p>Die schon traditionelle \u201eWeihnachtsfeier\u201c der Abteilung Wintersport fand dieses Mal als Ausflug statt. Ziel war der Weihnachtsmarkt in Bad M\u00fcnster am Stein, mit Zwischenstop in Bad Kreuznach und einer Besichtigung der R\u00f6merhalle.<\/p>\n<p>Bei idealen Wetterverh\u00e4ltnissen, trafen sich die meisten Teilnehmer am Mainzer Bahnhof.\u00a0 Ein weiterer Teil stieg in Ingelheim zu.<\/p>\n<p>F\u00fcr die in Mainz Startenden wurden preiswerte 5er-Fahrkarten gekauft. Und so hatte auch der im letzten Moment noch fast buchst\u00e4blich auf den abfahrenden Zug aufgesprungene \u201eTeilnehmer\u201c (wir wollen ihn hier Mister X nennen), ein bezahltes Pl\u00e4tzchen im Abteil und musste nicht zum Schwarzfahrer werden! Beim allgemeinen Einsteigen hatten wir ihn schon schmerzlich vermisst. Umso gr\u00f6\u00dfer war die \u00dcberraschung und das Hallo, als Mister X dann pl\u00f6tzlich wie ein Geist seelenruhig von hinten durch die hohle Gasse (pardon, durch das Abteil) kam, so als w\u00e4re es das Selbstverst\u00e4ndlichste von der Welt auf diese Weise Zug zu fahren!<br \/>\nDie 20-min\u00fctige Bahnfahrt verging wie im Fluge (nicht nur wegen Mister X).<br \/>\nIn Bad Kreuznach angekommen spazierten wir durch den herrlichen Schlosspark zur R\u00f6merhalle. Dort erwartete uns schon eine kompetente F\u00fchrerin, die uns sehr kurzweilig und voller Sachkunde die dort ausgestellten Unikate aus der Zeit ca. 400 nach Christus zeigte und erkl\u00e4rte.<\/p>\n<p>&nbsp;<\/p>\n<p>Da konnte man z.B. erfahren, dass die fr\u00fcheren \u201eHerrschaften\u201c eine \u201eMehrfach Toilette\u201c hatten. Also eine Sitzbank mit 3-4 L\u00f6chern nebeneinander. Wie wir erfahren konnten war das nicht nur ein sanit\u00e4rer, sondern auch ein kommunikativer Ort, wo dann wahrscheinlich auch so manches \u201eGro\u00dfe Gesch\u00e4fte\u201c abgewickelt wurde. Interessant war auch die Erkl\u00e4rung bez\u00fcglich des ber\u00fcchtigten DAUMEN hoch oder runter bei den Gladiatorenspielen. Entgegen landl\u00e4ufigem Wissen (oder Glauben) bedeutet Daumen nach unten NICHT den Tot des Verlierers sonder w\u00f6rtlich \u201esteck Dein Schwert in den Sand\u201c. Also der Unterlegene durfte weiterleben!<\/p>\n<p>Nach gut einer Stunde und kalten F\u00fc\u00dfen, (die Ausstellung war nur Teil\u00fcberdacht und unbeheizt), konnten wir es uns dann bei Kaffe und Kuchen im angrenzenden Kaffee Puricelli gem\u00fctlich machen.<\/p>\n<p>Der anschlie\u00dfende Fu\u00dfmarsch, entlang der Nahe nach Bad M\u00fcnster am Stein zum Weihnachtsmarkt, dauerte etwa 1 Stunde. Imposant dort bei der Ankunft war das Wahrzeichen der Stadt. Der Doppelfelsen am gegen\u00fcberliegenden Ufer. Der\/die Felsen waren von Scheinwerfern angestrahlt &#8211; ein beeindruckendes Bild.<\/p>\n<p>Wir durchstreiften in kleinen Gruppen den Markt, probierten den einen und anderen Gl\u00fchwein und nachdem man sich dann wieder zusammengefunden hatte, war die einhellige Meinung: klein aber gem\u00fctlich. Und auch Mister X schaffte es gerade noch \u2013 in Begleitung des \u201eharten Kerns\u201c &#8211; rechtzeitig zum Sammelpunkt, bevor wir uns aufmachten zum Restaurant-Hotel Krone.<br \/>\nEs wurde dort noch ein recht gem\u00fctlicher Abend mit anregenden Gespr\u00e4chen, gutem Essen (welches aus der Vereinskasse bezahlt wurde) und Getr\u00e4nken. Leider wurde dann die Zeit wegen der R\u00fcckfahrt mit dem Zug knapp, so da\u00df wir uns etwas widerstrebend auf den Weg zum Bahnhof machten. Und da die Bahn \u2013 oh Wunder \u2013 p\u00fcnktlich war, kam jeder wie geplant zu seinem Heimatbahnhof zur\u00fcck.<\/p>\n<p>Die Tour war ein gelungenes Ereignis, die jedem der Teilnehmer viel Freude bereitet hatte.<\/p>\n<p>Einhelliges Fazit: Die Organisatoren hatten sich sehr viel M\u00fche geben, den Mitgliedern der Abteilung Wintersport etwas Au\u00dfergew\u00f6hnliches zu bieten.<\/p>\n<p>Ein Dankesch\u00f6n im Namen Aller!<\/p>\n<p>&nbsp;<\/p>\n<p>HR[\/vc_column_text][\/vc_tta_section][\/vc_tta_accordion][\/vc_column][\/vc_row]<\/p>\n<\/div>","protected":false},"excerpt":{"rendered":"<p>[vc_row][vc_column][vc_tta_accordion][vc_tta_section title=&#8220;2016&#8243; tab_id=&#8220;1474983646191-ed38c28e-b438&#8243;][vc_column_text] 1.-Mai-Radtour 2016 Es ging schon mal \u201egut\u201c los. Beim Sammelpunkt am Rheinufer in H\u00f6he des Rathauses war vor Aufbruch der erste platte Hinterreifen zu versorgen. Ein Glassplitter hatte zu seiner Spontanentleerung gef\u00fchrt. Im Nullkommanichts hatten jedoch die versierten \u201eSenior-Biker\u201c Eberhard H. und Gunter S. das Problem behoben. Mit 20min\u00fctiger Verz\u00f6gerung ging es [&hellip;]<\/p>\n","protected":false},"author":28,"featured_media":0,"parent":0,"menu_order":0,"comment_status":"closed","ping_status":"closed","template":"single\/single-extra.php","meta":{"footnotes":""},"class_list":["post-3168","page","type-page","status-publish","hentry"],"_links":{"self":[{"href":"https:\/\/tsvschott.de\/wintersport\/wp-json\/wp\/v2\/pages\/3168","targetHints":{"allow":["GET"]}}],"collection":[{"href":"https:\/\/tsvschott.de\/wintersport\/wp-json\/wp\/v2\/pages"}],"about":[{"href":"https:\/\/tsvschott.de\/wintersport\/wp-json\/wp\/v2\/types\/page"}],"author":[{"embeddable":true,"href":"https:\/\/tsvschott.de\/wintersport\/wp-json\/wp\/v2\/users\/28"}],"replies":[{"embeddable":true,"href":"https:\/\/tsvschott.de\/wintersport\/wp-json\/wp\/v2\/comments?post=3168"}],"version-history":[{"count":10,"href":"https:\/\/tsvschott.de\/wintersport\/wp-json\/wp\/v2\/pages\/3168\/revisions"}],"predecessor-version":[{"id":3311,"href":"https:\/\/tsvschott.de\/wintersport\/wp-json\/wp\/v2\/pages\/3168\/revisions\/3311"}],"wp:attachment":[{"href":"https:\/\/tsvschott.de\/wintersport\/wp-json\/wp\/v2\/media?parent=3168"}],"curies":[{"name":"wp","href":"https:\/\/api.w.org\/{rel}","templated":true}]}}